{"id":9646,"date":"2025-01-27T15:37:08","date_gmt":"2025-01-27T14:37:08","guid":{"rendered":"https:\/\/finatnew.newhosting.intellijam.com\/prodotto\/adesivo-epossidico-3m-scotch-weld-dp100-plus\/"},"modified":"2026-01-09T14:02:37","modified_gmt":"2026-01-09T13:02:37","slug":"adesivo-epossidico-3m-scotch-weld-dp100-plus","status":"publish","type":"product","link":"https:\/\/finatsrl.it\/de\/product\/adesivo-epossidico-3m-scotch-weld-dp100-plus\/","title":{"rendered":"Adesivo epossidico 3M Scotch-Weld DP100 Plus"},"content":{"rendered":"<div class=\"product-bullet-block\">\n<div class=\"bullet n1\">Adesivo molto flessibile che fornisce legami forti e permanenti anche quando \u00e8 soggetto a vibrazioni e urti<\/div>\n<div class=\"bullet n2\">Buona resistenza al taglio e alla pelatura<\/div>\n<div class=\"bullet n3\">La flessibilit\u00e0 una volta polimerizzato, lo rende una buona scelta per l&#8217;incollaggio di superfici dissimili<\/div>\n<div class=\"bullet n4\">Incolla metalli, ceramiche, vetro e altre superfici dissimili<\/div>\n<div class=\"bullet n5\">vita utile di 4 minuti, manipolabile in 20 minuti<\/div>\n<div class=\"bullet n6\"><\/div>\n<div class=\"bullet n7\"><\/div>\n<\/div>\n<div class=\"product-description-block\">\n<div class=\"short\">L&#8217;adesivo epossidico 3M Scotch-Weld DP100 Plus \u00e8 un adesivo bicomponente molto flessibile, a presa rapida, che polimerizza e rimane trasparente anche se polimerizzato in grandi masse. Questa resina epossidica rimane limpida, ma non incolore se polimerizzata in grandi masse.<\/div>\n<div class=\"extended\">Adesivo epossidico bicomponente molto flessibile, a presa rapida, che indurisce e rimane trasparente anche se polimerizzato in grandi masse.<\/div>\n<\/div>\n","protected":false},"excerpt":{"rendered":"<p>L&#8217;adesivo epossidico 3M Scotch-Weld DP100 Plus \u00e8 un adesivo bicomponente molto flessibile, a presa rapida, che polimerizza e rimane trasparente anche se polimerizzato in grandi masse. Questa resina epossidica rimane limpida, ma non incolore se polimerizzata in grandi masse.<\/p>\n","protected":false},"featured_media":7588,"template":"","meta":{"_acf_changed":false},"product_brand":[3346],"product_cat":[29,288],"product_tag":[3338,3367,3347,1492,1135,1589,1579,1571,1590,1167,1587,1586,1588,1494,1583,1931,1581,1580,1582,1584,1142,1591,1525,1585,1159,1495],"class_list":{"0":"post-9646","1":"product","2":"type-product","3":"status-publish","4":"has-post-thumbnail","6":"product_brand-scotch-weld","7":"product_cat-adesivi-e-nastri-industriali","8":"product_cat-adesivi-strutturali","9":"product_tag-3m","10":"product_tag-adesivo-epossidico","11":"product_tag-adesivo-strutturale","12":"product_tag-automotive","13":"product_tag-bicomponente","14":"product_tag-commercio-e-servizi","15":"product_tag-dp100-plus","16":"product_tag-elettronica","17":"product_tag-energia","18":"product_tag-flessibile","19":"product_tag-incolla-ceramiche","20":"product_tag-incolla-metalli","21":"product_tag-incolla-vetro","22":"product_tag-industria","23":"product_tag-legami-forti","24":"product_tag-manutenzione-industriale","25":"product_tag-polimerizza","26":"product_tag-presa-rapida","27":"product_tag-resina-epossidica","28":"product_tag-resistenza-al-taglio","29":"product_tag-resistenza-alla-pelatura","30":"product_tag-riparazioni-industriali","31":"product_tag-scotch-weld","32":"product_tag-superfici-dissimili","33":"product_tag-trasparente","34":"product_tag-trasporti","36":"first","37":"instock","38":"product-type-simple"},"acf":{"short_description":"L'adesivo epossidico 3M Scotch-Weld DP100 Plus \u00e8 la soluzione ideale per unire materiali in modo resistente e duraturo. Perfetto per applicazioni industriali che richiedono prestazioni elevate.","long_description":"L'adesivo epossidico 3M Scotch-Weld DP100 Plus \u00e8 un prodotto all'avanguardia progettato per offrire prestazioni superiori nelle applicazioni industriali. Grazie alla sua formulazione epossidica, questo adesivo garantisce un legame straordinariamente forte e duraturo tra vari materiali, inclusi metallo, plastica, e legno. Con un tempo di indurimento rapido, \u00e8 ideale per chi cerca efficienza senza compromettere la qualit\u00e0.\r\n\r\nLa versatilit\u00e0 del 3M Scotch-Weld DP100 Plus lo rende perfetto per un'ampia gamma di applicazioni, dalle riparazioni agli assemblaggi industriali. La sua resistenza agli agenti chimici e alle alte temperature aumenta la sua affidabilit\u00e0 anche in condizioni difficili.\r\n\r\nInoltre, \u00e8 progettato per una facile applicazione, con una consistenza che permette di lavorare con precisione, riducendo al minimo gli sprechi. L'adesivo epossidico offre anche un'ottima adesione su superfici porose e non porose, garantendo risultati eccellenti in ogni situazione.\r\n\r\nScegliendo il 3M Scotch-Weld DP100 Plus, non solo investi in un prodotto di alta qualit\u00e0, ma anche in una soluzione che supporta la tua produttivit\u00e0 e efficienza. Grazie alla sua formulazione innovativa, questo adesivo \u00e8 in grado di superare le aspettative, rendendolo un elemento indispensabile nel tuo arsenale di adesivi e nastri industriali.","feature_1":"Formulazione epossidica per una resistenza superiore","feature_2":"Indurimento rapido per massimizzare l'efficienza","feature_3":"Versatile: adatta a metallo, plastica e legno","feature_4":"Resistente agli agenti chimici e alle alte temperature","feature_5":"Ottima adesione su superfici porose e non porose","feature_6":"Facile da applicare, riduce gli sprechi","feature_7":"Ideale per assemblaggi e riparazioni industriali","feature_8":"Prestazioni elevate in condizioni difficili","feature_9":"Compatibile con diversi materiali e applicazioni","feature_10":"Prodotto certificato per standard industriali"},"_links":{"self":[{"href":"https:\/\/finatsrl.it\/de\/wp-json\/wp\/v2\/product\/9646","targetHints":{"allow":["GET"]}}],"collection":[{"href":"https:\/\/finatsrl.it\/de\/wp-json\/wp\/v2\/product"}],"about":[{"href":"https:\/\/finatsrl.it\/de\/wp-json\/wp\/v2\/types\/product"}],"wp:featuredmedia":[{"embeddable":true,"href":"https:\/\/finatsrl.it\/de\/wp-json\/wp\/v2\/media\/7588"}],"wp:attachment":[{"href":"https:\/\/finatsrl.it\/de\/wp-json\/wp\/v2\/media?parent=9646"}],"wp:term":[{"taxonomy":"product_brand","embeddable":true,"href":"https:\/\/finatsrl.it\/de\/wp-json\/wp\/v2\/product_brand?post=9646"},{"taxonomy":"product_cat","embeddable":true,"href":"https:\/\/finatsrl.it\/de\/wp-json\/wp\/v2\/product_cat?post=9646"},{"taxonomy":"product_tag","embeddable":true,"href":"https:\/\/finatsrl.it\/de\/wp-json\/wp\/v2\/product_tag?post=9646"}],"curies":[{"name":"wp","href":"https:\/\/api.w.org\/{rel}","templated":true}]}}