{"id":9592,"date":"2025-02-01T10:31:13","date_gmt":"2025-02-01T09:31:13","guid":{"rendered":"https:\/\/finatnew.newhosting.intellijam.com\/prodotto\/materiale-etichetta-foglio-e-schermo-3m-7909s\/"},"modified":"2025-11-04T14:54:41","modified_gmt":"2025-11-04T13:54:41","slug":"materiale-etichetta-foglio-e-schermo-3m-7909s","status":"publish","type":"product","link":"https:\/\/finatsrl.it\/de\/product\/materiale-etichetta-foglio-e-schermo-3m-7909s\/","title":{"rendered":"Materiale etichetta foglio e schermo 3M 7909S"},"content":{"rendered":"<div class=\"product-bullet-block\">\n<div class=\"bullet n1\">Il liner permette una facile fustellatura in foglio<\/div>\n<div class=\"bullet n2\">Il retro del liner non \u00e8 stampabile<\/div>\n<div class=\"bullet n3\">Riconosciuto UL file MH11410, certificato CSA Group file 99316<\/div>\n<div class=\"bullet n4\"><\/div>\n<div class=\"bullet n5\">Le applicazioni tipiche delle etichette ad alte prestazioni 3m comprendono tracciatura di codici a barre, tracciatura, etichette a trasferimento termico, stampa di informazioni variabili (VIP), marchi ed etichette di istruzioni, etichette di avvertimento, decalcomanie permanenti, protezione e mascheratura di superfici, laminatura superiore, protezione UV, indicazione delle manomissioni, etichette distruttibili, messaggi di annullamento, riduzione delle frodi, laminatura, unione e grafica di finestre digitali.<\/div>\n<div class=\"bullet n6\"><\/div>\n<div class=\"bullet n7\"><\/div>\n<\/div>\n<div class=\"product-description-block\">\n<div class=\"short\">Il Materiale per etichette in pellicola 3M 7909 \u00e8 un materiale durevole e ad alte prestazioni che offre eccellente stabilit\u00e0 termica e resistenza all&#8217;umidit\u00e0 e agli agenti chimici.<\/div>\n<div class=\"extended\">Questo materiale utilizza l&#8217;Adesivo 3M 350, progettato per aderire in modo permanente a plastiche ad alta e bassa energia superficiale, superfici testurizzate e sagomate, rivestimenti in polvere e metalli leggermente oleosi.<\/div>\n<\/div>\n","protected":false},"excerpt":{"rendered":"<p>Il Materiale per etichette in pellicola 3M 7909 \u00e8 un materiale durevole e ad alte prestazioni che offre eccellente stabilit\u00e0 termica e resistenza all&#8217;umidit\u00e0 e agli agenti chimici.<\/p>\n","protected":false},"featured_media":12739,"template":"","meta":{"_acf_changed":false},"product_brand":[3337],"product_cat":[1053,1468],"product_tag":[3753],"class_list":{"0":"post-9592","1":"product","2":"type-product","3":"status-publish","4":"has-post-thumbnail","6":"product_brand-3m","7":"product_cat-industrial-adhesives-tapes-fr","8":"product_cat-durable-labels-fr","9":"product_tag-nastro-biadesivobiadesivo-acriliconastro-biadesivo-resistenteviscoelastico","10":"pa_colore-argento","12":"first","13":"instock","14":"product-type-simple"},"acf":{"short_description":"Il materiale etichetta foglio e schermo 3M 7909S offre prestazioni superiori per etichette durevoli e resistenti. Ideale per applicazioni industriali, garantisce un'adesione eccellente e una lunga durata.","long_description":"<p>Il materiale etichetta foglio e schermo 3M 7909S \u00e8 progettato per soddisfare le esigenze delle applicazioni industriali pi\u00f9 esigenti. Con un adesivo acrilico ad alte prestazioni, questo prodotto garantisce un'adesione forte e duratura su una vasta gamma di superfici, rendendolo ideale per la creazione di etichette durevoli. La sua formulazione speciale permette di resistere a condizioni ambientali estreme, inclusi umidit\u00e0 e temperature variabili, assicurando che le informazioni rimangano leggibili e ben visibili nel tempo.<\/p>\n<p>La versatilit\u00e0 del 3M 7909S lo rende perfetto per applicazioni su fogli e schermi, adattandosi facilmente a diverse esigenze di etichettatura. La finitura argento350 conferisce un aspetto professionale e moderno, rendendo le etichette non solo funzionali ma anche esteticamente gradevoli. Questo materiale \u00e8 stato testato per garantire una resistenza all'abrasione e una durata superiore, riducendo il rischio di danneggiamento o usura delle etichette nel tempo.<\/p>\n<p>Inoltre, il materiale etichetta 3M 7909S \u00e8 facile da applicare, con una tecnologia avanzata che permette di ottenere un'aderenza perfetta senza bolle d'aria o pieghe. La sua compatibilit\u00e0 con diverse stampanti rende questo prodotto un'ottima scelta per le aziende che cercano efficienza e qualit\u00e0 nella produzione di etichette.<\/p>\n<p>Scegliere il 3M 7909S significa investire in uno strumento affidabile e durevole per le tue esigenze di etichettatura industriale. Con caratteristiche progettate per offrire prestazioni superiori, questo materiale rappresenta una soluzione innovativa per chi cerca etichette resistenti e di alta qualit\u00e0.<\/p>","feature_1":"Adesivo acrilico ad alte prestazioni per un'adesione superiore","feature_2":"Finitura argento350 per un aspetto professionale","feature_3":"Resistente all'umidit\u00e0 e alle temperature variabili","feature_4":"Design versatile per applicazioni su fogli e schermi","feature_5":"Resistenza all'abrasione per una durata prolungata","feature_6":"Facile applicazione senza bolle d'aria","feature_7":"Compatibile con una vasta gamma di stampanti","feature_8":"Etichette stampabili per personalizzazione","feature_9":"Riduzione del rischio di danneggiamento delle etichette","feature_10":"Ideale per applicazioni industriali esigenti"},"_links":{"self":[{"href":"https:\/\/finatsrl.it\/de\/wp-json\/wp\/v2\/product\/9592","targetHints":{"allow":["GET"]}}],"collection":[{"href":"https:\/\/finatsrl.it\/de\/wp-json\/wp\/v2\/product"}],"about":[{"href":"https:\/\/finatsrl.it\/de\/wp-json\/wp\/v2\/types\/product"}],"wp:featuredmedia":[{"embeddable":true,"href":"https:\/\/finatsrl.it\/de\/wp-json\/wp\/v2\/media\/12739"}],"wp:attachment":[{"href":"https:\/\/finatsrl.it\/de\/wp-json\/wp\/v2\/media?parent=9592"}],"wp:term":[{"taxonomy":"product_brand","embeddable":true,"href":"https:\/\/finatsrl.it\/de\/wp-json\/wp\/v2\/product_brand?post=9592"},{"taxonomy":"product_cat","embeddable":true,"href":"https:\/\/finatsrl.it\/de\/wp-json\/wp\/v2\/product_cat?post=9592"},{"taxonomy":"product_tag","embeddable":true,"href":"https:\/\/finatsrl.it\/de\/wp-json\/wp\/v2\/product_tag?post=9592"}],"curies":[{"name":"wp","href":"https:\/\/api.w.org\/{rel}","templated":true}]}}