{"id":12500,"date":"2025-01-27T15:55:18","date_gmt":"2025-01-27T14:55:18","guid":{"rendered":"https:\/\/finatnew.newhosting.intellijam.com\/prodotto\/nastro-biadesivo-con-elevata-resistenza-alla-temperatura-3m-9077\/"},"modified":"2025-11-26T12:10:41","modified_gmt":"2025-11-26T11:10:41","slug":"nastro-biadesivo-con-elevata-resistenza-alla-temperatura-3m-9077","status":"publish","type":"product","link":"https:\/\/finatsrl.it\/de\/product\/nastro-biadesivo-con-elevata-resistenza-alla-temperatura-3m-9077\/","title":{"rendered":"Nastro biadesivo con elevata resistenza alla temperatura 3M 9077"},"content":{"rendered":"<div class=\"product-bullet-block\">\n<div class=\"bullet n1\">L&#8217;adesivo ad alta temperatura e il liner di rilascio sopravvivono all&#8217;esposizione a breve termine a 500&deg;F\/260&deg;C per il riflusso della saldatura senza piombo<\/div>\n<div class=\"bullet n2\">Mantiene un&#8217;elevata forza di adesione alle alte temperature, eccellente per lavorazioni ad alta intensit&agrave; di calore<\/div>\n<div class=\"bullet n3\">Ideale per fissaggi di circuiti stampati flessibili (FPC) e metalli HSE<\/div>\n<div class=\"bullet n4\"><\/div>\n<div class=\"bullet n5\"><\/div>\n<div class=\"bullet n6\"><\/div>\n<div class=\"bullet n7\"><\/div>\n<\/div>\n<div class=\"product-description-block\">\n<div class=\"short\">Il nastro biadesivo per alta temperatura 9077 &egrave; un nastro biadesivo trasparente da 2,0 mil progettato per un&#8217;adesione continua in ambienti ad alta temperatura fino a 500&deg;F\/260&deg;C. &Egrave; dotato di un adesivo acrilico ad altissima temperatura 3M da 2 mil 100HT, eccellente per l&#8217;uso in fissaggi FPC e per metalli HSE. Una fodera in tessuto non tessuto resistente al calore da 3,6 mil aggiunge stabilit&agrave; per la fustellatura e la conversione.<\/div>\n<div class=\"extended\"><\/div>\n<\/div>\n","protected":false},"excerpt":{"rendered":"<p>Il nastro biadesivo per alta temperatura 9077 &egrave; un nastro biadesivo trasparente da 2,0 mil progettato per un&#8217;adesione continua in ambienti ad alta temperatura fino a 500&deg;F\/260&deg;C. &Egrave; dotato di un adesivo acrilico ad altissima temperatura 3M da 2 mil 100HT, eccellente per l&#8217;uso in fissaggi FPC e per metalli HSE. Una fodera in tessuto non tessuto resistente al calore da 3,6 mil aggiunge stabilit&agrave; per la fustellatura e la conversione.<\/p>\n","protected":false},"featured_media":9551,"template":"","meta":{"_acf_changed":false},"product_brand":[3337],"product_cat":[1053,1061],"product_tag":[1248,1101],"class_list":{"0":"post-12500","1":"product","2":"type-product","3":"status-publish","4":"has-post-thumbnail","6":"product_brand-3m","7":"product_cat-industrial-adhesives-tapes-fr","8":"product_cat-electronics-bonding-fr","9":"product_tag-nastro","10":"product_tag-nastro-biadesivo","11":"pa_colore-trasparente","13":"first","14":"instock","15":"product-type-simple"},"acf":{"short_description":"Il nastro biadesivo 3M 9077 garantisce un'adesione robusta e duratura, perfetta per applicazioni industriali e elettroniche. Resistente a temperature elevate, \u00e8 la scelta ideale per i professionisti.","long_description":"<p>Il nastro biadesivo con elevata resistenza alla temperatura 3M 9077 rappresenta una soluzione innovativa per le esigenze di incollaggio in ambito industriale ed elettronico. Realizzato con materiali di alta qualit\u00e0, questo nastro offre prestazioni superiori in condizioni di calore e umidit\u00e0, rendendolo perfetto per applicazioni che richiedono affidabilit\u00e0 e durata. La sua capacit\u00e0 di resistere a temperature fino a 149\u00b0C (300\u00b0F) lo rende unico nel suo genere, particolarmente utile per processi di produzione e assemblaggio di componenti elettronici e industriali.<\/p>\n<p>La struttura del nastro \u00e8 progettata per garantire un'adesione immediata e duratura su una vasta gamma di superfici, inclusi metalli, plastica e vetro, senza compromettere la qualit\u00e0 del materiale. Inoltre, la sua versatilit\u00e0 lo rende adatto per l'uso in settori come l'automotive, l'elettronica e l'edilizia, dove \u00e8 fondamentale avere un nastro che non si deteriori nel tempo.<\/p>\n<p>Grazie alla sua facilit\u00e0 d'uso, il nastro biadesivo 3M 9077 \u00e8 semplice da applicare e riduce i tempi di lavoro, aumentando cos\u00ec l'efficienza produttiva. La sua adesione forte e la resistenza agli agenti atmosferici lo rendono ideale anche per applicazioni esterne. Scegliere il nastro biadesivo 3M 9077 significa optare per un prodotto di alta qualit\u00e0 che soddisfa le aspettative pi\u00f9 elevate e garantisce risultati eccellenti.<\/p>","feature_1":"Resistenza a temperature fino a 149\u00b0C (300\u00b0F)","feature_2":"Adesione rapida e duratura su diverse superfici","feature_3":"Ideale per applicazioni elettroniche e industriali","feature_4":"Facile da applicare e rimuovere senza residui","feature_5":"Ottima resistenza all'umidit\u00e0 e agli agenti atmosferici","feature_6":"Perfetto per l'assemblaggio di componenti metallici e plastici","feature_7":"Riduce i tempi di lavoro grazie alla sua facilit\u00e0 d'uso","feature_8":"Compatibile con processi di produzione automatizzati","feature_9":"Non deteriora nel tempo, garantendo performance stabili","feature_10":"Certificato per applicazioni in ambienti critici e sensibili"},"_links":{"self":[{"href":"https:\/\/finatsrl.it\/de\/wp-json\/wp\/v2\/product\/12500","targetHints":{"allow":["GET"]}}],"collection":[{"href":"https:\/\/finatsrl.it\/de\/wp-json\/wp\/v2\/product"}],"about":[{"href":"https:\/\/finatsrl.it\/de\/wp-json\/wp\/v2\/types\/product"}],"wp:featuredmedia":[{"embeddable":true,"href":"https:\/\/finatsrl.it\/de\/wp-json\/wp\/v2\/media\/9551"}],"wp:attachment":[{"href":"https:\/\/finatsrl.it\/de\/wp-json\/wp\/v2\/media?parent=12500"}],"wp:term":[{"taxonomy":"product_brand","embeddable":true,"href":"https:\/\/finatsrl.it\/de\/wp-json\/wp\/v2\/product_brand?post=12500"},{"taxonomy":"product_cat","embeddable":true,"href":"https:\/\/finatsrl.it\/de\/wp-json\/wp\/v2\/product_cat?post=12500"},{"taxonomy":"product_tag","embeddable":true,"href":"https:\/\/finatsrl.it\/de\/wp-json\/wp\/v2\/product_tag?post=12500"}],"curies":[{"name":"wp","href":"https:\/\/api.w.org\/{rel}","templated":true}]}}