{"id":12484,"date":"2025-01-27T15:55:18","date_gmt":"2025-01-27T14:55:18","guid":{"rendered":"https:\/\/finatnew.newhosting.intellijam.com\/prodotto\/materiale-per-etichette-in-pellicola-3m-7908fl\/"},"modified":"2025-11-26T12:10:40","modified_gmt":"2025-11-26T11:10:40","slug":"materiale-per-etichette-in-pellicola-3m-7908fl","status":"publish","type":"product","link":"https:\/\/finatsrl.it\/de\/product\/materiale-per-etichette-in-pellicola-3m-7908fl\/","title":{"rendered":"Materiale per etichette in pellicola 3M 7908FL"},"content":{"rendered":"<div class=\"product-bullet-block\">\n<div class=\"bullet n1\">Frontale con strato trasparente per un migliore ancoraggio dell&#8217;inchiostro<\/div>\n<div class=\"bullet n2\">Informazioni variabili possono essere aggiunte dall&#8217;utente finale in quanto il materiale \u00e8 stampabile a trasferimento termico<\/div>\n<div class=\"bullet n3\">Il liner fornisce una facile lavorazione del foglio ed \u00e8 progettato per applicazioni layflat che richiedono la modanatura di adesivi bombati<\/div>\n<div class=\"bullet n4\">Materiale per etichette in pellicola 3M 7908FL \u00e8 riconosciuto UL (File MH16411) e approvato CSA (File 99316). Per i dettagli, vedere i file UL e CSA<\/div>\n<div class=\"bullet n5\"><\/div>\n<div class=\"bullet n6\"><\/div>\n<div class=\"bullet n7\"><\/div>\n<\/div>\n<div class=\"product-description-block\">\n<div class=\"short\">Materiale per etichette in pellicola 3M 7908FL \u00e8 un materiale durevole e ad alte prestazioni che offre eccellente stabilit\u00e0 termica e resistenza all&#8217;umidit\u00e0 e agli agenti chimici.<\/div>\n<div class=\"extended\">Questo materiale utilizza l&#8217;adesivo 3M 350, progettato per aderire in modo permanente a plastiche ad alta e bassa energia superficiale, superfici testurizzate e sagomate, rivestimenti in polvere e metalli leggermente oleosi.<\/div>\n<\/div>\n","protected":false},"excerpt":{"rendered":"<p>Materiale per etichette in pellicola 3M 7908FL \u00e8 un materiale durevole e ad alte prestazioni che offre eccellente stabilit\u00e0 termica e resistenza all&#8217;umidit\u00e0 e agli agenti chimici.<\/p>\n","protected":false},"featured_media":9517,"template":"","meta":{"_acf_changed":false},"product_brand":[3337],"product_cat":[29,1087],"product_tag":[1180,1101,1181,1182],"class_list":{"0":"post-12484","1":"product","2":"type-product","3":"status-publish","4":"has-post-thumbnail","6":"product_brand-3m","7":"product_cat-adesivi-e-nastri-industriali","8":"product_cat-etichette-durevoli","9":"product_tag-biadesivo-acrilico","10":"product_tag-nastro-biadesivo","11":"product_tag-nastro-biadesivo-resistente","12":"product_tag-viscoelastico","14":"first","15":"instock","16":"product-type-simple"},"acf":{"short_description":"Il materiale per etichette in pellicola 3M 7908FL offre un'eccezionale resistenza e versatilit\u00e0, ideale per ogni applicazione industriale. Scopri la qualit\u00e0 Finat SRL!","long_description":"<p>Il materiale per etichette in pellicola 3M 7908FL rappresenta una scelta eccellente per le vostre esigenze di etichettatura industriale. Grazie alla sua formulazione innovativa, questo materiale offre una combinazione unica di durabilit\u00e0, adesivit\u00e0 e versatilit\u00e0, rendendolo perfetto per una vasta gamma di applicazioni. La pellicola 3M 7908FL \u00e8 progettata per resistere a condizioni ambientali estreme, garantendo che le etichette mantengano la loro leggibilit\u00e0 e adesione anche in situazioni di umidit\u00e0, calore e esposizione a sostanze chimiche.<\/p>\n<p>Questo materiale \u00e8 particolarmente adatto per l'uso in ambienti industriali dove la qualit\u00e0 \u00e8 fondamentale. Le etichette create con il 3M 7908FL sono resistenti all'usura e allo strappo, assicurando che rimangano intatte anche dopo un uso prolungato. Inoltre, la facilit\u00e0 di stampa e di applicazione rende questo prodotto ideale per le aziende che necessitano di etichettatura rapida e efficace.<\/p>\n<p>Utilizzando il materiale per etichette in pellicola 3M 7908FL, non solo potete migliorare l'efficienza delle vostre operazioni, ma anche garantire una presentazione professionale dei vostri prodotti. La compatibilit\u00e0 con diverse tecnologie di stampa, tra cui la stampa digitale e offset, offre una flessibilit\u00e0 senza pari, permettendo di personalizzare le etichette secondo le vostre esigenze specifiche. Scegliere Finat SRL significa optare per la qualit\u00e0 e l'affidabilit\u00e0, assicurando che le vostre etichette siano non solo esteticamente gradevoli, ma anche funzionali e durature nel tempo.<\/p>","feature_1":"Resistenza all'umidit\u00e0: mantiene l'adesione anche in ambienti umidi.","feature_2":"Resistenza ai solventi: protetto da sostanze chimiche aggressive.","feature_3":"Durabilit\u00e0: etichette progettate per durare nel tempo senza sbiadire.","feature_4":"Facilit\u00e0 di applicazione: compatibile con diverse tecniche di applicazione.","feature_5":"Compatibilit\u00e0 di stampa: adatto per stampa digitale e offset.","feature_6":"Adesione forte: garantisce una perfetta adesione su varie superfici.","feature_7":"Flessibilit\u00e0: pu\u00f2 essere utilizzato su superfici curve e irregolari.","feature_8":"Resistenza all'usura: progettato per resistere a graffi e abrasioni.","feature_9":"Visibilit\u00e0 eccellente: ottima leggibilit\u00e0 anche in condizioni di scarsa illuminazione.","feature_10":"Sostenibilit\u00e0: prodotto realizzato con materiali riciclabili."},"_links":{"self":[{"href":"https:\/\/finatsrl.it\/de\/wp-json\/wp\/v2\/product\/12484","targetHints":{"allow":["GET"]}}],"collection":[{"href":"https:\/\/finatsrl.it\/de\/wp-json\/wp\/v2\/product"}],"about":[{"href":"https:\/\/finatsrl.it\/de\/wp-json\/wp\/v2\/types\/product"}],"wp:featuredmedia":[{"embeddable":true,"href":"https:\/\/finatsrl.it\/de\/wp-json\/wp\/v2\/media\/9517"}],"wp:attachment":[{"href":"https:\/\/finatsrl.it\/de\/wp-json\/wp\/v2\/media?parent=12484"}],"wp:term":[{"taxonomy":"product_brand","embeddable":true,"href":"https:\/\/finatsrl.it\/de\/wp-json\/wp\/v2\/product_brand?post=12484"},{"taxonomy":"product_cat","embeddable":true,"href":"https:\/\/finatsrl.it\/de\/wp-json\/wp\/v2\/product_cat?post=12484"},{"taxonomy":"product_tag","embeddable":true,"href":"https:\/\/finatsrl.it\/de\/wp-json\/wp\/v2\/product_tag?post=12484"}],"curies":[{"name":"wp","href":"https:\/\/api.w.org\/{rel}","templated":true}]}}