{"id":12469,"date":"2025-01-27T15:54:56","date_gmt":"2025-01-27T14:54:56","guid":{"rendered":"https:\/\/finatnew.newhosting.intellijam.com\/prodotto\/materiali-per-etichette-antimanomissione-3m-7935\/"},"modified":"2025-11-26T12:10:38","modified_gmt":"2025-11-26T11:10:38","slug":"materiali-per-etichette-antimanomissione-3m-7935","status":"publish","type":"product","link":"https:\/\/finatsrl.it\/de\/product\/materiali-per-etichette-antimanomissione-3m-7935\/","title":{"rendered":"Materiali per etichette antimanomissione 3M 7935"},"content":{"rendered":"<div class=\"product-bullet-block\">\n<div class=\"bullet n1\">Questo prodotto \u00e8 stato progettato per le applicazioni di etichettatura che richiedono una buona resistenza alla manomissione<\/div>\n<div class=\"bullet n2\">I frontali distruttibili e non distruttibili includono carta, vinile, acetato e poliestere per un uso e una lavorazione affidabili<\/div>\n<div class=\"bullet n3\">La gamma di adesivi acrilici \u00e8 progettata per offrire resistenza, aderenza e visibilit\u00e0 su un&#8217;ampia gamma di superfici<\/div>\n<div class=\"bullet n4\">Rivestimenti, colori e motivi aiutano a soddisfare diverse specifiche di progettazione e processi di stampa<\/div>\n<div class=\"bullet n5\">I liner PK, PCK, glassine o supercalandrati sono perfetti per la fustellatura e altre lavorazioni<\/div>\n<div class=\"bullet n6\"><\/div>\n<div class=\"bullet n7\"><\/div>\n<\/div>\n<div class=\"product-description-block\">\n<div class=\"short\">I materiali per etichette antimanomissione 3M sono disponibili in una gamma completa di materiali, modelli e colori per specifiche esigenze di etichettatura antimanomissione.<\/div>\n<div class=\"extended\">I frontali distruttibili e non distruttibili tra cui carta, vinile, acetato e poliestere e gli adesivi sono formulati per una variet\u00e0 di superfici, comprese le poliolefine. I liner in carta rinforzata aggiungono stabilit\u00e0 dimensionale durante la lavorazione.<\/div>\n<\/div>\n","protected":false},"excerpt":{"rendered":"<p>I materiali per etichette antimanomissione 3M sono disponibili in una gamma completa di materiali, modelli e colori per specifiche esigenze di etichettatura antimanomissione.<\/p>\n","protected":false},"featured_media":8583,"template":"","meta":{"_acf_changed":false},"product_brand":[3337],"product_cat":[29,1087],"product_tag":[1236,1234,1233,1230,1235,1228,1232,1237,1231,1240],"class_list":{"0":"post-12469","1":"product","2":"type-product","3":"status-publish","4":"has-post-thumbnail","6":"product_brand-3m","7":"product_cat-adesivi-e-nastri-industriali","8":"product_cat-etichette-durevoli","9":"product_tag-etichetta-di-sicurezza","10":"product_tag-etichetta-lasergravabile","11":"product_tag-etichetta-per-termotrasferimento","12":"product_tag-etichetta-resistente-allacetone","13":"product_tag-etichetta-rimovibile","14":"product_tag-etichette","15":"product_tag-etichette-adesive","16":"product_tag-etichette-distruttibili","17":"product_tag-etichette-durevoli","18":"product_tag-marcatura-laser","19":"pa_colore-bianco","21":"first","22":"instock","23":"product-type-simple"},"acf":{"short_description":"I materiali per etichette antimanomissione 3M 7935 offrono un'eccellente protezione contro manomissioni e falsificazioni. Ideali per applicazioni industriali, garantiscono durabilit\u00e0 e sicurezza.","long_description":"<p>I materiali per etichette antimanomissione 3M 7935 sono progettati per offrire un livello superiore di sicurezza e protezione contro la manomissione. Questi materiali innovativi sono particolarmente indicati per applicazioni industriali dove la certezza dell'integrit\u00e0 del prodotto \u00e8 fondamentale. Realizzati con tecnologia avanzata, le etichette antimanomissione 3M 7935 non solo dissuadono tentativi di apertura non autorizzati, ma rendono anche visibile qualsiasi manomissione, garantendo cos\u00ec la massima tranquillit\u00e0 per il tuo business.<\/p>\n<p>Questi materiali si distinguono per la loro eccellente adesione su diverse superfici, mantenendo la loro integrit\u00e0 anche in condizioni ambientali estreme. La facilit\u00e0 di applicazione e la resistenza all\u2019acqua e agli agenti chimici ne fanno una scelta ideale per gli ambienti industriali. Inoltre, le etichette possono essere personalizzate per soddisfare specifiche esigenze aziendali, rendendo ogni soluzione unica e su misura.<\/p>\n<p>Grazie alla loro durabilit\u00e0, le etichette antimanomissione 3M 7935 sono in grado di resistere a graffi e abrasioni, garantendo una leggibilit\u00e0 a lungo termine delle informazioni stampate. Scegliere questi materiali significa investire in una soluzione che non solo protegge i tuoi prodotti, ma comunica anche professionalit\u00e0 e attenzione ai dettagli. Non lasciare nulla al caso: opta per i materiali per etichette antimanomissione 3M 7935 e assicurati che i tuoi prodotti siano sempre al sicuro.<\/p>","feature_1":"Resistenza alla manomissione: evidenzia tentativi di apertura.","feature_2":"Adesione forte: si applica facilmente su superfici diverse.","feature_3":"Durabilit\u00e0: resiste a graffi, abrasioni e usura.","feature_4":"Resistenza all'acqua: ideali per ambienti umidi.","feature_5":"Compatibilit\u00e0 chimica: resiste a sostanze chimiche comuni.","feature_6":"Personalizzazione: possibilit\u00e0 di stampare informazioni specifiche.","feature_7":"Facilit\u00e0 di applicazione: si applicano senza bolle d'aria.","feature_8":"Visibilit\u00e0: scritte chiare e leggibili nel tempo.","feature_9":"Sicurezza: aumenta la fiducia dei consumatori.","feature_10":"Innovazione: tecnologia 3M all'avanguardia."},"_links":{"self":[{"href":"https:\/\/finatsrl.it\/de\/wp-json\/wp\/v2\/product\/12469","targetHints":{"allow":["GET"]}}],"collection":[{"href":"https:\/\/finatsrl.it\/de\/wp-json\/wp\/v2\/product"}],"about":[{"href":"https:\/\/finatsrl.it\/de\/wp-json\/wp\/v2\/types\/product"}],"wp:featuredmedia":[{"embeddable":true,"href":"https:\/\/finatsrl.it\/de\/wp-json\/wp\/v2\/media\/8583"}],"wp:attachment":[{"href":"https:\/\/finatsrl.it\/de\/wp-json\/wp\/v2\/media?parent=12469"}],"wp:term":[{"taxonomy":"product_brand","embeddable":true,"href":"https:\/\/finatsrl.it\/de\/wp-json\/wp\/v2\/product_brand?post=12469"},{"taxonomy":"product_cat","embeddable":true,"href":"https:\/\/finatsrl.it\/de\/wp-json\/wp\/v2\/product_cat?post=12469"},{"taxonomy":"product_tag","embeddable":true,"href":"https:\/\/finatsrl.it\/de\/wp-json\/wp\/v2\/product_tag?post=12469"}],"curies":[{"name":"wp","href":"https:\/\/api.w.org\/{rel}","templated":true}]}}