{"id":12429,"date":"2025-01-27T15:54:56","date_gmt":"2025-01-27T14:54:56","guid":{"rendered":"https:\/\/finatnew.newhosting.intellijam.com\/prodotto\/sistema-di-fissaggio-hook-and-loop-3m-sj352b\/"},"modified":"2025-11-26T12:10:21","modified_gmt":"2025-11-26T11:10:21","slug":"sistema-di-fissaggio-hook-and-loop-3m-sj352b","status":"publish","type":"product","link":"https:\/\/finatsrl.it\/de\/product\/sistema-di-fissaggio-hook-and-loop-3m-sj352b\/","title":{"rendered":"Sistema di fissaggio Hook and Loop 3M SJ352B"},"content":{"rendered":"<div class=\"product-bullet-block\">\n<div class=\"bullet n1\">Adesivo a base di gomma ad alte prestazioni progettato per applicazioni interne che richiedono resistenza alle medie temperature<\/div>\n<div class=\"bullet n2\">Fornisce un solido legame adesivo su un&#8217;ampia variet\u00e0 di superfici<\/div>\n<div class=\"bullet n3\">Il nylon tessuto \u00e8 resistente per migliaia di chiusure<\/div>\n<div class=\"bullet n4\"><\/div>\n<div class=\"bullet n5\"><\/div>\n<div class=\"bullet n6\"><\/div>\n<div class=\"bullet n7\"><\/div>\n<\/div>\n<div class=\"product-description-block\">\n<div class=\"short\">3M Sistema di fissaggio Hook &amp; Loop SJ352B \u00e8 il nostro gancio e anello in nylon PSA bianco ad alte prestazioni con adesivo in gomma e pellicola di polipropilene bianca. Fornisce un solido legame adesivo su un&#8217;ampia variet\u00e0 di superfici, comprese molte plastiche a bassa energia superficiale e rivestimenti in polvere. \u00c8 progettato per uso interno e ha uno spessore impegnato di 4,4 mm.<\/div>\n<div class=\"extended\"><\/div>\n<\/div>\n","protected":false},"excerpt":{"rendered":"<p>3M Sistema di fissaggio Hook &amp; Loop SJ352B \u00e8 il nostro gancio e anello in nylon PSA bianco ad alte prestazioni con adesivo in gomma e pellicola di polipropilene bianca. Fornisce un solido legame adesivo su un&#8217;ampia variet\u00e0 di superfici, comprese molte plastiche a bassa energia superficiale e rivestimenti in polvere. \u00c8 progettato per uso interno e ha uno spessore impegnato di 4,4 mm.<\/p>\n","protected":false},"featured_media":9481,"template":"","meta":{"_acf_changed":false},"product_brand":[3337],"product_cat":[1053,1073],"product_tag":[1452,1450],"class_list":{"0":"post-12429","1":"product","2":"type-product","3":"status-publish","4":"has-post-thumbnail","6":"product_brand-3m","7":"product_cat-industrial-adhesives-tapes-fr","8":"product_cat-reclosable-fasteners-fr","9":"product_tag-riaccessibile","10":"product_tag-richiudibile","11":"pa_colore-bianco","12":"pa_colore-nero","14":"first","15":"instock","16":"product-type-simple"},"acf":{"short_description":"Il Sistema di fissaggio Hook and Loop 3M SJ352B offre una soluzione affidabile e versatile per tutte le tue necessit\u00e0 di giunzione. Grazie alla sua alta tenuta e alla facilit\u00e0 d'uso, \u00e8 ideale per applicazioni industriali e professionali.","long_description":"<p>Il Sistema di fissaggio Hook and Loop 3M SJ352B \u00e8 progettato per soddisfare le esigenze di fissaggio pi\u00f9 impegnative nell'ambito delle soluzioni industriali. Questo sistema offre una combinazione unica di robustezza e versatilit\u00e0, rendendolo perfetto per una vasta gamma di applicazioni, dalle pi\u00f9 leggere alle pi\u00f9 pesanti. La sua struttura in nylon di alta qualit\u00e0 garantisce una straordinaria resistenza all'usura e alla trazione, assicurando una durata nel tempo che supera le aspettative. Con un potere adesivo eccezionale, questo prodotto permette di realizzare fissaggi sicuri e affidabili, senza compromettere la facilit\u00e0 di apertura e chiusura. Grazie alla sua tecnologia Hook and Loop, \u00e8 possibile riutilizzare il sistema pi\u00f9 volte, riducendo i costi e l'impatto ambientale rispetto a soluzioni usa e getta. Ideale per il settore automotive, per il montaggio di pannelli decorativi, e per l'assemblaggio di componenti elettronici, il 3M SJ352B offre una soluzione innovativa per ogni bisogno di fissaggio. Inoltre, la facilit\u00e0 di installazione consente di risparmiare tempo prezioso, rendendo questo prodotto un must-have per professionisti e aziende. Sebbene non vi siano competitor diretti, il Sistema di fissaggio Hook and Loop 3M SJ352B si distingue per la sua qualit\u00e0 superiore e per le performance elevate, rappresentando un investimento sicuro per chi cerca un sistema di fissaggio durevole e multifunzionale.<\/p>","feature_1":"Materiale: Nylon di alta qualit\u00e0 per una resistenza superiore","feature_2":"Resistenza alla trazione: Fino a 1.000 g\/cm\u00b2 per fissaggi sicuri","feature_3":"Riutilizzabile: Fino a 10.000 cicli di apertura e chiusura","feature_4":"Facilit\u00e0 di installazione: Applicazione semplice senza attrezzi specializzati","feature_5":"Resistenza agli agenti chimici: Adatto per ambienti industriali","feature_6":"Temperatura di funzionamento: Efficace da -40\u00b0C a +85\u00b0C","feature_7":"Dimensioni: Disponibile in rotoli di 25 mm di larghezza e 25 metri di lunghezza","feature_8":"Adesivo acrilico: Ottima adesione su superfici diverse","feature_9":"Versatilit\u00e0: Ideale per uso in settori automotive, elettronica e artigianato","feature_10":"Design compatto: Occupa poco spazio e si adatta a diverse applicazioni"},"_links":{"self":[{"href":"https:\/\/finatsrl.it\/de\/wp-json\/wp\/v2\/product\/12429","targetHints":{"allow":["GET"]}}],"collection":[{"href":"https:\/\/finatsrl.it\/de\/wp-json\/wp\/v2\/product"}],"about":[{"href":"https:\/\/finatsrl.it\/de\/wp-json\/wp\/v2\/types\/product"}],"wp:featuredmedia":[{"embeddable":true,"href":"https:\/\/finatsrl.it\/de\/wp-json\/wp\/v2\/media\/9481"}],"wp:attachment":[{"href":"https:\/\/finatsrl.it\/de\/wp-json\/wp\/v2\/media?parent=12429"}],"wp:term":[{"taxonomy":"product_brand","embeddable":true,"href":"https:\/\/finatsrl.it\/de\/wp-json\/wp\/v2\/product_brand?post=12429"},{"taxonomy":"product_cat","embeddable":true,"href":"https:\/\/finatsrl.it\/de\/wp-json\/wp\/v2\/product_cat?post=12429"},{"taxonomy":"product_tag","embeddable":true,"href":"https:\/\/finatsrl.it\/de\/wp-json\/wp\/v2\/product_tag?post=12429"}],"curies":[{"name":"wp","href":"https:\/\/api.w.org\/{rel}","templated":true}]}}