{"id":12390,"date":"2025-01-27T15:54:31","date_gmt":"2025-01-27T14:54:31","guid":{"rendered":"https:\/\/finatnew.newhosting.intellijam.com\/prodotto\/nastro-biadesivo-3m-90080\/"},"modified":"2025-11-26T12:10:17","modified_gmt":"2025-11-26T11:10:17","slug":"nastro-biadesivo-3m-90080","status":"publish","type":"product","link":"https:\/\/finatsrl.it\/de\/product\/nastro-biadesivo-3m-90080\/","title":{"rendered":"Nastro biadesivo 3M 90080"},"content":{"rendered":"<div class=\"product-bullet-block\">\n<div class=\"bullet n1\">Nastro biadesivo per usi generici<\/div>\n<div class=\"bullet n2\">Elevata adesione iniziale<\/div>\n<div class=\"bullet n3\">Ideale per impieghi nei processi produttivi e per le fustellature<\/div>\n<div class=\"bullet n4\">Liner facile da rimuovere<\/div>\n<div class=\"bullet n5\">Risultati eccellenti anche su superfici con basse energie superficiali<\/div>\n<div class=\"bullet n6\"><\/div>\n<div class=\"bullet n7\">L&#8217;absorption des contraintes r\u00e9duit les vibrations et les impacts<\/div>\n<\/div>\n<div class=\"product-description-block\">\n<div class=\"short\">Il nastro adesivo 90080 supportato tessuto non tessuto offre molta flessibilit\u00e0 e versatilit\u00e0 nelle varie applicazioni. L&#8217;adesivo acrilico del 90080 permette ottimi risultati anche su superfici a bassa energie superficiali.<\/div>\n<div class=\"extended\">Formulato specificamente per le applicazioni di giunzione ad alta e bassa velocit\u00e0, seguite se necessario dal termofissaggio o altre condizioni di trattamento in forno. Il nastro consente di ottenere un legame molto resistente su carta e cartone e su molti substrati di pellicola in plastica, inclusi polipropilene, polietilene e PVC<\/div>\n<\/div>\n","protected":false},"excerpt":{"rendered":"<p>Il nastro adesivo 90080 supportato tessuto non tessuto offre molta flessibilit\u00e0 e versatilit\u00e0 nelle varie applicazioni. L&#8217;adesivo acrilico del 90080 permette ottimi risultati anche su superfici a bassa energie superficiali.<\/p>\n","protected":false},"featured_media":9434,"template":"","meta":{"_acf_changed":false},"product_brand":[3337],"product_cat":[29,786],"product_tag":[1180,1101,1181,1283,1182],"class_list":{"0":"post-12390","1":"product","2":"type-product","3":"status-publish","4":"has-post-thumbnail","6":"product_brand-3m","7":"product_cat-adesivi-e-nastri-industriali","8":"product_cat-nastri-biadesivi-sottili","9":"product_tag-biadesivo-acrilico","10":"product_tag-nastro-biadesivo","11":"product_tag-nastro-biadesivo-resistente","12":"product_tag-supportato","13":"product_tag-viscoelastico","14":"pa_colore-traslucido","16":"first","17":"instock","18":"product-type-simple"},"acf":{"short_description":"Il nastro biadesivo 3M 90080 \u00e8 la soluzione ideale per un'adesione forte e duratura in ambito industriale. Perfetto per molteplici applicazioni, garantisce una performance superiore.","long_description":"<p>Il nastro biadesivo 3M 90080 rappresenta una delle scelte pi\u00f9 affidabili nel campo degli adesivi e nastri industriali. Progettato per offrire un'adesione eccezionale, questo prodotto \u00e8 perfetto per una vasta gamma di applicazioni, dall'assemblaggio di componenti alla produzione di display. La sua struttura sottile permette di utilizzarlo anche in spazi ristretti, rendendolo estremamente versatile. Con una larghezza di 19 mm e una lunghezza di 50 m, il nastro biadesivo 3M 90080 \u00e8 facile da maneggiare e applicare, garantendo risultati professionali in ogni situazione. La sua elevata forza adesiva assicura che i materiali rimangano saldamente uniti, riducendo il rischio di distacchi indesiderati. Grazie alla sua resistenza agli agenti atmosferici e alla temperatura, questo nastro \u00e8 adatto anche per applicazioni esterne. Inoltre, non lascia residui appiccicosi una volta rimosso, garantendo una pulizia facile e veloce. La qualit\u00e0 3M \u00e8 sinonimo di affidabilit\u00e0, e il nastro biadesivo 90080 non fa eccezione, offrendo prestazioni elevate in ogni ambiente di lavoro. Scegli il nastro biadesivo 3M 90080 per le tue necessit\u00e0 industriali e scopri come pu\u00f2 semplificare il tuo lavoro quotidiano.<\/p>","feature_1":"Larghezza di 19 mm e lunghezza di 50 m per una versatilit\u00e0 ottimale.","feature_2":"Eccellente forza adesiva, ideale per applicazioni industriali.","feature_3":"Resistente agli agenti atmosferici e alle variazioni di temperatura.","feature_4":"Non lascia residui appiccicosi al momento della rimozione.","feature_5":"Struttura sottile per un'applicazione in spazi ristretti.","feature_6":"Facile da maneggiare e applicare, anche per i meno esperti.","feature_7":"Adatto per l'assemblaggio di componenti e produzione di display.","feature_8":"Qualit\u00e0 garantita 3M, sinonimo di affidabilit\u00e0 e durata.","feature_9":"Elevata resistenza alla trazione e allo strappo.","feature_10":"Compatibile con diversi materiali, tra cui plastica, metallo e carta."},"_links":{"self":[{"href":"https:\/\/finatsrl.it\/de\/wp-json\/wp\/v2\/product\/12390","targetHints":{"allow":["GET"]}}],"collection":[{"href":"https:\/\/finatsrl.it\/de\/wp-json\/wp\/v2\/product"}],"about":[{"href":"https:\/\/finatsrl.it\/de\/wp-json\/wp\/v2\/types\/product"}],"wp:featuredmedia":[{"embeddable":true,"href":"https:\/\/finatsrl.it\/de\/wp-json\/wp\/v2\/media\/9434"}],"wp:attachment":[{"href":"https:\/\/finatsrl.it\/de\/wp-json\/wp\/v2\/media?parent=12390"}],"wp:term":[{"taxonomy":"product_brand","embeddable":true,"href":"https:\/\/finatsrl.it\/de\/wp-json\/wp\/v2\/product_brand?post=12390"},{"taxonomy":"product_cat","embeddable":true,"href":"https:\/\/finatsrl.it\/de\/wp-json\/wp\/v2\/product_cat?post=12390"},{"taxonomy":"product_tag","embeddable":true,"href":"https:\/\/finatsrl.it\/de\/wp-json\/wp\/v2\/product_tag?post=12390"}],"curies":[{"name":"wp","href":"https:\/\/api.w.org\/{rel}","templated":true}]}}