{"id":12326,"date":"2025-01-27T15:54:07","date_gmt":"2025-01-27T14:54:07","guid":{"rendered":"https:\/\/finatnew.newhosting.intellijam.com\/prodotto\/nastro-in-poliimmide-3m-8997\/"},"modified":"2025-11-26T12:10:10","modified_gmt":"2025-11-26T11:10:10","slug":"nastro-in-poliimmide-3m-8997","status":"publish","type":"product","link":"https:\/\/finatsrl.it\/de\/product\/nastro-in-poliimmide-3m-8997\/","title":{"rendered":"Nastro in poliimmide 3M 8997"},"content":{"rendered":"<div class=\"product-bullet-block\">\n<div class=\"bullet n1\"><\/div>\n<div class=\"bullet n2\"><\/div>\n<div class=\"bullet n3\"><\/div>\n<div class=\"bullet n4\"><\/div>\n<div class=\"bullet n5\"><\/div>\n<div class=\"bullet n6\"><\/div>\n<div class=\"bullet n7\"><\/div>\n<\/div>\n<div class=\"product-description-block\">\n<div class=\"short\">Il nastro in poliimmide 3M 8997 \u00e8 un nastro in poliimmide di colore ambra chiaro con un adesivo in silicone pensato per resistere al calore durante le operazioni di mascheratura ad alta temperatura. Offre un&#8217;eccellente resistenza termica, chimica e all&#8217;abrasione. Sigilla saldamente al contatto e si stacca in modo pulito fino a 500\u00b0F\/260\u00b0C.<\/div>\n<div class=\"extended\"><\/div>\n<\/div>\n","protected":false},"excerpt":{"rendered":"<p>Il nastro in poliimmide 3M 8997 \u00e8 un nastro in poliimmide di colore ambra chiaro con un adesivo in silicone pensato per resistere al calore durante le operazioni di mascheratura ad alta temperatura. Offre un&#8217;eccellente resistenza termica, chimica e all&#8217;abrasione. Sigilla saldamente al contatto e si stacca in modo pulito fino a 500\u00b0F\/260\u00b0C.<\/p>\n","protected":false},"featured_media":9392,"template":"","meta":{"_acf_changed":false},"product_brand":[3337],"product_cat":[29,801],"product_tag":[3741,1367,1368,1364,1366],"class_list":{"0":"post-12326","1":"product","2":"type-product","3":"status-publish","4":"has-post-thumbnail","6":"product_brand-3m","7":"product_cat-adesivi-e-nastri-industriali","8":"product_cat-nastri-per-schermature-e-alte-prestazioni","9":"product_tag-3m-8997","10":"product_tag-isolante-termico","11":"product_tag-nastro-adesivo-in-poliimmide-per-isolamento-termoresistente","12":"product_tag-nastro-in-poliimmide","13":"product_tag-nastro-isolante","14":"pa_colore-ambra","16":"first","17":"instock","18":"product-type-simple"},"acf":{"short_description":"Il nastro in poliimmide 3M 8997 \u00e8 la soluzione ideale per applicazioni ad alte prestazioni. Resistente al calore e agli agenti chimici, garantisce un'aderenza impeccabile.","long_description":"<p>Il nastro in poliimmide 3M 8997 \u00e8 progettato per soddisfare le esigenze pi\u00f9 elevate nel settore delle soluzioni industriali. Questo nastro \u00e8 realizzato in poliimmide di alta qualit\u00e0, noto per la sua eccellente resistenza termica e chimica. Con una capacit\u00e0 di resistere a temperature fino a 260 \u00b0C, \u00e8 perfetto per applicazioni di isolamento e schermatura in ambienti estremi. La sua adesione forte e duratura lo rende ideale per l'uso su superfici difficili, inclusi metalli e plastica. Inoltre, grazie alla sua capacit\u00e0 di resistere a solventi e agenti chimici, il nastro in poliimmide 3M 8997 \u00e8 perfetto per il settore elettronico e per applicazioni di verniciatura a polvere. \u00c8 anche particolarmente utile per la protezione delle schede elettroniche durante i processi di saldatura e montaggio. La versatile larghezza di 25 mm e la lunghezza di 33 m lo rendono adatto a una variet\u00e0 di progetti, dai pi\u00f9 piccoli ai pi\u00f9 complessi. Questo prodotto \u00e8 inoltre conforme alle normative di sicurezza internazionali, garantendo cos\u00ec la massima affidabilit\u00e0. Scegli il nastro in poliimmide 3M 8997 per ottenere risultati eccellenti nelle tue applicazioni industriali e per garantire la massima protezione e isolamento nei tuoi progetti.<\/p>","feature_1":"Resistenza termica fino a 260 \u00b0C","feature_2":"Adesione eccezionale su superfici difficili","feature_3":"Resistente a solventi e agenti chimici","feature_4":"Larghezza di 25 mm per applicazioni versatili","feature_5":"Lunghezza di 33 m per un utilizzo prolungato","feature_6":"Ideale per schermature e isolamento elettrico","feature_7":"Conforme alle normative di sicurezza internazionali","feature_8":"Facile da applicare e rimuovere senza residui","feature_9":"Eccellente per verniciatura a polvere e saldatura","feature_10":"Compatibile con materiali come metallo e plastica"},"_links":{"self":[{"href":"https:\/\/finatsrl.it\/de\/wp-json\/wp\/v2\/product\/12326","targetHints":{"allow":["GET"]}}],"collection":[{"href":"https:\/\/finatsrl.it\/de\/wp-json\/wp\/v2\/product"}],"about":[{"href":"https:\/\/finatsrl.it\/de\/wp-json\/wp\/v2\/types\/product"}],"wp:featuredmedia":[{"embeddable":true,"href":"https:\/\/finatsrl.it\/de\/wp-json\/wp\/v2\/media\/9392"}],"wp:attachment":[{"href":"https:\/\/finatsrl.it\/de\/wp-json\/wp\/v2\/media?parent=12326"}],"wp:term":[{"taxonomy":"product_brand","embeddable":true,"href":"https:\/\/finatsrl.it\/de\/wp-json\/wp\/v2\/product_brand?post=12326"},{"taxonomy":"product_cat","embeddable":true,"href":"https:\/\/finatsrl.it\/de\/wp-json\/wp\/v2\/product_cat?post=12326"},{"taxonomy":"product_tag","embeddable":true,"href":"https:\/\/finatsrl.it\/de\/wp-json\/wp\/v2\/product_tag?post=12326"}],"curies":[{"name":"wp","href":"https:\/\/api.w.org\/{rel}","templated":true}]}}