{"id":12229,"date":"2025-02-01T10:32:47","date_gmt":"2025-02-01T09:32:47","guid":{"rendered":"https:\/\/finatnew.newhosting.intellijam.com\/prodotto\/sigillante-adesivo-3m-740uv\/"},"modified":"2025-11-26T12:09:42","modified_gmt":"2025-11-26T11:09:42","slug":"sigillante-adesivo-3m-740uv","status":"publish","type":"product","link":"https:\/\/finatsrl.it\/de\/product\/sigillante-adesivo-3m-740uv\/","title":{"rendered":"Sigillante adesivo 3M 740UV"},"content":{"rendered":"<div class=\"product-bullet-block\">\n<div class=\"bullet n1\">Tenuta ad alte prestazioni<\/div>\n<div class=\"bullet n2\">Eccellente resistenza ai raggi UV<\/div>\n<div class=\"bullet n3\">Elasticit\u00e0 permanente per consentire il movimento delle giunzioni<\/div>\n<div class=\"bullet n4\">Tempo di indurimento di 40-60 minuti; immediatamente verniciabile<\/div>\n<div class=\"bullet n5\"><\/div>\n<div class=\"bullet n6\"><\/div>\n<div class=\"bullet n7\"><\/div>\n<\/div>\n<div class=\"product-description-block\">\n<div class=\"short\">Il sigillante adesivo 3M 740UV \u00e8 un sigillante monocomponente elastomerico, privo di isocianati che polimerizza a contatto con l&#8217;umidit\u00e0. Questo sigillante cosmetico offre un&#8217;eccezionale resistenza ai raggi UV e flessibilit\u00e0 a lungo termine.<\/div>\n<div class=\"extended\">Il sigillante adesivo 3M 740 UV+ offre un&#8217;eccellente resistenza ai raggi UV e una lunga durata se esposto agli elementi. Questo sigillante dotato di elasticit\u00e0 permanente \u00e8 in grado di fissare materiali diversi tra loro, offrendo un fissaggio durevole e la flessibilit\u00e0 di progettazione. Questo sigillante monocomponente \u00e8 verniciabile quando bagnato e ha un tempo di indurimento di 40-60 minuti.<\/div>\n<\/div>\n","protected":false},"excerpt":{"rendered":"<p>Il sigillante adesivo 3M 740UV \u00e8 un sigillante monocomponente elastomerico, privo di isocianati che polimerizza a contatto con l&#8217;umidit\u00e0. Questo sigillante cosmetico offre un&#8217;eccezionale resistenza ai raggi UV e flessibilit\u00e0 a lungo termine.<\/p>\n","protected":false},"featured_media":12715,"template":"","meta":{"_acf_changed":false},"product_brand":[3337],"product_cat":[1053,1055],"product_tag":[3861],"class_list":{"0":"post-12229","1":"product","2":"type-product","3":"status-publish","4":"has-post-thumbnail","6":"product_brand-3m","7":"product_cat-industrial-adhesives-tapes-fr","8":"product_cat-3m-branded-emfi-sealants-fr","9":"product_tag-sigillantesigillante-adesivo","10":"pa_colore-bianco","12":"first","13":"instock","14":"product-type-simple"},"acf":{"short_description":"Il sigillante adesivo 3M 740UV \u00e8 la soluzione ideale per applicazioni industriali che richiedono resistenza e durata. Innovativo e versatile, garantisce prestazioni eccellenti in ogni condizione.","long_description":"<p>Il sigillante adesivo 3M 740UV \u00e8 progettato per soddisfare le esigenze delle applicazioni industriali pi\u00f9 impegnative, offrendo una combinazione unica di adesione, flessibilit\u00e0 e resistenza ai raggi UV. Questo prodotto \u00e8 stato sviluppato per garantire prestazioni elevate e durature, rendendolo la scelta ideale per chi cerca un sigillante affidabile e versatile. La formula innovativa del 3M 740UV consente di ottenere una sigillatura perfetta su una vasta gamma di materiali, inclusi metallo, plastica e vetro, rendendolo adatto a diverse applicazioni industriali.<\/p>\n<p>Una delle principali caratteristiche di questo sigillante \u00e8 la sua resistenza ai raggi UV, che lo rende particolarmente efficace per applicazioni esterne e in ambienti esposti alla luce solare diretta. Inoltre, la sua eccellente adesione iniziale consente di unire rapidamente i materiali, riducendo i tempi di lavorazione e aumentando l'efficienza operativa.<\/p>\n<p>Il sigillante adesivo 3M 740UV resiste anche a condizioni ambientali estreme, garantendo una prestazione costante in temperature elevate e basse. Questo lo rende ideale per settori quali l'automotive, l'edilizia e l'industria elettronica.<\/p>\n<p>Grazie alla sua facilit\u00e0 d'uso, il 3M 740UV pu\u00f2 essere applicato con precisione, consentendo di ottenere finiture di alta qualit\u00e0 e senza imperfezioni. Non solo offre un'adesione duratura, ma \u00e8 anche resistente a solventi e prodotti chimici, garantendo una protezione a lungo termine.<\/p>\n<p>Inoltre, la sua formulazione \u00e8 priva di solventi, rendendolo un'opzione pi\u00f9 sicura e sostenibile per l'ambiente. Scegliere il sigillante adesivo 3M 740UV significa optare per un prodotto che combina innovazione, performance e sostenibilit\u00e0, perfetto per le esigenze delle moderne soluzioni industriali.<\/p>","feature_1":"Resistenza ai raggi UV per applicazioni esterne","feature_2":"Eccellente adesione su metallo, plastica e vetro","feature_3":"Resistenza a temperature estreme da -40\u00b0C a +120\u00b0C","feature_4":"Formulazione priva di solventi per un utilizzo sicuro","feature_5":"Adesione iniziale rapida per ridurre i tempi di lavorazione","feature_6":"Resistente a solventi e prodotti chimici","feature_7":"Flessibilit\u00e0 a lungo termine per adattarsi a movimenti","feature_8":"Facile applicazione con precisione per finiture di alta qualit\u00e0","feature_9":"Ideale per settori automotive, edilizia e elettronica","feature_10":"Sostenibilit\u00e0 ambientale grazie alla composizione ecocompatibile"},"_links":{"self":[{"href":"https:\/\/finatsrl.it\/de\/wp-json\/wp\/v2\/product\/12229","targetHints":{"allow":["GET"]}}],"collection":[{"href":"https:\/\/finatsrl.it\/de\/wp-json\/wp\/v2\/product"}],"about":[{"href":"https:\/\/finatsrl.it\/de\/wp-json\/wp\/v2\/types\/product"}],"wp:featuredmedia":[{"embeddable":true,"href":"https:\/\/finatsrl.it\/de\/wp-json\/wp\/v2\/media\/12715"}],"wp:attachment":[{"href":"https:\/\/finatsrl.it\/de\/wp-json\/wp\/v2\/media?parent=12229"}],"wp:term":[{"taxonomy":"product_brand","embeddable":true,"href":"https:\/\/finatsrl.it\/de\/wp-json\/wp\/v2\/product_brand?post=12229"},{"taxonomy":"product_cat","embeddable":true,"href":"https:\/\/finatsrl.it\/de\/wp-json\/wp\/v2\/product_cat?post=12229"},{"taxonomy":"product_tag","embeddable":true,"href":"https:\/\/finatsrl.it\/de\/wp-json\/wp\/v2\/product_tag?post=12229"}],"curies":[{"name":"wp","href":"https:\/\/api.w.org\/{rel}","templated":true}]}}