{"id":12032,"date":"2025-01-27T15:52:30","date_gmt":"2025-01-27T14:52:30","guid":{"rendered":"https:\/\/finatnew.newhosting.intellijam.com\/prodotto\/nastro-biadesivo-ad-alte-prestazioni-3m-9084\/"},"modified":"2025-11-26T12:09:13","modified_gmt":"2025-11-26T11:09:13","slug":"nastro-biadesivo-ad-alte-prestazioni-3m-9084","status":"publish","type":"product","link":"https:\/\/finatsrl.it\/de\/product\/nastro-biadesivo-ad-alte-prestazioni-3m-9084\/","title":{"rendered":"Nastro biadesivo ad alte prestazioni 3M 9084"},"content":{"rendered":"<div class=\"product-bullet-block\">\n<div class=\"bullet n1\">Nastro biadesivo spesso 100\u00b5m con supporto in tessuto. Strappabile a mano, conformabile e maneggevole. Fodera di carta.<\/div>\n<div class=\"bullet n2\">Nastro biadesivo sottile con adesivo acrilico. Elevata aderenza, fissaggio immediato, presa rapida, alta adesione e buona adesione iniziale a una grande variet\u00e0 di materiali o superfici. Elevata resistenza. Nastro resistente ai solventi.<\/div>\n<div class=\"bullet n3\">Strappalo a mano e maneggialo con facilit\u00e0 grazie alla sua conformabilit\u00e0.<\/div>\n<div class=\"bullet n4\">Ottieni un nastro versatile, con un buon rapporto qualit\u00e0-prezzo e adatto a molteplici applicazioni e settori<\/div>\n<div class=\"bullet n5\"><\/div>\n<div class=\"bullet n6\"><\/div>\n<div class=\"bullet n7\"><\/div>\n<\/div>\n<div class=\"product-description-block\">\n<div class=\"short\">Il nastro biadesivo ad alte prestazioni 3M 9084 \u00e8 un nastro biadesivo da 10,2 mil con adesivo 375, supporto in PVC da 1,5 mil, il nastro \u00e8 di colore bianco.<\/div>\n<div class=\"extended\"><\/div>\n<\/div>\n","protected":false},"excerpt":{"rendered":"<p>Il nastro biadesivo ad alte prestazioni 3M 9084 \u00e8 un nastro biadesivo da 10,2 mil con adesivo 375, supporto in PVC da 1,5 mil, il nastro \u00e8 di colore bianco.<\/p>\n","protected":false},"featured_media":9109,"template":"","meta":{"_acf_changed":false},"product_brand":[3337],"product_cat":[29,786],"product_tag":[1180,1101,1181,1182],"class_list":{"0":"post-12032","1":"product","2":"type-product","3":"status-publish","4":"has-post-thumbnail","6":"product_brand-3m","7":"product_cat-adesivi-e-nastri-industriali","8":"product_cat-nastri-biadesivi-sottili","9":"product_tag-biadesivo-acrilico","10":"product_tag-nastro-biadesivo","11":"product_tag-nastro-biadesivo-resistente","12":"product_tag-viscoelastico","13":"pa_colore-bianco","15":"first","16":"instock","17":"product-type-simple"},"acf":{"short_description":"Il nastro biadesivo ad alte prestazioni 3M 9084 \u00e8 la soluzione ideale per applicazioni industriali. Garantisce adesione forte e duratura su varie superfici.","long_description":"<p>Il nastro biadesivo ad alte prestazioni 3M 9084 \u00e8 progettato per soddisfare le esigenze pi\u00f9 elevate delle applicazioni industriali. Grazie alla sua formula innovativa, questo nastro offre una resistenza eccezionale e un'adesione duratura anche in condizioni estreme. Con uno spessore ridotto, il 3M 9084 si adatta perfettamente a superfici irregolari, garantendo una finitura pulita e professionale. \u00c8 particolarmente indicato per l'incollaggio di materiali come plastica, metallo e vetro, rendendolo versatile per una vasta gamma di progetti.<\/p>\n<p>Caratterizzato da una pellicola di supporto in carta, il nastro \u00e8 facile da maneggiare e applicare, riducendo i tempi di lavorazione. La tecnologia adesiva 3M garantisce che il nastro rimanga stabile nel tempo, evitando distacchi indesiderati. Inoltre, la resistenza ai solventi e alla temperatura elevata lo rende ideale anche per applicazioni in ambienti difficili.<\/p>\n<p>Scegliere il nastro biadesivo ad alte prestazioni 3M 9084 significa puntare su un prodotto di qualit\u00e0 superiore, che non compromette mai le prestazioni. Che tu stia realizzando lavori di assemblaggio, riparazione o montaggio, questo nastro ti offrir\u00e0 risultati professionali e duraturi. Non lasciare nulla al caso, scegli 3M 9084 per le tue esigenze di adesivit\u00e0 e ottimizza la qualit\u00e0 delle tue lavorazioni industriali.<\/p>","feature_1":"Adesione forte su varie superfici: metallo, plastica e vetro.","feature_2":"Spessore ridotto di soli 0,13 mm per un'applicazione discreta.","feature_3":"Resistente a temperature fino a 85\u00b0C per utilizzi in ambienti caldi.","feature_4":"Tecnologia adesiva 3M per una performance affidabile e duratura.","feature_5":"Facile da applicare grazie al supporto in carta, riducendo i tempi di lavorazione.","feature_6":"Ottima resistenza ai solventi per applicazioni industriali impegnative.","feature_7":"Adatto per l'assemblaggio, il montaggio e la riparazione.","feature_8":"Resistente all'umidit\u00e0 per utilizzo in ambienti umidi.","feature_9":"Elevata stabilit\u00e0 nel tempo, evitando distacchi indesiderati.","feature_10":"Compatibile con una vasta gamma di materiali per una versatilit\u00e0 senza pari."},"_links":{"self":[{"href":"https:\/\/finatsrl.it\/de\/wp-json\/wp\/v2\/product\/12032","targetHints":{"allow":["GET"]}}],"collection":[{"href":"https:\/\/finatsrl.it\/de\/wp-json\/wp\/v2\/product"}],"about":[{"href":"https:\/\/finatsrl.it\/de\/wp-json\/wp\/v2\/types\/product"}],"wp:featuredmedia":[{"embeddable":true,"href":"https:\/\/finatsrl.it\/de\/wp-json\/wp\/v2\/media\/9109"}],"wp:attachment":[{"href":"https:\/\/finatsrl.it\/de\/wp-json\/wp\/v2\/media?parent=12032"}],"wp:term":[{"taxonomy":"product_brand","embeddable":true,"href":"https:\/\/finatsrl.it\/de\/wp-json\/wp\/v2\/product_brand?post=12032"},{"taxonomy":"product_cat","embeddable":true,"href":"https:\/\/finatsrl.it\/de\/wp-json\/wp\/v2\/product_cat?post=12032"},{"taxonomy":"product_tag","embeddable":true,"href":"https:\/\/finatsrl.it\/de\/wp-json\/wp\/v2\/product_tag?post=12032"}],"curies":[{"name":"wp","href":"https:\/\/api.w.org\/{rel}","templated":true}]}}