{"id":12016,"date":"2025-01-27T15:52:30","date_gmt":"2025-01-27T14:52:30","guid":{"rendered":"https:\/\/finatnew.newhosting.intellijam.com\/prodotto\/dispenser-manuale-e-applicatori-3m-scotch-weld-epx\/"},"modified":"2025-11-26T12:09:11","modified_gmt":"2025-11-26T11:09:11","slug":"dispenser-manuale-e-applicatori-3m-scotch-weld-epx","status":"publish","type":"product","link":"https:\/\/finatsrl.it\/de\/product\/dispenser-manuale-e-applicatori-3m-scotch-weld-epx\/","title":{"rendered":"Dispenser manuale e applicatori 3M Scotch-Weld EPX"},"content":{"rendered":"<div class=\"product-bullet-block\">\n<div class=\"bullet n1\">Eroga adesivi strutturali bicomponenti 3M Scotch-Weld<\/div>\n<div class=\"bullet n2\">Offre praticit\u00e0 per portarlo al lavoro, senza la necessit\u00e0 di tubi dell&#8217;aria o cavi elettrici<\/div>\n<div class=\"bullet n3\">Applicazione precisa, senza spreco di prodotto<\/div>\n<div class=\"bullet n4\">Rapidit\u00e0<\/div>\n<div class=\"bullet n5\">Riduci i rifiuti di plastica<\/div>\n<div class=\"bullet n6\"><\/div>\n<div class=\"bullet n7\"><\/div>\n<\/div>\n<div class=\"product-description-block\">\n<div class=\"short\">Applicatore manuale EPX 3MScotch-Weld (200 ml) per l&#8217;uso con cartucce da 200 ml in rapporto 1:1 e 2:1.<\/div>\n<div class=\"extended\">Eroga gli adesivi 3M Scotch-Weld in cartucce duo-pak con 3M Scotch-Weld EPX applicatore manuale. Il nostro applicatore miscela e applica adesivi bicomponente. \u00c8 comunemente usato nelle applicazioni industriali, della lavorazione dei metalli e dei trasporti. Utilizzare sia con cartucce 1:1 che 2:1 da 200 ml.<\/div>\n<\/div>\n","protected":false},"excerpt":{"rendered":"<p>Applicatore manuale EPX 3MScotch-Weld (200 ml) per l&#8217;uso con cartucce da 200 ml in rapporto 1:1 e 2:1.<\/p>\n","protected":false},"featured_media":9101,"template":"","meta":{"_acf_changed":false},"product_brand":[3346],"product_cat":[29,288],"product_tag":[3338,3704,3418,3703,3702,1629,1894,1492,3094,3100,3101,2423,1589,1707,3092,1571,1590,1193,1494,3099,3098,3097,1525,1495],"class_list":{"0":"post-12016","1":"product","2":"type-product","3":"status-publish","4":"has-post-thumbnail","6":"product_brand-scotch-weld","7":"product_cat-adesivi-e-nastri-industriali","8":"product_cat-adesivi-strutturali","9":"product_tag-3m","10":"product_tag-adesivi-3m-scotch-weld","11":"product_tag-adesivi-strutturali","12":"product_tag-applicatore-manuale-epx","13":"product_tag-applicatori","14":"product_tag-applicazioni-industriali","15":"product_tag-autocarrozzeria","16":"product_tag-automotive","17":"product_tag-bicomponenti","18":"product_tag-cartucce-11","19":"product_tag-cartucce-21","20":"product_tag-cartucce-duo-pak","21":"product_tag-commercio-e-servizi","22":"product_tag-design-e-edilizia","23":"product_tag-dispenser-manuale","24":"product_tag-elettronica","25":"product_tag-energia","26":"product_tag-epx","27":"product_tag-industria","28":"product_tag-lavorazione-dei-metalli","29":"product_tag-lavori-di-metallo","30":"product_tag-miscela-e-applica-adesivi","31":"product_tag-scotch-weld","32":"product_tag-trasporti","34":"first","35":"instock","36":"product-type-simple"},"acf":{"short_description":"Il dispenser manuale e applicatori 3M Scotch-Weld EPX \u00e8 la soluzione ideale per applicare adesivi e nastri industriali in modo preciso e professionale. Semplifica il tuo lavoro con una tecnologia avanzata!","long_description":"<p>Il dispenser manuale e applicatori 3M Scotch-Weld EPX rappresenta un'innovazione nel campo delle soluzioni industriali, progettato per soddisfare le esigenze di applicazione di adesivi strutturali. Questo strumento \u00e8 essenziale per chi opera nel settore dell'industria, dove la precisione e l'efficienza sono fondamentali. Con un design ergonomico, il dispenser consente di applicare adesivi in modo semplice e controllato, riducendo al minimo gli sprechi e garantendo risultati ottimali.<\/p>\n<p>Realizzato con materiali di alta qualit\u00e0, il dispenser \u00e8 compatibile con una vasta gamma di cartucce di adesivi 3M, rendendolo estremamente versatile. La sua capacit\u00e0 di miscelare e applicare adesivi bicomponenti lo rende ideale per applicazioni che richiedono un'adesione strutturale robusta e duratura. In particolare, il dispositivo \u00e8 dotato di un sistema di dosaggio che permette di regolare la quantit\u00e0 di adesivo erogato, assicurando precisione e minimizzando il rischio di errori.<\/p>\n<p>Inoltre, il dispenser \u00e8 facile da manutenere e pulire, contribuendo a una maggiore longevit\u00e0 del prodotto. La sua leggerezza e il design compatto lo rendono facilmente trasportabile, ideale per utilizzi in cantiere o in laboratorio. Con questo dispenser, potrai aumentare la tua produttivit\u00e0 e garantire finiture di alta qualit\u00e0 nei tuoi lavori. Non lasciare che l'inefficienza dei metodi tradizionali rallenti il tuo lavoro: scegli il dispenser manuale e applicatori 3M Scotch-Weld EPX e scopri un nuovo standard di applicazione degli adesivi.<\/p>","feature_1":"Design ergonomico per un utilizzo confortevole e prolungato","feature_2":"Compatibile con cartucce di adesivi 3M Scotch-Weld per massima versatilit\u00e0","feature_3":"Sistema di miscelazione per adesivi bicomponenti","feature_4":"Regolazione del dosaggio per un'applicazione precisa","feature_5":"Leggero e portatile, ideale per utilizzi in cantiere","feature_6":"Facile da pulire e manutenere per una durata prolungata","feature_7":"Applicazione controllata per ridurre gli sprechi di adesivo","feature_8":"Struttura robusta e resistente per un uso intensivo","feature_9":"Adatto a diverse applicazioni industriali","feature_10":"Facilita l'uso di adesivi strutturali per risultati ottimali"},"_links":{"self":[{"href":"https:\/\/finatsrl.it\/de\/wp-json\/wp\/v2\/product\/12016","targetHints":{"allow":["GET"]}}],"collection":[{"href":"https:\/\/finatsrl.it\/de\/wp-json\/wp\/v2\/product"}],"about":[{"href":"https:\/\/finatsrl.it\/de\/wp-json\/wp\/v2\/types\/product"}],"wp:featuredmedia":[{"embeddable":true,"href":"https:\/\/finatsrl.it\/de\/wp-json\/wp\/v2\/media\/9101"}],"wp:attachment":[{"href":"https:\/\/finatsrl.it\/de\/wp-json\/wp\/v2\/media?parent=12016"}],"wp:term":[{"taxonomy":"product_brand","embeddable":true,"href":"https:\/\/finatsrl.it\/de\/wp-json\/wp\/v2\/product_brand?post=12016"},{"taxonomy":"product_cat","embeddable":true,"href":"https:\/\/finatsrl.it\/de\/wp-json\/wp\/v2\/product_cat?post=12016"},{"taxonomy":"product_tag","embeddable":true,"href":"https:\/\/finatsrl.it\/de\/wp-json\/wp\/v2\/product_tag?post=12016"}],"curies":[{"name":"wp","href":"https:\/\/api.w.org\/{rel}","templated":true}]}}