{"id":11981,"date":"2025-01-27T15:52:05","date_gmt":"2025-01-27T14:52:05","guid":{"rendered":"https:\/\/finatnew.newhosting.intellijam.com\/prodotto\/sigillante-adesivo-poliuretanico-per-vetro-3m-590\/"},"modified":"2026-03-25T11:26:13","modified_gmt":"2026-03-25T10:26:13","slug":"sigillante-adesivo-poliuretanico-per-vetro-3m-590","status":"publish","type":"product","link":"https:\/\/finatsrl.it\/de\/product\/sigillante-adesivo-poliuretanico-per-vetro-3m-590\/","title":{"rendered":"Sigillante adesivo poliuretanico per vetro 3M 590"},"content":{"rendered":"<div class=\"product-bullet-block\">\n<div class=\"bullet n1\">Fissaggio strutturale del vetro<\/div>\n<div class=\"bullet n2\">Sottoposto a prove d&#8217;urto (FMVSS 212)<\/div>\n<div class=\"bullet n3\">Tempo aperto 15 min<\/div>\n<div class=\"bullet n4\">Colore nero<\/div>\n<div class=\"bullet n5\"><\/div>\n<div class=\"bullet n6\"><\/div>\n<div class=\"bullet n7\"><\/div>\n<\/div>\n<div class=\"product-description-block\">\n<div class=\"short\">Il sigillante adesivo poliuretanico per vetro 3M 590 \u00e8 un sigillante poliuretanico monocomponente a indurimento rapido e ad alta viscosit\u00e0 per fissare parabrezza e altri substrati che richiedono una tenuta elevata.<\/div>\n<div class=\"extended\">Fissaggio strutturale dei parabrezza. Questo prodotto \u00e8 stato sottoposto a prove d&#8217;urto e soddisfa la norma FMVSS 212.<\/div>\n<\/div>\n","protected":false},"excerpt":{"rendered":"<p>Il sigillante adesivo poliuretanico per vetro 3M 590 \u00e8 un sigillante poliuretanico monocomponente a indurimento rapido e ad alta viscosit\u00e0 per fissare parabrezza e altri substrati che richiedono una tenuta elevata.<\/p>\n","protected":false},"featured_media":9085,"template":"","meta":{"_acf_changed":false},"product_brand":[3337],"product_cat":[29,784],"product_tag":[1113,1179],"class_list":{"0":"post-11981","1":"product","2":"type-product","3":"status-publish","4":"has-post-thumbnail","6":"product_brand-3m","7":"product_cat-adesivi-e-nastri-industriali","8":"product_cat-sigillanti-emfi-e-3m","9":"product_tag-poliuretano","10":"product_tag-sigillante","11":"pa_colore-nero","13":"first","14":"instock","15":"product-type-simple"},"acf":{"short_description":"Il sigillante adesivo poliuretanico per vetro 3M 590 \u00e8 la soluzione ideale per applicazioni industriali. Garantisce tenuta e durabilit\u00e0 senza compromessi.","long_description":"Il sigillante adesivo poliuretanico per vetro 3M 590 rappresenta una scelta avanzata per professionisti e aziende che cercano prestazioni superiori nelle loro applicazioni industriali. Progettato per garantire una sigillatura efficace e duratura, questo prodotto \u00e8 particolarmente indicato per l'assemblaggio e la riparazione di vetri in ambienti che richiedono resistenza agli agenti atmosferici e ai fattori chimici. Grazie alla sua formulazione poliuretanica, il sigillante offre eccellenti propriet\u00e0 di adesione e elasticit\u00e0, permettendo di assorbire le vibrazioni e le dilatazioni termiche senza compromettere l'integrit\u00e0 del giunto sigillato.\r\n\r\nUno dei principali vantaggi di questo sigillante \u00e8 la sua rapida polimerizzazione che consente un'installazione efficiente, riducendo i tempi di attesa. Resistente all'acqua e agli agenti chimici, il 3M 590 \u00e8 ideale anche per applicazioni in esterni, dove la protezione da pioggia e umidit\u00e0 \u00e8 fondamentale. Il suo utilizzo \u00e8 semplice e diretto, potendo essere applicato con pistola per sigillante o manualmente, garantendo risultati professionali anche per chi non ha esperienza pregressa.\r\n\r\nInoltre, la trasparenza del prodotto permette un'integrazione estetica perfetta, senza compromettere l'aspetto visivo del vetro. La sua versatilit\u00e0 lo rende adatto a molteplici settori, dai veicoli alle costruzioni, fino all'elettronica. Scegliere il sigillante adesivo poliuretanico per vetro 3M 590 significa optare per una soluzione che combina innovazione, qualit\u00e0 e prestazioni elevate per ogni tua esigenza produttiva.","feature_1":"Formula poliuretanica per un'adesione ottimale su vetro","feature_2":"Elevata elasticit\u00e0 per assorbire vibrazioni e movimenti","feature_3":"Resistente all'acqua e agli agenti chimici","feature_4":"Adatta per applicazioni interne ed esterne","feature_5":"Rapida polimerizzazione per ridurre i tempi di attesa","feature_6":"Trasparente per garantire un aspetto estetico curato","feature_7":"Facile applicazione con pistola per sigillante","feature_8":"Ottima resistenza ai raggi UV per durabilit\u00e0 nel tempo","feature_9":"Compatibile con diversi substrati, non solo vetro","feature_10":"Certificato 3M per standard di qualit\u00e0 elevati"},"_links":{"self":[{"href":"https:\/\/finatsrl.it\/de\/wp-json\/wp\/v2\/product\/11981","targetHints":{"allow":["GET"]}}],"collection":[{"href":"https:\/\/finatsrl.it\/de\/wp-json\/wp\/v2\/product"}],"about":[{"href":"https:\/\/finatsrl.it\/de\/wp-json\/wp\/v2\/types\/product"}],"wp:featuredmedia":[{"embeddable":true,"href":"https:\/\/finatsrl.it\/de\/wp-json\/wp\/v2\/media\/9085"}],"wp:attachment":[{"href":"https:\/\/finatsrl.it\/de\/wp-json\/wp\/v2\/media?parent=11981"}],"wp:term":[{"taxonomy":"product_brand","embeddable":true,"href":"https:\/\/finatsrl.it\/de\/wp-json\/wp\/v2\/product_brand?post=11981"},{"taxonomy":"product_cat","embeddable":true,"href":"https:\/\/finatsrl.it\/de\/wp-json\/wp\/v2\/product_cat?post=11981"},{"taxonomy":"product_tag","embeddable":true,"href":"https:\/\/finatsrl.it\/de\/wp-json\/wp\/v2\/product_tag?post=11981"}],"curies":[{"name":"wp","href":"https:\/\/api.w.org\/{rel}","templated":true}]}}