{"id":11953,"date":"2025-01-27T15:52:05","date_gmt":"2025-01-27T14:52:05","guid":{"rendered":"https:\/\/finatnew.newhosting.intellijam.com\/prodotto\/nastro-adesivo-transfer-3m-9605\/"},"modified":"2025-11-26T12:08:59","modified_gmt":"2025-11-26T11:08:59","slug":"nastro-adesivo-transfer-3m-9605","status":"publish","type":"product","link":"https:\/\/finatsrl.it\/de\/product\/nastro-adesivo-transfer-3m-9605\/","title":{"rendered":"Nastro adesivo transfer 3M 9605"},"content":{"rendered":"<div class=\"product-bullet-block\">\n<div class=\"bullet n1\">Nastro transfer adesivo acrilico da 50 \u00b5m su supporto di carta marrone rivestito di polietilene bianco<\/div>\n<div class=\"bullet n2\">Sistema adesivo acrilico a rigidit\u00e0 media. Fornisce un ottimo bilanciamento di alta aderenza iniziale (adesione rapida) e buona resistenza al taglio<\/div>\n<div class=\"bullet n3\">La tenuta generalmente aumenta lievemente col tempo.<\/div>\n<div class=\"bullet n4\">Resistenza elevata alle alte temperature fino a 240 \u00b0C per alcuni minuti<\/div>\n<div class=\"bullet n5\">Elevato grado di adesione immediata e resistenza al taglio<\/div>\n<div class=\"bullet n6\"><\/div>\n<div class=\"bullet n7\"><\/div>\n<\/div>\n<div class=\"product-description-block\">\n<div class=\"short\">Il nastro adesivo di trasferimento 3M 9605 \u00e8 l&#8217;adesivo di trasferimento standard di 3M. Questa pellicola adesiva trasparente ha un alto grado di appiccicosit\u00e0 immediata e resistenza al taglio.<\/div>\n<div class=\"extended\">Questo adesivo \u00e8 ottimo per l&#8217;uso su fotografie, carta, cartone, pellicole di plastica, ecc. Pu\u00f2 anche essere utilizzato per creare grafici di presentazione. In questo modo, pu\u00f2 essere usato come nastro biadesivo standard: Preparazione di strisce tagliate a lunghezza esatta che vengono incollate alla superficie del supporto, successiva rimozione della carta in silicone e posizionamento dell&#8217;oggetto nella posizione desiderata.<\/div>\n<\/div>\n","protected":false},"excerpt":{"rendered":"<p>Il nastro adesivo di trasferimento 3M 9605 \u00e8 l&#8217;adesivo di trasferimento standard di 3M. Questa pellicola adesiva trasparente ha un alto grado di appiccicosit\u00e0 immediata e resistenza al taglio.<\/p>\n","protected":false},"featured_media":9067,"template":"","meta":{"_acf_changed":false},"product_brand":[3337],"product_cat":[29,786],"product_tag":[1180,1101,1181,1197,1196,1182],"class_list":{"0":"post-11953","1":"product","2":"type-product","3":"status-publish","4":"has-post-thumbnail","6":"product_brand-3m","7":"product_cat-adesivi-e-nastri-industriali","8":"product_cat-nastri-biadesivi-sottili","9":"product_tag-biadesivo-acrilico","10":"product_tag-nastro-biadesivo","11":"product_tag-nastro-biadesivo-resistente","12":"product_tag-non-supportato","13":"product_tag-transfer","14":"product_tag-viscoelastico","16":"first","17":"instock","18":"product-type-simple"},"acf":{"short_description":"Il nastro adesivo transfer 3M 9605 \u00e8 la soluzione ideale per applicazioni industriali che richiedono un'adesione sicura e duratura. Scopri la sua versatilit\u00e0 e resistenza.","long_description":"<p>Il nastro adesivo transfer 3M 9605 \u00e8 progettato per fornire un'adesione superiore in una vasta gamma di applicazioni industriali. Grazie alla sua formula innovativa, questo nastro biadesivo sottile offre una prestazione eccellente, garantendo una tenuta sicura e duratura anche in condizioni ambientali difficili. La sua struttura fine lo rende ideale per applicazioni dove lo spazio \u00e8 limitato, permettendo un'applicazione precisa e senza sbavature.<\/p>\n<p>La tecnologia del nastro adesivo transfer 3M 9605 \u00e8 studiata per resistere a temperature elevate e a condizioni di umidit\u00e0, rendendolo perfetto per l'uso in ambienti industriali. Inoltre, la sua capacit\u00e0 di aderire a diverse superfici, tra cui plastica, metallo e carta, lo rende estremamente versatile. Che tu stia realizzando assemblaggi, etichettature o riparazioni, questo nastro \u00e8 la scelta giusta per ottenere risultati eccellenti.<\/p>\n<p>La facilit\u00e0 d'uso \u00e8 un altro punto di forza del nastro adesivo transfer 3M 9605. Grazie alla sua applicazione semplice e rapida, puoi ottenere risultati professionali senza l'ausilio di strumenti complessi. La qualit\u00e0 del prodotto \u00e8 garantita dal marchio 3M, leader nel settore delle soluzioni adesive. Non lasciare nulla al caso: scegli il nastro adesivo transfer 3M 9605 e scopri la differenza che un prodotto di alta qualit\u00e0 pu\u00f2 fare per le tue esigenze industriali.<\/p>","feature_1":"Adesione forte e duratura su diverse superfici","feature_2":"Resistente a temperature elevate fino a 100\u00b0C","feature_3":"Impermeabile e resistente all'umidit\u00e0","feature_4":"Facile applicazione senza l'uso di strumenti","feature_5":"Spessore ridotto per applicazioni in spazi ristretti","feature_6":"Elevata trasparenza per risultati estetici migliori","feature_7":"Compatibile con vernici e rivestimenti","feature_8":"Resistente ai solventi per applicazioni industriali","feature_9":"Adatto per assemblaggi e etichettature professionali","feature_10":"Certificato ISO per standard di qualit\u00e0 elevati"},"_links":{"self":[{"href":"https:\/\/finatsrl.it\/de\/wp-json\/wp\/v2\/product\/11953","targetHints":{"allow":["GET"]}}],"collection":[{"href":"https:\/\/finatsrl.it\/de\/wp-json\/wp\/v2\/product"}],"about":[{"href":"https:\/\/finatsrl.it\/de\/wp-json\/wp\/v2\/types\/product"}],"wp:featuredmedia":[{"embeddable":true,"href":"https:\/\/finatsrl.it\/de\/wp-json\/wp\/v2\/media\/9067"}],"wp:attachment":[{"href":"https:\/\/finatsrl.it\/de\/wp-json\/wp\/v2\/media?parent=11953"}],"wp:term":[{"taxonomy":"product_brand","embeddable":true,"href":"https:\/\/finatsrl.it\/de\/wp-json\/wp\/v2\/product_brand?post=11953"},{"taxonomy":"product_cat","embeddable":true,"href":"https:\/\/finatsrl.it\/de\/wp-json\/wp\/v2\/product_cat?post=11953"},{"taxonomy":"product_tag","embeddable":true,"href":"https:\/\/finatsrl.it\/de\/wp-json\/wp\/v2\/product_tag?post=11953"}],"curies":[{"name":"wp","href":"https:\/\/api.w.org\/{rel}","templated":true}]}}