{"id":11934,"date":"2025-01-27T15:51:44","date_gmt":"2025-01-27T14:51:44","guid":{"rendered":"https:\/\/finatnew.newhosting.intellijam.com\/prodotto\/adesivo-acrilico-a-basso-odore-3m-scotch-weld-dp8805ns\/"},"modified":"2025-11-26T12:08:58","modified_gmt":"2025-11-26T11:08:58","slug":"adesivo-acrilico-a-basso-odore-3m-scotch-weld-dp8805ns","status":"publish","type":"product","link":"https:\/\/finatsrl.it\/de\/product\/adesivo-acrilico-a-basso-odore-3m-scotch-weld-dp8805ns\/","title":{"rendered":"Adesivo acrilico a basso odore 3M Scotch-Weld DP8805NS"},"content":{"rendered":"<div class=\"product-bullet-block\">\n<div class=\"bullet n1\">Compatibile con ugello Material ID 7100015959<\/div>\n<div class=\"bullet n2\">Tempo di lavorabilit\u00e0 di 4 minuti e forza strutturale in 9 minuti<\/div>\n<div class=\"bullet n3\">A basso odore e non infiammabile per un ambiente di lavoro pi\u00f9 sicuro rispetto agli adesivi acrilici tradizionali disponibili in commercio<\/div>\n<div class=\"bullet n4\">Tenuta durevole con eccellente resistenza al taglio e agli impatti<\/div>\n<div class=\"bullet n5\">Aderisce anche sulle superfici pi\u00f9 difficili, come verniciature a polvere e sulla maggior parte delle materie plastiche<\/div>\n<div class=\"bullet n6\">Dispone di sfere distanziatrici per controllare lo spessore della linea di incollaggio<\/div>\n<div class=\"bullet n7\"><\/div>\n<\/div>\n<div class=\"product-description-block\">\n<div class=\"short\">3M Scotch-Weld DP8805NS \u00e8 un adesivo acrilico bicomponente a basso odore, tenacizzato e che non cola. Questo adesivo \u00e8 la scelta ideale per un&#8217;ampia variet\u00e0 di applicazioni industriali e commerciali, dal momento che pu\u00f2 raggiungere il grado di forza strutturale due volte pi\u00f9 velocemente rispetto alla maggior parte degli adesivi acrilici disponibili in commercio con un tempo aperto analogo.<\/div>\n<div class=\"extended\">Quando si utilizza un adesivo a doppia cartuccia Duo-Pak (DP), il dispositivo di erogazione 3M garantisce massima precisione e praticit\u00e0 in termini di misurazione, miscelazione ed erogazione. Eccellente resistenza agli urti e propriet\u00e0 anti-colatura<\/div>\n<\/div>\n","protected":false},"excerpt":{"rendered":"<p>3M Scotch-Weld DP8805NS \u00e8 un adesivo acrilico bicomponente a basso odore, tenacizzato e che non cola. Questo adesivo \u00e8 la scelta ideale per un&#8217;ampia variet\u00e0 di applicazioni industriali e commerciali, dal momento che pu\u00f2 raggiungere il grado di forza strutturale due volte pi\u00f9 velocemente rispetto alla maggior parte degli adesivi acrilici disponibili in commercio con un tempo aperto analogo.<\/p>\n","protected":false},"featured_media":9053,"template":"","meta":{"_acf_changed":false},"product_brand":[3346],"product_cat":[29,288],"product_tag":[1140,1135,1109,1137,1108,1136],"class_list":{"0":"post-11934","1":"product","2":"type-product","3":"status-publish","4":"has-post-thumbnail","6":"product_brand-scotch-weld","7":"product_cat-adesivi-e-nastri-industriali","8":"product_cat-adesivi-strutturali","9":"product_tag-basso-odore","10":"product_tag-bicomponente","11":"product_tag-colla-acrilica","12":"product_tag-non-cola","13":"product_tag-resina-acrilica","14":"product_tag-strutturale","16":"first","17":"instock","18":"product-type-simple"},"acf":{"short_description":"L'adesivo acrilico a basso odore 3M Scotch-Weld DP8805NS \u00e8 la soluzione ideale per applicazioni industriali. Offre resistenza e lavorabilit\u00e0 senza compromessi, garantendo risultati di alta qualit\u00e0 in ogni progetto.","long_description":"<p>L'adesivo acrilico a basso odore 3M Scotch-Weld DP8805NS rappresenta un'innovazione nel campo degli adesivi e nastri industriali, progettato per garantire prestazioni superiori in applicazioni strutturali. Grazie alla sua formula avanzata, questo adesivo non solo riduce al minimo l'odore, ma offre anche un'eccellente adesione su molteplici superfici, rendendolo ideale per ambienti di lavoro in cui la qualit\u00e0 dell'aria \u00e8 fondamentale.<\/p>\n<p>Con una resistenza alla trazione che supera gli 8.000 psi, il DP8805NS offre una tenuta straordinaria, perfetta per applicazioni che richiedono una stabilit\u00e0 a lungo termine. La sua rapida polimerizzazione e il tempo di lavorabilit\u00e0 esteso permettono agli operatori di lavorare comodamente, senza fretta, assicurando risultati impeccabili.<\/p>\n<p>Questo adesivo \u00e8 particolarmente adatto per materiali come metallo, plastica e vetro, ampliando cos\u00ec le possibilit\u00e0 di utilizzo in vari settori industriali. La sua capacit\u00e0 di resistere a temperature estreme, da -40 \u00b0C a +90 \u00b0C, lo rende versatile e adatto a una vasta gamma di condizioni operative.<\/p>\n<p>Inoltre, il 3M Scotch-Weld DP8805NS \u00e8 privo di solventi, contribuendo cos\u00ec a un ambiente di lavoro pi\u00f9 sicuro e sostenibile. La sua applicazione semplice, sia manuale che automatica, aumenta l'efficienza di produzione e riduce i tempi di inattivit\u00e0.<\/p>\n<p>Investire in un adesivo di alta qualit\u00e0 come il DP8805NS significa scegliere un prodotto che non solo soddisfa ma supera gli standard industriali, garantendo risultati duraturi e affidabili. Non aspettare oltre, scopri come il 3M Scotch-Weld DP8805NS pu\u00f2 migliorare i tuoi progetti oggi stesso!<\/p>","feature_1":"Formula a basso odore per un ambiente di lavoro migliore","feature_2":"Resistenza alla trazione superiore a 8.000 psi","feature_3":"Adesione eccellente su metallo, plastica e vetro","feature_4":"Resistente a temperature da -40 \u00b0C a +90 \u00b0C","feature_5":"Tempo di lavorabilit\u00e0 esteso per una maggiore flessibilit\u00e0","feature_6":"Privo di solventi per una soluzione pi\u00f9 sicura","feature_7":"Applicazione semplice e veloce","feature_8":"Compatibile con applicatori manuali e automatici","feature_9":"Indurimento rapido per una produttivit\u00e0 accelerata","feature_10":"Ideale per applicazioni strutturali e industriali"},"_links":{"self":[{"href":"https:\/\/finatsrl.it\/de\/wp-json\/wp\/v2\/product\/11934","targetHints":{"allow":["GET"]}}],"collection":[{"href":"https:\/\/finatsrl.it\/de\/wp-json\/wp\/v2\/product"}],"about":[{"href":"https:\/\/finatsrl.it\/de\/wp-json\/wp\/v2\/types\/product"}],"wp:featuredmedia":[{"embeddable":true,"href":"https:\/\/finatsrl.it\/de\/wp-json\/wp\/v2\/media\/9053"}],"wp:attachment":[{"href":"https:\/\/finatsrl.it\/de\/wp-json\/wp\/v2\/media?parent=11934"}],"wp:term":[{"taxonomy":"product_brand","embeddable":true,"href":"https:\/\/finatsrl.it\/de\/wp-json\/wp\/v2\/product_brand?post=11934"},{"taxonomy":"product_cat","embeddable":true,"href":"https:\/\/finatsrl.it\/de\/wp-json\/wp\/v2\/product_cat?post=11934"},{"taxonomy":"product_tag","embeddable":true,"href":"https:\/\/finatsrl.it\/de\/wp-json\/wp\/v2\/product_tag?post=11934"}],"curies":[{"name":"wp","href":"https:\/\/api.w.org\/{rel}","templated":true}]}}