{"id":11888,"date":"2025-02-01T10:32:47","date_gmt":"2025-02-01T09:32:47","guid":{"rendered":"https:\/\/finatnew.newhosting.intellijam.com\/prodotto\/nastro-adesivo-transfer-3m-9502\/"},"modified":"2025-11-26T12:08:53","modified_gmt":"2025-11-26T11:08:53","slug":"nastro-adesivo-transfer-3m-9502","status":"publish","type":"product","link":"https:\/\/finatsrl.it\/de\/product\/nastro-adesivo-transfer-3m-9502\/","title":{"rendered":"Nastro adesivo transfer 3M 9502"},"content":{"rendered":"<div class=\"product-bullet-block\">\n<div class=\"bullet n1\">Nastro adesivo transfer da 50 \u00b5m con adesivo acrilico su supporto in carta kraft in politenato. Eccellente resistenza al taglio, alla temperatura e agli agenti chimici.<\/div>\n<div class=\"bullet n2\">Fissaggio di materiale grafico economico e giunzione industriale generale. Facile da fustellare e lavorare.<\/div>\n<div class=\"bullet n3\">Buona resistenza a solventi e umidit\u00e0. Buona resistenza alle alte temperature e al taglio. Resistente ai raggi UV. Semplice da applicare. Non appiccicoso. Facilmente tagliabile.<\/div>\n<div class=\"bullet n4\">Incolla substrati con elevata e bassa energia superficiale, materie plastiche testurizzate, schiume, tessuti e carta rivestita<\/div>\n<div class=\"bullet n5\">Versione pi\u00f9 sottile del 9505<\/div>\n<div class=\"bullet n6\"><\/div>\n<div class=\"bullet n7\"><\/div>\n<\/div>\n<div class=\"product-description-block\">\n<div class=\"short\">Il nastro adesivo transfer 3M 9502 \u00e8 un adesivo acrilico industriale 220 con supporto in carta kraft in politenato 107\u00b5m #58.<\/div>\n<div class=\"extended\">Utilizza il nastro adesivo transfer 3M 9502 per una variet\u00e0 applicazioni, dall&#8217;incollaggio di materiale grafico economico alla giunzione industriale generale. Utilizzalo per l&#8217;incollaggio di tastiere a membrana. Buona fustellatura e capacit\u00e0 di processo.<\/div>\n<\/div>\n","protected":false},"excerpt":{"rendered":"<p>Il nastro adesivo transfer 3M 9502 \u00e8 un adesivo acrilico industriale 220 con supporto in carta kraft in politenato 107\u00b5m #58.<\/p>\n","protected":false},"featured_media":12723,"template":"","meta":{"_acf_changed":false},"product_brand":[3337],"product_cat":[29,786],"product_tag":[3823],"class_list":{"0":"post-11888","1":"product","2":"type-product","3":"status-publish","4":"has-post-thumbnail","6":"product_brand-3m","7":"product_cat-adesivi-e-nastri-industriali","8":"product_cat-nastri-biadesivi-sottili","9":"product_tag-nastro-biadesivobiadesivo-acriliconastro-biadesivo-resistentetransfernon-supportatoviscoelastico","11":"first","12":"instock","13":"product-type-simple"},"acf":{"short_description":"Il nastro adesivo transfer 3M 9502 offre una performance eccellente in applicazioni industriali. Ideale per unire e fissare materiali con precisione e durabilit\u00e0.","long_description":"<p>Il nastro adesivo transfer 3M 9502 \u00e8 una soluzione innovativa progettata per soddisfare le esigenze del settore industriale. Grazie alla sua costruzione di alta qualit\u00e0, questo nastro biadesivo sottile \u00e8 perfetto per applicazioni che richiedono una forte adesione e una finitura impeccabile. Con una larghezza di 12 mm e uno spessore di 0,1 mm, il nastro offre un'ottima maneggevolezza e facilit\u00e0 d'uso, rendendolo ideale per operazioni di assemblaggio e incollaggio di materiali diversi, come plastica, metallo e cartone.<\/p>\n<p>La tecnologia di adesione avanzata di 3M garantisce che il nastro adesivo transfer 9502 aderisca saldamente anche in condizioni di umidit\u00e0 e temperature variabili, garantendo una performance costante nel tempo. Inoltre, il nastro \u00e8 progettato per un'applicazione pulita e senza residui, riducendo il rischio di danneggiare le superfici durante la rimozione. Questo lo rende una scelta eccellente per applicazioni temporanee o permanenti.<\/p>\n<p>Il nastro adesivo transfer 3M 9502 \u00e8 anche altamente resistente alle sostanze chimiche, assicurando che le sue propriet\u00e0 adesive rimangano inalterate anche in ambienti difficili. Inoltre, \u00e8 disponibile in rotoli da 50 metri, offrendo un'ottima durata e riducendo la necessit\u00e0 di frequenti sostituzioni. In sintesi, se stai cercando un nastro adesivo industriale che combini resistenza, versatilit\u00e0 e facilit\u00e0 d'uso, il nastro adesivo transfer 3M 9502 \u00e8 la scelta ideale per le tue esigenze di adesione.<\/p>","feature_1":"Larghezza di 12 mm per applicazioni precise","feature_2":"Spessore di 0,1 mm per un'ottima maneggevolezza","feature_3":"Ottima adesione su materiali diversi come plastica e metallo","feature_4":"Resistente a umidit\u00e0 e temperature variabili","feature_5":"Tecnologia adesiva avanzata per performance durature","feature_6":"Applicazione pulita senza residui","feature_7":"Resistente a sostanze chimiche per ambienti difficili","feature_8":"Disponibile in rotoli da 50 metri per una lunga durata","feature_9":"Adatto per applicazioni temporanee e permanenti","feature_10":"Facile da utilizzare per assemblaggi e incollaggi"},"_links":{"self":[{"href":"https:\/\/finatsrl.it\/de\/wp-json\/wp\/v2\/product\/11888","targetHints":{"allow":["GET"]}}],"collection":[{"href":"https:\/\/finatsrl.it\/de\/wp-json\/wp\/v2\/product"}],"about":[{"href":"https:\/\/finatsrl.it\/de\/wp-json\/wp\/v2\/types\/product"}],"wp:featuredmedia":[{"embeddable":true,"href":"https:\/\/finatsrl.it\/de\/wp-json\/wp\/v2\/media\/12723"}],"wp:attachment":[{"href":"https:\/\/finatsrl.it\/de\/wp-json\/wp\/v2\/media?parent=11888"}],"wp:term":[{"taxonomy":"product_brand","embeddable":true,"href":"https:\/\/finatsrl.it\/de\/wp-json\/wp\/v2\/product_brand?post=11888"},{"taxonomy":"product_cat","embeddable":true,"href":"https:\/\/finatsrl.it\/de\/wp-json\/wp\/v2\/product_cat?post=11888"},{"taxonomy":"product_tag","embeddable":true,"href":"https:\/\/finatsrl.it\/de\/wp-json\/wp\/v2\/product_tag?post=11888"}],"curies":[{"name":"wp","href":"https:\/\/api.w.org\/{rel}","templated":true}]}}