{"id":11886,"date":"2025-01-27T15:51:21","date_gmt":"2025-01-27T14:51:21","guid":{"rendered":"https:\/\/finatnew.newhosting.intellijam.com\/prodotto\/nastro-adesivo-transfer-doppio-liner-3m-9552\/"},"modified":"2025-11-26T12:08:52","modified_gmt":"2025-11-26T11:08:52","slug":"nastro-adesivo-transfer-doppio-liner-3m-9552","status":"publish","type":"product","link":"https:\/\/finatsrl.it\/de\/product\/nastro-adesivo-transfer-doppio-liner-3m-9552\/","title":{"rendered":"Nastro adesivo transfer doppio liner 3M 9552"},"content":{"rendered":"<div class=\"product-bullet-block\">\n<div class=\"bullet n1\">Il nastro adesivo transfer con doppio liner da 50 \u00b5m 9502 \u00e8 un adesivo su liner di carta Kraft in politenato. Eccellente resistenza al taglio, alla temperatura e agli agenti chimici.<\/div>\n<div class=\"bullet n2\">Fissaggio di materiale grafico economico e giunzioni industriali in generale. Facile da fustellare e lavorare.<\/div>\n<div class=\"bullet n3\">Buona resistenza a solventi e umidit\u00e0. Buona resistenza alle alte temperature e al taglio. Resistente ai raggi UV. Semplice da applicare. Non cola. Facile da fustellare. Consente la fustellatura selettiva.<\/div>\n<div class=\"bullet n4\">Soluzione economica per una variet\u00e0 di incollaggi generici<\/div>\n<div class=\"bullet n5\"><\/div>\n<div class=\"bullet n6\"><\/div>\n<div class=\"bullet n7\"><\/div>\n<\/div>\n<div class=\"product-description-block\">\n<div class=\"short\">Il nastro adesivo transfer con doppio liner 3M 9552 \u00e8 un adesivo acrilico industriale da 50 \u00b5m 220 con doppio liner di carta Kraft in politenato di 107 \u00b5m #58.<\/div>\n<div class=\"extended\">Fissaggio di materiale grafico economico e giunzioni industriali in generale. Buona fustellatura e capacit\u00e0 di essere lavorato. Versione a doppio liner del Nastro adesivo transfer 3M 9502.<\/div>\n<\/div>\n","protected":false},"excerpt":{"rendered":"<p>Il nastro adesivo transfer con doppio liner 3M 9552 \u00e8 un adesivo acrilico industriale da 50 \u00b5m 220 con doppio liner di carta Kraft in politenato di 107 \u00b5m #58.<\/p>\n","protected":false},"featured_media":8775,"template":"","meta":{"_acf_changed":false},"product_brand":[3337],"product_cat":[29,786],"product_tag":[1180,1101,1181,1197,1196,1182],"class_list":{"0":"post-11886","1":"product","2":"type-product","3":"status-publish","4":"has-post-thumbnail","6":"product_brand-3m","7":"product_cat-adesivi-e-nastri-industriali","8":"product_cat-nastri-biadesivi-sottili","9":"product_tag-biadesivo-acrilico","10":"product_tag-nastro-biadesivo","11":"product_tag-nastro-biadesivo-resistente","12":"product_tag-non-supportato","13":"product_tag-transfer","14":"product_tag-viscoelastico","16":"first","17":"instock","18":"product-type-simple"},"acf":{"short_description":"Il nastro adesivo transfer doppio liner 3M 9552 offre un'adesione eccezionale e una grande versatilit\u00e0 per le tue applicazioni industriali. Ideale per un uso professionale e di alta precisione.","long_description":"<p>Il nastro adesivo transfer doppio liner 3M 9552 \u00e8 la soluzione ideale per chi cerca un prodotto di alta qualit\u00e0 per applicazioni industriali. Questo nastro biadesivo sottile \u00e8 progettato per garantire un'adesione forte e duratura, rendendolo perfetto per una vasta gamma di utilizzi, dal montaggio di componenti alla realizzazione di applicazioni personalizzate. Grazie alla sua struttura innovativa, il 3M 9552 \u00e8 in grado di offrire prestazioni superiori rispetto ai nastri tradizionali, grazie a una composizione adesiva che resiste a temperature elevate e a condizioni ambientali difficili.<\/p>\n<p>La versatilit\u00e0 del nastro adesivo transfer 3M 9552 lo rende ideale per l'uso in diversi settori, inclusi elettrico, automobilistico e dell'imballaggio. La tecnologia a doppio liner facilita l'applicazione, riducendo i tempi di lavorazione e aumentando l'efficienza. Inoltre, grazie alla sua finitura sottile, questo nastro si adatta perfettamente a superfici irregolari, garantendo un risultato professionale ogni volta.<\/p>\n<p>Il nastro adesivo 3M 9552 \u00e8 anche resistente all'umidit\u00e0 e ai solventi, assicurando che le tue applicazioni rimangano sicure e stabili nel tempo. Non solo offre un'adesione immediata, ma permette anche una rimozione pulita e senza residui, evitando danni ai materiali sottostanti. Scegliere il nastro adesivo transfer doppio liner 3M 9552 significa investire in un prodotto di qualit\u00e0 superiore, progettato per soddisfare le esigenze pi\u00f9 elevate dei professionisti del settore.<\/p>","feature_1":"Adesione immediata e duratura per applicazioni professionali.","feature_2":"Struttura sottile per una maggiore flessibilit\u00e0 e adattabilit\u00e0.","feature_3":"Resistente a temperature elevate fino a 120\u00b0C.","feature_4":"Eccellente resistenza all'umidit\u00e0 e ai solventi.","feature_5":"Facile applicazione grazie alla tecnologia a doppio liner.","feature_6":"Non lascia residui durante la rimozione, proteggendo le superfici.","feature_7":"Ideale per montaggi e assemblaggi di precisione.","feature_8":"Perfetto per una vasta gamma di materiali, inclusi plastica e metallo.","feature_9":"Riduce i tempi di lavorazione e aumenta l'efficienza operativa.","feature_10":"Progettato per resistere a condizioni ambientali difficili."},"_links":{"self":[{"href":"https:\/\/finatsrl.it\/de\/wp-json\/wp\/v2\/product\/11886","targetHints":{"allow":["GET"]}}],"collection":[{"href":"https:\/\/finatsrl.it\/de\/wp-json\/wp\/v2\/product"}],"about":[{"href":"https:\/\/finatsrl.it\/de\/wp-json\/wp\/v2\/types\/product"}],"wp:featuredmedia":[{"embeddable":true,"href":"https:\/\/finatsrl.it\/de\/wp-json\/wp\/v2\/media\/8775"}],"wp:attachment":[{"href":"https:\/\/finatsrl.it\/de\/wp-json\/wp\/v2\/media?parent=11886"}],"wp:term":[{"taxonomy":"product_brand","embeddable":true,"href":"https:\/\/finatsrl.it\/de\/wp-json\/wp\/v2\/product_brand?post=11886"},{"taxonomy":"product_cat","embeddable":true,"href":"https:\/\/finatsrl.it\/de\/wp-json\/wp\/v2\/product_cat?post=11886"},{"taxonomy":"product_tag","embeddable":true,"href":"https:\/\/finatsrl.it\/de\/wp-json\/wp\/v2\/product_tag?post=11886"}],"curies":[{"name":"wp","href":"https:\/\/api.w.org\/{rel}","templated":true}]}}