{"id":11884,"date":"2025-01-27T15:51:21","date_gmt":"2025-01-27T14:51:21","guid":{"rendered":"https:\/\/finatnew.newhosting.intellijam.com\/prodotto\/nastro-adesivo-transfer-doppio-liner-3m-9555\/"},"modified":"2025-11-26T12:08:52","modified_gmt":"2025-11-26T11:08:52","slug":"nastro-adesivo-transfer-doppio-liner-3m-9555","status":"publish","type":"product","link":"https:\/\/finatsrl.it\/de\/product\/nastro-adesivo-transfer-doppio-liner-3m-9555\/","title":{"rendered":"Nastro adesivo transfer doppio liner 3M 9555"},"content":{"rendered":"<div class=\"product-bullet-block\">\n<div class=\"bullet n1\">Versione con doppio liner del nastro 9505, di 127\u00b5m di spessore. Liner doppio in carta kraft patinata. Eccellente resistenza al taglio, alla temperatura e ai prodotti chimici.<\/div>\n<div class=\"bullet n2\">Soluzione economica per gli incollaggi nel settore grafico e le giunzioni nel settore industriale. Ideale per impighi in fustellatura e nei processi produttivi<\/div>\n<div class=\"bullet n3\">Resistenza all&#8217;umidit\u00e0 e ai solventi. Resistenza alle temperature e al taglio. Restistente ai raggi UV. Facile da applicare. Non sporca. Fustellabile anche per impieghi selettivi<\/div>\n<div class=\"bullet n4\">Il doppio liner PCK da 900 g protegge l&#8217;adesivo e si stacca rapidamente per una maggiore praticit\u00e0 d&#8217;uso<\/div>\n<div class=\"bullet n5\"><\/div>\n<div class=\"bullet n6\"><\/div>\n<div class=\"bullet n7\"><\/div>\n<\/div>\n<div class=\"product-description-block\">\n<div class=\"short\">Il nastro adesivo transfer con doppio liner 3M 9555 \u00e8 in adesivo acrilico industriale 220 da 127\u00b5m di spessore, con liner in carta kraft patinata da 107\u00b5m # 58.<\/div>\n<div class=\"extended\">Soluzione economica per l&#8217;incollaggio nel settore grafico e per giunzioni nel settore industriale. Buone prestazoni di fustellatura e di impiego nei processi produttivi. Versione con doppio liner del nastro adesivo transfer 3M 9505.<\/div>\n<\/div>\n","protected":false},"excerpt":{"rendered":"<p>Il nastro adesivo transfer con doppio liner 3M 9555 \u00e8 in adesivo acrilico industriale 220 da 127\u00b5m di spessore, con liner in carta kraft patinata da 107\u00b5m # 58.<\/p>\n","protected":false},"featured_media":8775,"template":"","meta":{"_acf_changed":false},"product_brand":[3337],"product_cat":[29,786],"product_tag":[1180,1101,1181,1197,1196,1182],"class_list":{"0":"post-11884","1":"product","2":"type-product","3":"status-publish","4":"has-post-thumbnail","6":"product_brand-3m","7":"product_cat-adesivi-e-nastri-industriali","8":"product_cat-nastri-biadesivi-sottili","9":"product_tag-biadesivo-acrilico","10":"product_tag-nastro-biadesivo","11":"product_tag-nastro-biadesivo-resistente","12":"product_tag-non-supportato","13":"product_tag-transfer","14":"product_tag-viscoelastico","16":"first","17":"instock","18":"product-type-simple"},"acf":{"short_description":"Il nastro adesivo transfer doppio liner 3M 9555 \u00e8 la soluzione ideale per applicazioni industriali che richiedono precisione e durata. Scopri la qualit\u00e0 senza compromessi!","long_description":"<p>Il nastro adesivo transfer doppio liner 3M 9555 \u00e8 progettato per soddisfare le pi\u00f9 elevate esigenze delle applicazioni industriali. Grazie alla sua tecnologia avanzata, questo nastro biadesivo sottile offre una adesione straordinaria su una vasta gamma di superfici, rendendolo perfetto per l'incollaggio di materiali leggeri e pesanti in vari settori. Con uno spessore di soli 0,1 mm, il nastro 3M 9555 si distingue per la sua capacit\u00e0 di fornire un fissaggio invisibile e pulito, senza compromettere la qualit\u00e0 finale del prodotto.<\/p>\n<p>La pellicola di supporto in poliestere permette una facile manipolazione e applicazione, riducendo al minimo gli sprechi. La resistenza alle temperature elevate fa di questo nastro una scelta ideale per applicazioni che richiedono stabilit\u00e0 termica. Inoltre, il nastro adesivo \u00e8 progettato per resistere a condizioni ambientali difficili, garantendo prestazioni eccellenti anche in ambienti umidi o polverosi.<\/p>\n<p>Grazie alla sua versatilit\u00e0, il nastro adesivo transfer doppio liner 3M 9555 \u00e8 perfetto per l'assemblaggio di componenti elettronici, la produzione di segnaletica, e l'incollaggio di materiali plastici e metallici. Scegliere 3M significa optare per un marchio leader nel settore degli adesivi e nastri industriali, rinomato per la qualit\u00e0 e l'affidabilit\u00e0 dei suoi prodotti. Non lasciare nulla al caso: migliora l'efficienza dei tuoi progetti industriali con il nastro adesivo transfer doppio liner 3M 9555.<\/p>","feature_1":"Spessore ridotto di 0,1 mm per un'adesione invisibile","feature_2":"Resistenza a temperature elevate fino a 120\u00b0C","feature_3":"Adesione su superfici lisce e ruvide, garantendo versatilit\u00e0","feature_4":"Facile applicazione grazie alla pellicola di supporto in poliestere","feature_5":"Eccellente resistenza all'umidit\u00e0 e alla polvere","feature_6":"Ideale per l'assemblaggio di componenti elettronici","feature_7":"Perfetto per applicazioni in ambito industriale e commerciale","feature_8":"Basso rilascio di solventi per un impatto ambientale ridotto","feature_9":"Durata prolungata e alta affidabilit\u00e0 nel tempo","feature_10":"Certificato secondo standard internazionali di qualit\u00e0 3M"},"_links":{"self":[{"href":"https:\/\/finatsrl.it\/de\/wp-json\/wp\/v2\/product\/11884","targetHints":{"allow":["GET"]}}],"collection":[{"href":"https:\/\/finatsrl.it\/de\/wp-json\/wp\/v2\/product"}],"about":[{"href":"https:\/\/finatsrl.it\/de\/wp-json\/wp\/v2\/types\/product"}],"wp:featuredmedia":[{"embeddable":true,"href":"https:\/\/finatsrl.it\/de\/wp-json\/wp\/v2\/media\/8775"}],"wp:attachment":[{"href":"https:\/\/finatsrl.it\/de\/wp-json\/wp\/v2\/media?parent=11884"}],"wp:term":[{"taxonomy":"product_brand","embeddable":true,"href":"https:\/\/finatsrl.it\/de\/wp-json\/wp\/v2\/product_brand?post=11884"},{"taxonomy":"product_cat","embeddable":true,"href":"https:\/\/finatsrl.it\/de\/wp-json\/wp\/v2\/product_cat?post=11884"},{"taxonomy":"product_tag","embeddable":true,"href":"https:\/\/finatsrl.it\/de\/wp-json\/wp\/v2\/product_tag?post=11884"}],"curies":[{"name":"wp","href":"https:\/\/api.w.org\/{rel}","templated":true}]}}