{"id":11806,"date":"2025-01-27T15:50:58","date_gmt":"2025-01-27T14:50:58","guid":{"rendered":"https:\/\/finatnew.newhosting.intellijam.com\/prodotto\/nastro-biadesivo-in-tessuto-3m-ct6348\/"},"modified":"2025-11-26T12:08:31","modified_gmt":"2025-11-26T11:08:31","slug":"nastro-biadesivo-in-tessuto-3m-ct6348","status":"publish","type":"product","link":"https:\/\/finatsrl.it\/de\/product\/nastro-biadesivo-in-tessuto-3m-ct6348\/","title":{"rendered":"Nastro biadesivo in tessuto 3M CT6348"},"content":{"rendered":"<div class=\"product-bullet-block\">\n<div class=\"bullet n1\">Nastro biadesivo sottile da 3,5 mil con supporto in tessuto-non-tessuto su un liner siliconato<\/div>\n<div class=\"bullet n2\">Offre alti livelli di tenuta e alta adesione immediata<\/div>\n<div class=\"bullet n3\">Flessibile, si conforma alle superfici irregolari<\/div>\n<div class=\"bullet n4\"><\/div>\n<div class=\"bullet n5\"><\/div>\n<div class=\"bullet n6\"><\/div>\n<div class=\"bullet n7\"><\/div>\n<\/div>\n<div class=\"product-description-block\">\n<div class=\"short\">Il Nastro biadesivo in tessuto 3M CT-6348 garantisce un&#8217;ottima adesione iniziale su un&#8217;ampia gamma di superfici.<\/div>\n<div class=\"extended\"><\/div>\n<\/div>\n","protected":false},"excerpt":{"rendered":"<p>Il Nastro biadesivo in tessuto 3M CT-6348 garantisce un&#8217;ottima adesione iniziale su un&#8217;ampia gamma di superfici.<\/p>\n","protected":false},"featured_media":8982,"template":"","meta":{"_acf_changed":false},"product_brand":[3337],"product_cat":[29,786],"product_tag":[1180,1101],"class_list":{"0":"post-11806","1":"product","2":"type-product","3":"status-publish","4":"has-post-thumbnail","6":"product_brand-3m","7":"product_cat-adesivi-e-nastri-industriali","8":"product_cat-nastri-biadesivi-sottili","9":"product_tag-biadesivo-acrilico","10":"product_tag-nastro-biadesivo","11":"pa_colore-bianco","13":"first","14":"instock","15":"product-type-simple"},"acf":{"short_description":"Il nastro biadesivo in tessuto 3M CT6348 \u00e8 la scelta ideale per applicazioni industriali che richiedono un'adesione forte e duratura. Con la sua versatilit\u00e0, offre prestazioni superiori in vari settori.","long_description":"<p>Il nastro biadesivo in tessuto 3M CT6348 rappresenta una soluzione innovativa per chi cerca un adesivo affidabile e versatile per applicazioni industriali. Realizzato con materiali di alta qualit\u00e0, questo nastro \u00e8 progettato per garantire un'adesione eccezionale su una variet\u00e0 di superfici, rendendolo ideale per assemblaggi, riparazioni e montaggi. La sua struttura in tessuto offre una resistenza superiore, rendendolo perfetto per ambienti di lavoro esigenti.<\/p>\n<p>Con un'ampia gamma di applicazioni, il nastro biadesivo 3M CT6348 \u00e8 utilizzato in numerosi settori, dall'elettronica all'automotive, fino all'edilizia. Grazie alla sua capacit\u00e0 di adattarsi a superfici irregolari, questo nastro assicura una tenuta perfetta anche in condizioni difficili. La facilit\u00e0 di applicazione lo rende un prodotto indispensabile per i professionisti che cercano efficienza e qualit\u00e0.<\/p>\n<p>Uno dei principali vantaggi di questo nastro \u00e8 la sua resistenza agli agenti atmosferici, permettendo l'uso anche in ambienti esterni. Inoltre, la sua formulazione non lascia residui appiccicosi una volta rimossa, garantendo una finitura pulita.<\/p>\n<p>Inoltre, il nastro biadesivo in tessuto 3M CT6348 \u00e8 disponibile in diverse dimensioni, permettendo di scegliere la soluzione pi\u00f9 adatta alle proprie esigenze specifiche. Che si tratti di una piccola riparazione o di un grande progetto industriale, questo nastro biadesivo si dimostra un alleato prezioso, capace di migliorare la produttivit\u00e0 e la qualit\u00e0 dei lavori eseguiti. Scegli 3M CT6348 per risultati professionali e duraturi!<\/p>","feature_1":"Adesione potente e duratura su varie superfici","feature_2":"Struttura in tessuto per maggiore resistenza","feature_3":"Resistente agli agenti atmosferici e all'umidit\u00e0","feature_4":"Facile da applicare e rimuovere senza residui","feature_5":"Adatto per applicazioni in ambienti esterni","feature_6":"Disponibile in diverse dimensioni per ogni esigenza","feature_7":"Perfetto per assemblaggi, riparazioni e montaggi","feature_8":"Compatibile con materiali come plastica, metallo e legno","feature_9":"Elevata capacit\u00e0 di adattamento su superfici irregolari","feature_10":"Prodotto da un marchio leader nel settore delle soluzioni industriali"},"_links":{"self":[{"href":"https:\/\/finatsrl.it\/de\/wp-json\/wp\/v2\/product\/11806","targetHints":{"allow":["GET"]}}],"collection":[{"href":"https:\/\/finatsrl.it\/de\/wp-json\/wp\/v2\/product"}],"about":[{"href":"https:\/\/finatsrl.it\/de\/wp-json\/wp\/v2\/types\/product"}],"wp:featuredmedia":[{"embeddable":true,"href":"https:\/\/finatsrl.it\/de\/wp-json\/wp\/v2\/media\/8982"}],"wp:attachment":[{"href":"https:\/\/finatsrl.it\/de\/wp-json\/wp\/v2\/media?parent=11806"}],"wp:term":[{"taxonomy":"product_brand","embeddable":true,"href":"https:\/\/finatsrl.it\/de\/wp-json\/wp\/v2\/product_brand?post=11806"},{"taxonomy":"product_cat","embeddable":true,"href":"https:\/\/finatsrl.it\/de\/wp-json\/wp\/v2\/product_cat?post=11806"},{"taxonomy":"product_tag","embeddable":true,"href":"https:\/\/finatsrl.it\/de\/wp-json\/wp\/v2\/product_tag?post=11806"}],"curies":[{"name":"wp","href":"https:\/\/api.w.org\/{rel}","templated":true}]}}