{"id":11767,"date":"2025-01-27T15:50:58","date_gmt":"2025-01-27T14:50:58","guid":{"rendered":"https:\/\/finatnew.newhosting.intellijam.com\/prodotto\/materiale-serigrafabile-per-etichette-in-poliestere-3m-7924\/"},"modified":"2025-11-26T12:08:27","modified_gmt":"2025-11-26T11:08:27","slug":"materiale-serigrafabile-per-etichette-in-poliestere-3m-7924","status":"publish","type":"product","link":"https:\/\/finatsrl.it\/de\/product\/materiale-serigrafabile-per-etichette-in-poliestere-3m-7924\/","title":{"rendered":"Materiale serigrafabile per etichette in poliestere 3M 7924"},"content":{"rendered":"<div class=\"product-bullet-block\">\n<div class=\"bullet n1\">Il frontale \u00e8 rivestito per un migliore ancoraggio dell&#8217;inchiostro<\/div>\n<div class=\"bullet n2\">Informazioni variabili possono essere aggiunte dall&#8217;utente finale in quanto il materiale \u00e8 stampabile a trasferimento termico<\/div>\n<div class=\"bullet n3\">L&#8217;adesivo 3M 300 aderisce bene a una vasta gamma di substrati, tra cui metalli, plastiche ad elevata energia superficiale (HSE) e plastiche a bassa energia superficiale (LSE)<\/div>\n<div class=\"bullet n4\">\u00c8 ideale per applicazioni che richiedono un&#8217;elevata adesione iniziale, soprattutto superfici plastiche LSE<\/div>\n<div class=\"bullet n5\">Il liner consente una facile lavorazione del foglio ed \u00e8 progettato per applicazioni di fustellatura<\/div>\n<div class=\"bullet n6\"><\/div>\n<div class=\"bullet n7\"><\/div>\n<\/div>\n<div class=\"product-description-block\">\n<div class=\"short\">Il materiale serigrafabile per etichette in poliestere 3M 7924 \u00e8 durevole e ad alte prestazioni e offre eccellente stabilit\u00e0 termica e resistenza all&#8217;umidit\u00e0 e agli agenti chimici.<\/div>\n<div class=\"extended\">Questo materiale utilizza l&#8217;adesivo 3M 300, che assicura un&#8217;eccellente adesione rapida e si lega bene anche a una variet\u00e0 di superfici, inclusa la plastica LSE.<\/div>\n<\/div>\n","protected":false},"excerpt":{"rendered":"<p>Il materiale serigrafabile per etichette in poliestere 3M 7924 \u00e8 durevole e ad alte prestazioni e offre eccellente stabilit\u00e0 termica e resistenza all&#8217;umidit\u00e0 e agli agenti chimici.<\/p>\n","protected":false},"featured_media":8961,"template":"","meta":{"_acf_changed":false},"product_brand":[3337],"product_cat":[1052,1469],"product_tag":[1180,1101,1181,1182],"class_list":{"0":"post-11767","1":"product","2":"type-product","3":"status-publish","4":"has-post-thumbnail","6":"product_brand-3m","7":"product_cat-industrial-adhesives-tapes-de","8":"product_cat-durable-labels-de","9":"product_tag-biadesivo-acrilico","10":"product_tag-nastro-biadesivo","11":"product_tag-nastro-biadesivo-resistente","12":"product_tag-viscoelastico","13":"pa_colore-argento","15":"first","16":"instock","17":"product-type-simple"},"acf":{"short_description":"Il materiale serigrafabile 3M 7924 \u00e8 ideale per creare etichette durevoli e resistenti. Scopri la sua versatilit\u00e0 e qualit\u00e0 per le tue applicazioni industriali.","long_description":"<p>Il materiale serigrafabile per etichette in poliestere 3M 7924 \u00e8 la soluzione perfetta per chi cerca un prodotto di alta qualit\u00e0 per applicazioni industriali. Questo materiale \u00e8 progettato per garantire etichette durevoli, in grado di resistere a condizioni ambientali avverse, come umidit\u00e0, calore e esposizione ai raggi UV. Grazie alla tecnologia avanzata di 3M, il 7924 offre una superficie ideale per la serigrafia, assicurando risultati di stampa eccezionali e dettagli nitidi. Le etichette realizzate con questo materiale non solo offrono un'eccellente adesione, ma sono anche resistenti a graffi e abrasioni, mantenendo la loro leggibilit\u00e0 nel tempo.<\/p>\n<p>Con uno spessore di 0,1 mm, il 3M 7924 combina robustezza e flessibilit\u00e0, permettendo di adattarsi facilmente a diverse superfici, anche quelle curve. \u00c8 disponibile in rotoli, facilitando la gestione e l'applicazione in ambienti di produzione. Inoltre, il materiale \u00e8 compatibile con una vasta gamma di inchiostri serigrafici, rendendo la stampa semplice e veloce.<\/p>\n<p>Questo prodotto \u00e8 ideale per aziende che necessitano di etichette personalizzate per identificare prodotti, attrezzature o per la gestione di inventari. La sua resistenza chimica lo rende perfetto anche per ambienti industriali dove gli agenti chimici possono compromettere altri materiali. Optando per il materiale serigrafabile in poliestere 3M 7924, le imprese possono contare su un prodotto di alta qualit\u00e0 che non solo migliora l'aspetto visivo dei loro prodotti, ma garantisce anche una lunga durata nel tempo, riducendo i costi di sostituzione delle etichette.<\/p>","feature_1":"Spessore di 0,1 mm per una robustezza ottimale","feature_2":"Superficie progettata per una serigrafia di alta qualit\u00e0","feature_3":"Resistenza all'umidit\u00e0 per applicazioni in ambienti difficili","feature_4":"Eccellente adesione su diverse superfici","feature_5":"Resistente ai raggi UV per una durata prolungata","feature_6":"Compatibile con vari inchiostri serigrafici","feature_7":"Resistente a graffi e abrasioni","feature_8":"Flessibile, adatta a superfici curve","feature_9":"Disponibile in rotoli per una gestione efficiente","feature_10":"Ideale per etichette personalizzate in ambito industriale"},"_links":{"self":[{"href":"https:\/\/finatsrl.it\/de\/wp-json\/wp\/v2\/product\/11767","targetHints":{"allow":["GET"]}}],"collection":[{"href":"https:\/\/finatsrl.it\/de\/wp-json\/wp\/v2\/product"}],"about":[{"href":"https:\/\/finatsrl.it\/de\/wp-json\/wp\/v2\/types\/product"}],"wp:featuredmedia":[{"embeddable":true,"href":"https:\/\/finatsrl.it\/de\/wp-json\/wp\/v2\/media\/8961"}],"wp:attachment":[{"href":"https:\/\/finatsrl.it\/de\/wp-json\/wp\/v2\/media?parent=11767"}],"wp:term":[{"taxonomy":"product_brand","embeddable":true,"href":"https:\/\/finatsrl.it\/de\/wp-json\/wp\/v2\/product_brand?post=11767"},{"taxonomy":"product_cat","embeddable":true,"href":"https:\/\/finatsrl.it\/de\/wp-json\/wp\/v2\/product_cat?post=11767"},{"taxonomy":"product_tag","embeddable":true,"href":"https:\/\/finatsrl.it\/de\/wp-json\/wp\/v2\/product_tag?post=11767"}],"curies":[{"name":"wp","href":"https:\/\/api.w.org\/{rel}","templated":true}]}}