{"id":11746,"date":"2025-01-27T15:50:37","date_gmt":"2025-01-27T14:50:37","guid":{"rendered":"https:\/\/finatnew.newhosting.intellijam.com\/prodotto\/materiali-per-etichette-in-poliestere-a-trasferimento-termico-3m-7872ej\/"},"modified":"2025-11-26T12:08:13","modified_gmt":"2025-11-26T11:08:13","slug":"materiali-per-etichette-in-poliestere-a-trasferimento-termico-3m-7872ej","status":"publish","type":"product","link":"https:\/\/finatsrl.it\/de\/product\/materiali-per-etichette-in-poliestere-a-trasferimento-termico-3m-7872ej\/","title":{"rendered":"Materiali per etichette in poliestere a trasferimento termico 3M 7872EJ"},"content":{"rendered":"<div class=\"product-bullet-block\">\n<div class=\"bullet n1\">Questo adesivo pu\u00f2 aderire in modo permanente alle materie plastiche ad alta energia superficiale (HSE) e a bassa energia superficiale (LSE), superfici testurizzate e sagomate, rivestimenti in polvere e metalli leggermente oleosi<\/div>\n<div class=\"bullet n2\">Lo spessore elevato garantisce una maggiore tenuta sulle superfici pi\u00f9 ruvide<\/div>\n<div class=\"bullet n3\">La parte frontale possiede un trattamento superficiale adatto alla stampa a trasferimento termico<\/div>\n<div class=\"bullet n4\"><\/div>\n<div class=\"bullet n5\"><\/div>\n<div class=\"bullet n6\"><\/div>\n<div class=\"bullet n7\"><\/div>\n<\/div>\n<div class=\"product-description-block\">\n<div class=\"short\">Il materiale per etichette in poliestere a trasferimento termico 3M 7872 \u00e8 un materiale per etichette in poliestere lucido che offre una durata eccezionale e resistenza all&#8217;umidit\u00e0. Questo prodotto per etichette utilizza l&#8217;adesivo acrilico ad alte prestazioni 3M 350, offre un&#8217;eccellente resistenza chimica e forza di tenuta anche a temperature elevate.<\/div>\n<div class=\"extended\">Il materiale utilizza l&#8217;adesivo 350E di 3M, creato per offrire eccellente adesione su superfici in plastica a bassa energia superficiale, su verniciature a polvere e in metallo.<\/div>\n<\/div>\n","protected":false},"excerpt":{"rendered":"<p>Il materiale per etichette in poliestere a trasferimento termico 3M 7872 \u00e8 un materiale per etichette in poliestere lucido che offre una durata eccezionale e resistenza all&#8217;umidit\u00e0. Questo prodotto per etichette utilizza l&#8217;adesivo acrilico ad alte prestazioni 3M 350, offre un&#8217;eccellente resistenza chimica e forza di tenuta anche a temperature elevate.<\/p>\n","protected":false},"featured_media":8948,"template":"","meta":{"_acf_changed":false},"product_brand":[3337],"product_cat":[1052,1469],"product_tag":[1236,1234,1233,1230,1235,1228,1232,1237,1231,1229],"class_list":{"0":"post-11746","1":"product","2":"type-product","3":"status-publish","4":"has-post-thumbnail","6":"product_brand-3m","7":"product_cat-industrial-adhesives-tapes-de","8":"product_cat-durable-labels-de","9":"product_tag-etichetta-di-sicurezza","10":"product_tag-etichetta-lasergravabile","11":"product_tag-etichetta-per-termotrasferimento","12":"product_tag-etichetta-resistente-allacetone","13":"product_tag-etichetta-rimovibile","14":"product_tag-etichette","15":"product_tag-etichette-adesive","16":"product_tag-etichette-distruttibili","17":"product_tag-etichette-durevoli","18":"product_tag-trasferimento-termico","19":"pa_colore-platino","21":"first","22":"instock","23":"product-type-simple"},"acf":{"short_description":"I materiali per etichette in poliestere a trasferimento termico 3M 7872EJ offrono una resistenza superiore e una qualit\u00e0 di stampa eccezionale. Ideali per applicazioni industriali, garantiscono etichette durevoli e affidabili.","long_description":"<p>I materiali per etichette in poliestere a trasferimento termico 3M 7872EJ rappresentano la soluzione ideale per chi cerca prestazioni elevate e durata nel tempo. Progettati per resistere a condizioni ambientali avverse, questi materiali sono perfetti per applicazioni industriali, dalla logistica alla produzione. Grazie alla loro struttura in poliestere, offrono un'eccellente resistenza all'umidit\u00e0, ai solventi e ai raggi UV, garantendo che le etichette rimangano leggibili e intatte anche in ambienti difficili. La compatibilit\u00e0 con stampanti a trasferimento termico consente di ottenere stampe di alta qualit\u00e0, con dettagli nitidi e colori vividi. Inoltre, il supporto adesivo di alta qualit\u00e0 assicura un'applicazione facile e duratura su diverse superfici. Scegliendo i materiali 3M 7872EJ, si investe in un prodotto che non solo soddisfa, ma supera le aspettative in termini di performance e affidabilit\u00e0. Questi materiali sono progettati per resistere a temperature estreme, rendendoli adatti anche per applicazioni frigorifere. In aggiunta, l'ottima adesione su superfici ruvide e irregolari amplia le possibilit\u00e0 d'uso. Non rinunciare alla qualit\u00e0: scegli 3M 7872EJ per le tue etichette durevoli e affidabili.<\/p>","feature_1":"Materiale in poliestere ad alta resistenza per una durata prolungata","feature_2":"Compatibilit\u00e0 con stampanti a trasferimento termico per stampe di alta qualit\u00e0","feature_3":"Resistente all'umidit\u00e0, ai solventi e ai raggi UV","feature_4":"Facile applicazione grazie all'adesivo di alta qualit\u00e0","feature_5":"Idoneo per condizioni ambientali estreme, inclusi frigoriferi","feature_6":"Ottima adesione su superfici ruvide e irregolari","feature_7":"Temperatura di funzionamento: da -40\u00b0C a +80\u00b0C","feature_8":"Finitura liscia per una qualit\u00e0 di stampa eccellente","feature_9":"Spessore del materiale: 100 micrometri","feature_10":"Dimensioni disponibili: larghezza 100mm, lunghezza 100m"},"_links":{"self":[{"href":"https:\/\/finatsrl.it\/de\/wp-json\/wp\/v2\/product\/11746","targetHints":{"allow":["GET"]}}],"collection":[{"href":"https:\/\/finatsrl.it\/de\/wp-json\/wp\/v2\/product"}],"about":[{"href":"https:\/\/finatsrl.it\/de\/wp-json\/wp\/v2\/types\/product"}],"wp:featuredmedia":[{"embeddable":true,"href":"https:\/\/finatsrl.it\/de\/wp-json\/wp\/v2\/media\/8948"}],"wp:attachment":[{"href":"https:\/\/finatsrl.it\/de\/wp-json\/wp\/v2\/media?parent=11746"}],"wp:term":[{"taxonomy":"product_brand","embeddable":true,"href":"https:\/\/finatsrl.it\/de\/wp-json\/wp\/v2\/product_brand?post=11746"},{"taxonomy":"product_cat","embeddable":true,"href":"https:\/\/finatsrl.it\/de\/wp-json\/wp\/v2\/product_cat?post=11746"},{"taxonomy":"product_tag","embeddable":true,"href":"https:\/\/finatsrl.it\/de\/wp-json\/wp\/v2\/product_tag?post=11746"}],"curies":[{"name":"wp","href":"https:\/\/api.w.org\/{rel}","templated":true}]}}