{"id":11723,"date":"2025-01-27T15:50:37","date_gmt":"2025-01-27T14:50:37","guid":{"rendered":"https:\/\/finatnew.newhosting.intellijam.com\/prodotto\/nastro-in-alluminio-3m-1436f\/"},"modified":"2025-11-26T12:08:10","modified_gmt":"2025-11-26T11:08:10","slug":"nastro-in-alluminio-3m-1436f","status":"publish","type":"product","link":"https:\/\/finatsrl.it\/de\/product\/nastro-in-alluminio-3m-1436f\/","title":{"rendered":"Nastro in alluminio 3M 1436F"},"content":{"rendered":"<div class=\"product-bullet-block\">\n<div class=\"bullet n1\">Il supporto in lamina fornisce un&#8217;eccellente superficie riflettente sia per il calore che per la luce<\/div>\n<div class=\"bullet n2\">Aderisce a varie superfici grazie al robusto adesivo in gomma<\/div>\n<div class=\"bullet n3\">La bassissima permeabilit\u00e0 al vapore acqueo garantisce ottime prestazioni di sigillatura e rattoppatura<\/div>\n<div class=\"bullet n4\">I risultati migliori si ottengono quando il prodotto viene applicato su superfici asciutte e pulite e in presenza di temperature superiori a 0 \u00b0C.<\/div>\n<div class=\"bullet n5\"><\/div>\n<div class=\"bullet n6\"><\/div>\n<div class=\"bullet n7\"><\/div>\n<\/div>\n<div class=\"product-description-block\">\n<div class=\"short\">Il nastro in alluminio 3M 1436F \u00e8 il nostro nastro in lamina di alluminio morbido di alta qualit\u00e0 per lavori di canalizzazione interni ed esterni. Offre un adesivo aggressivo per una facile applicazione.<\/div>\n<div class=\"extended\">Il nastro in alluminio 3M 1436F per usi generali (spessore 0,075 mm) ha un adesivo in gomma aggressivo, un liner che si rimuove facilmente e un supporto in alluminio flessibile, che offre una buona conformabilit\u00e0.;;Utilizzare questo nastro in applicazioni interne ed esterne. Aderisce su una variet\u00e0 di superfici diverse tra cui legno, metalli e materie plastiche e presenta un basso livello di infiammabilit\u00e0 in base alla norma DIN4102B1.<\/div>\n<\/div>\n","protected":false},"excerpt":{"rendered":"<p>Il nastro in alluminio 3M 1436F \u00e8 il nostro nastro in lamina di alluminio morbido di alta qualit\u00e0 per lavori di canalizzazione interni ed esterni. Offre un adesivo aggressivo per una facile applicazione.<\/p>\n","protected":false},"featured_media":7884,"template":"","meta":{"_acf_changed":false},"product_brand":[3337],"product_cat":[29,801],"product_tag":[1214,1321,1213,1216,1215,1217,1221,1220,1219,1218],"class_list":{"0":"post-11723","1":"product","2":"type-product","3":"status-publish","4":"has-post-thumbnail","6":"product_brand-3m","7":"product_cat-adesivi-e-nastri-industriali","8":"product_cat-nastri-per-schermature-e-alte-prestazioni","9":"product_tag-nastro-adesivo-in-alluminio","10":"product_tag-nastro-adesivo-in-metallo","11":"product_tag-nastro-in-alluminio","12":"product_tag-nastro-in-alluminio-per-condotti","13":"product_tag-nastro-in-foglio-di-alluminio","14":"product_tag-nastro-in-foglio-di-alluminio-ad-alta-temperatura","15":"product_tag-nastro-in-foglio-di-metallo","16":"product_tag-nastro-per-riparazione-tubi","17":"product_tag-schermo-riflettente-in-metallo","18":"product_tag-temperatura-del-condotto","20":"first","21":"instock","22":"product-type-simple"},"acf":{"short_description":"Il nastro in alluminio 3M 1436F \u00e8 la soluzione ideale per tutte le esigenze di adesione e schermatura. Grazie alla sua alta resistenza, \u00e8 perfetto per applicazioni industriali e professionali.","long_description":"<p>Il nastro in alluminio 3M 1436F rappresenta una scelta eccellente per chi cerca prestazioni elevate e durature nel settore degli adesivi e nastri industriali. Realizzato con materiali di alta qualit\u00e0, questo nastro offre una combinazione unica di resistenza e versatilit\u00e0, rendendolo ideale per una vasta gamma di applicazioni industriali. Grazie alla sua struttura in alluminio, il nastro garantisce una protezione efficace contro l'umidit\u00e0, il calore e altre condizioni ambientali avverse, assicurando che le tue applicazioni rimangano sicure e funzionanti nel tempo.<\/p>\n<p>Con una larghezza di 50 mm e una lunghezza di 50 m, il nastro in alluminio 3M 1436F \u00e8 progettato per adattarsi perfettamente a qualsiasi progetto, grande o piccolo. La sua adesione potente e duratura consente di utilizzarlo su superfici diverse, tra cui metallo, plastica e legno, rendendolo uno strumento versatile per ogni professionista. Inoltre, il nastro \u00e8 resistente ai raggi UV, il che significa che non perder\u00e0 le sue propriet\u00e0 adesive anche quando esposto alla luce solare diretta.<\/p>\n<p>Un'altra caratteristica importante del nastro in alluminio 3M 1436F \u00e8 la sua facilit\u00e0 di applicazione. Grazie al suo design user-friendly, \u00e8 possibile applicarlo rapidamente e senza difficolt\u00e0, riducendo i tempi di lavoro e aumentando l'efficienza. Questo lo rende particolarmente adatto per l'uso in ambienti industriali frenetici, dove ogni secondo conta.<\/p>\n<p>In sintesi, il nastro in alluminio 3M 1436F \u00e8 una soluzione innovativa per chi cerca nastri per schermature e alte prestazioni. Non solo offre resistenza e versatilit\u00e0, ma \u00e8 anche progettato per soddisfare le esigenze specifiche degli utenti nel settore industriale. Scegli il nastro 3M 1436F e aumenta la qualit\u00e0 delle tue applicazioni adesive.<\/p>","feature_1":"Materiale: Alluminio di alta qualit\u00e0 per una resistenza superiore","feature_2":"Larghezza: 50 mm per una copertura efficace","feature_3":"Lunghezza: 50 m per utilizzi prolungati","feature_4":"Adesione forte e duratura su diverse superfici","feature_5":"Resistente all'umidit\u00e0 e al calore per condizioni ambientali estreme","feature_6":"Resistente ai raggi UV per utilizzo all'aperto","feature_7":"Facile da applicare, riduce i tempi di lavoro","feature_8":"Versatile: ideale per metallo, plastica e legno","feature_9":"Progettato per applicazioni industriali e professionali","feature_10":"Certificato per standard di qualit\u00e0 3M"},"_links":{"self":[{"href":"https:\/\/finatsrl.it\/de\/wp-json\/wp\/v2\/product\/11723","targetHints":{"allow":["GET"]}}],"collection":[{"href":"https:\/\/finatsrl.it\/de\/wp-json\/wp\/v2\/product"}],"about":[{"href":"https:\/\/finatsrl.it\/de\/wp-json\/wp\/v2\/types\/product"}],"wp:featuredmedia":[{"embeddable":true,"href":"https:\/\/finatsrl.it\/de\/wp-json\/wp\/v2\/media\/7884"}],"wp:attachment":[{"href":"https:\/\/finatsrl.it\/de\/wp-json\/wp\/v2\/media?parent=11723"}],"wp:term":[{"taxonomy":"product_brand","embeddable":true,"href":"https:\/\/finatsrl.it\/de\/wp-json\/wp\/v2\/product_brand?post=11723"},{"taxonomy":"product_cat","embeddable":true,"href":"https:\/\/finatsrl.it\/de\/wp-json\/wp\/v2\/product_cat?post=11723"},{"taxonomy":"product_tag","embeddable":true,"href":"https:\/\/finatsrl.it\/de\/wp-json\/wp\/v2\/product_tag?post=11723"}],"curies":[{"name":"wp","href":"https:\/\/api.w.org\/{rel}","templated":true}]}}