{"id":11664,"date":"2025-01-27T15:50:16","date_gmt":"2025-01-27T14:50:16","guid":{"rendered":"https:\/\/finatnew.newhosting.intellijam.com\/prodotto\/adesivo-a-contatto-in-neoprene-3m-10\/"},"modified":"2025-11-26T12:08:05","modified_gmt":"2025-11-26T11:08:05","slug":"adesivo-a-contatto-in-neoprene-3m-10","status":"publish","type":"product","link":"https:\/\/finatsrl.it\/de\/product\/adesivo-a-contatto-in-neoprene-3m-10\/","title":{"rendered":"Adesivo a contatto in neoprene 3M 10"},"content":{"rendered":"<div class=\"product-bullet-block\">\n<div class=\"bullet n1\">Presa immediata: non richiede fi ssaggi meccanici temporanei una volta uniti i materiali<\/div>\n<div class=\"bullet n2\">Buona resistenza al calore<\/div>\n<div class=\"bullet n3\">Ottima resistenza all&#8217;umidit\u00e0 e al calore e buone prestazioni fino a 300 \u00b0F\/148 \u00b0C<\/div>\n<div class=\"bullet n4\">Metodo di applicazione a pennello o spatola<\/div>\n<div class=\"bullet n5\"><\/div>\n<div class=\"bullet n6\"><\/div>\n<div class=\"bullet n7\"><\/div>\n<\/div>\n<div class=\"product-description-block\">\n<div class=\"short\">L&#8217;adesivo neoprenico a contatto 3M 10 \u00e8 un prodotto aderente al contatto e pennellabile, di colore giallo chiaro.<\/div>\n<div class=\"extended\">Adesivo versatile per gomma e guarnizioni Il nostro adesivo neoprenico a contatto 5 3M \u00e8 uno dei nostri adesivi a base di solventi pi\u00f9 versatili per le applicazioni gravose di laminazione di superfici da pi\u00f9 di 60 anni. Offre un&#8217;ottima resistenza al calore e all&#8217;acqua, assicurando buone prestazioni con temperature fino a 149 \u00b0C (300 \u00b0F). L&#8217;adesivo neoprenico a contatto 5 si spruzza con facilit\u00e0 e si asciuga in fretta, lasciando per\u00f2 il tempo necessario per il posizionamento senza rallentare i processi di lavorazione. Applicazioni consigliate Creazione di pannelli in composito Applicazioni generiche per adesivi a contatto Lavorazione del legno Applicazione dell&#8217;adesivo L&#8217;applicazione del tuo adesivo 3M, a spruzzo, con pennello o rullo, \u00e8 un processo lineare. Inizia applicando con cura l&#8217;adesivo sulla tua superficie fino a creare una mano uniforme. Se si usa un motivo a sovrapposizione, l&#8217;applicazione di una sola mano di prodotto dovrebbe essere sufficiente per la maggior parte delle superfici. Alcuni substrati, inclusi i materiali porosi, possono richiedere una mano ulteriore. Per applicare altro adesivo, devi solo attendere che l&#8217;adesivo presente risulti asciutto al tatto, quindi procedi all&#8217;applicazione della mano ulteriore di prodotto.<\/div>\n<\/div>\n","protected":false},"excerpt":{"rendered":"<p>L&#8217;adesivo neoprenico a contatto 3M 10 \u00e8 un prodotto aderente al contatto e pennellabile, di colore giallo chiaro.<\/p>\n","protected":false},"featured_media":8905,"template":"","meta":{"_acf_changed":false},"product_brand":[3337],"product_cat":[1052,1076],"product_tag":[3411,1133],"class_list":{"0":"post-11664","1":"product","2":"type-product","3":"status-publish","4":"has-post-thumbnail","6":"product_brand-3m","7":"product_cat-industrial-adhesives-tapes-de","8":"product_cat-sprayable-and-hot-melt-adhes-de","9":"product_tag-adesivo-a-contatto","10":"product_tag-contatto","12":"first","13":"instock","14":"product-type-simple"},"acf":{"short_description":"L'adesivo a contatto in neoprene 3M 10 \u00e8 la soluzione perfetta per incollaggi resistenti e duraturi. Ideale per applicazioni industriali, offre una performance superiore in ogni situazione.","long_description":"<p>L'adesivo a contatto in neoprene 3M 10 \u00e8 un prodotto innovativo e altamente performante, progettato per soddisfare le esigenze delle applicazioni industriali pi\u00f9 esigenti. Questo adesivo \u00e8 formulato per garantire una forte adesione su una vasta gamma di materiali, tra cui gomma, metallo, legno e plastica, rendendolo un alleato indispensabile per i professionisti del settore. Grazie alla sua composizione a base di neoprene, offre una resistenza eccellente alle temperature estreme e all'umidit\u00e0, assicurando risultati duraturi nel tempo.<\/p>\n<p>Con una viscosit\u00e0 ottimale, l'adesivo permette una facile applicazione sia a pennello che a spruzzo, rendendo i processi di incollaggio pi\u00f9 efficienti e veloci. La sua formula a rapida asciugatura consente di ridurre i tempi di attesa e di aumentare la produttivit\u00e0, mentre la resistenza chimica garantisce una tenuta sicura anche in ambienti difficili. Questo adesivo \u00e8 ideale per l'assemblaggio di componenti, la riparazione di materiali e la creazione di strutture complesse.<\/p>\n<p>Inoltre, l'adesivo a contatto in neoprene 3M 10 \u00e8 conforme alle normative di sicurezza e salute, rendendolo una scelta sicura per l'uso in ambienti industriali. Sia che tu stia lavorando a un progetto di grande scala o a riparazioni pi\u00f9 piccole, puoi contare su questo prodotto per risultati professionali. Scegliere l'adesivo a contatto in neoprene 3M 10 significa investire in una soluzione di qualit\u00e0 che migliora l'efficienza e la durabilit\u00e0 dei tuoi progetti.<\/p>","feature_1":"Formula a base di neoprene per una resistenza duratura","feature_2":"Elevata adesione su gomma, metallo, legno e plastica","feature_3":"Resistente a temperature estreme e umidit\u00e0","feature_4":"Applicazione semplice sia a pennello che a spruzzo","feature_5":"Asciugatura rapida per aumentare la produttivit\u00e0","feature_6":"Resistenza chimica eccellente","feature_7":"Conforme alle normative di sicurezza","feature_8":"Ideale per assemblaggio di componenti e riparazioni","feature_9":"Compatibile con una vasta gamma di materiali industriali","feature_10":"Perfetto per applicazioni professionali e fai-da-te"},"_links":{"self":[{"href":"https:\/\/finatsrl.it\/de\/wp-json\/wp\/v2\/product\/11664","targetHints":{"allow":["GET"]}}],"collection":[{"href":"https:\/\/finatsrl.it\/de\/wp-json\/wp\/v2\/product"}],"about":[{"href":"https:\/\/finatsrl.it\/de\/wp-json\/wp\/v2\/types\/product"}],"wp:featuredmedia":[{"embeddable":true,"href":"https:\/\/finatsrl.it\/de\/wp-json\/wp\/v2\/media\/8905"}],"wp:attachment":[{"href":"https:\/\/finatsrl.it\/de\/wp-json\/wp\/v2\/media?parent=11664"}],"wp:term":[{"taxonomy":"product_brand","embeddable":true,"href":"https:\/\/finatsrl.it\/de\/wp-json\/wp\/v2\/product_brand?post=11664"},{"taxonomy":"product_cat","embeddable":true,"href":"https:\/\/finatsrl.it\/de\/wp-json\/wp\/v2\/product_cat?post=11664"},{"taxonomy":"product_tag","embeddable":true,"href":"https:\/\/finatsrl.it\/de\/wp-json\/wp\/v2\/product_tag?post=11664"}],"curies":[{"name":"wp","href":"https:\/\/api.w.org\/{rel}","templated":true}]}}