{"id":11612,"date":"2025-01-27T15:49:55","date_gmt":"2025-01-27T14:49:55","guid":{"rendered":"https:\/\/finatnew.newhosting.intellijam.com\/prodotto\/adesivo-a-caldo-3m-hot-melt-3762lm-q\/"},"modified":"2025-11-26T12:07:46","modified_gmt":"2025-11-26T11:07:46","slug":"adesivo-a-caldo-3m-hot-melt-3762lm-q","status":"publish","type":"product","link":"https:\/\/finatsrl.it\/de\/product\/adesivo-a-caldo-3m-hot-melt-3762lm-q\/","title":{"rendered":"Adesivo a caldo 3M Hot Melt 3762LM Q"},"content":{"rendered":"<div class=\"product-bullet-block\">\n<div class=\"bullet n1\">L&#8217;aderenza a caldo aggressiva raggiunge rapidamente la forza di manipolazione<\/div>\n<div class=\"bullet n2\">Eccellente aderenza a caldo.<\/div>\n<div class=\"bullet n3\">Solidi al 100 per cento<\/div>\n<div class=\"bullet n4\">Lavorazione del legno, arredamento, settore automobilistico, trasporti, uso industriale generico, fodere, espositori per punto vendita, pannelli campione, settore militare, finestra, porta, edilizia, trofei, gadget, componenti audio, armadi, costruzione, confezionamento, elettronica<\/div>\n<div class=\"bullet n5\">Assemblaggio, giunzione di assemblaggio, applicazione, fissaggio, riparazione, sopraggetto, collegamento pannelli, fissaggio cavi, fasciatura, sigillatura, incapsulamento, rigidizzazione, unione di schiume, incollaggio, confezionamento, adesione e chiusura.<\/div>\n<div class=\"bullet n6\"><\/div>\n<div class=\"bullet n7\"><\/div>\n<\/div>\n<div class=\"product-description-block\">\n<div class=\"short\">L&#8217;adesivo hot melt 3M 3762LM \u00e8 un adesivo hot melt al 100% solido e a presa rapida progettato per applicazioni di imballaggio e spedizione. \u00c8 ideale per l&#8217;incollaggio di cartoni in cartone ondulato, legno, truciolare, truciolato e schiuma. L&#8217;intervallo di temperatura di applicazione consigliato \u00e8 250-270 \u00b0 F (121-132 \u00b0 C).<\/div>\n<div class=\"extended\">L&#8217;adesivo a caldo 3M 3762 presenta un&#8217;eccellente aderenza a caldo. Aderisce a materiali corrugati e per espositori. Realizzato con componenti elencati come additivi alimentari indiretti ai sensi della norma FDA sugli adesivi.<\/div>\n<\/div>\n","protected":false},"excerpt":{"rendered":"<p>L&#8217;adesivo hot melt 3M 3762LM \u00e8 un adesivo hot melt al 100% solido e a presa rapida progettato per applicazioni di imballaggio e spedizione. \u00c8 ideale per l&#8217;incollaggio di cartoni in cartone ondulato, legno, truciolare, truciolato e schiuma. L&#8217;intervallo di temperatura di applicazione consigliato \u00e8 250-270 \u00b0 F (121-132 \u00b0 C).<\/p>\n","protected":false},"featured_media":7904,"template":"","meta":{"_acf_changed":false},"product_brand":[3337],"product_cat":[29,763],"product_tag":[3420,1122],"class_list":{"0":"post-11612","1":"product","2":"type-product","3":"status-publish","4":"has-post-thumbnail","6":"product_brand-3m","7":"product_cat-adesivi-e-nastri-industriali","8":"product_cat-adesivi-spray-e-adesivi-a-caldo","9":"product_tag-adesivo-a-caldo","10":"product_tag-hot-melt","12":"first","13":"instock","14":"product-type-simple"},"acf":{"short_description":"L'adesivo a caldo 3M Hot Melt 3762LM Q \u00e8 la soluzione ideale per applicazioni industriali che richiedono resistenza e velocit\u00e0. Scopri le sue caratteristiche innovative e migliora la tua produttivit\u00e0!","long_description":"<p>L'adesivo a caldo 3M Hot Melt 3762LM Q \u00e8 progettato per soddisfare le esigenze di un'ampia gamma di applicazioni industriali, offrendo prestazioni eccezionali e una facilit\u00e0 d'uso senza pari. Questo adesivo \u00e8 composto da una formulazione avanzata che garantisce un'eccellente adesione su diversi materiali, rendendolo ideale per lavori di incollaggio rapidi e duraturi. Grazie alla sua versatilit\u00e0, pu\u00f2 essere utilizzato in settori come l'imballaggio, la lavorazione del legno e la produzione di articoli in plastica.<\/p>\n<p>Le sue propriet\u00e0 termoplastiche consentono di raggiungere una rapida solidificazione, riducendo i tempi di attesa tra le fasi di produzione. Inoltre, la resistenza alla temperatura e all'umidit\u00e0 lo rende perfetto per applicazioni sia interne che esterne. Con un'elevata resistenza agli urti e una tenuta a lungo termine, l'adesivo a caldo 3M Hot Melt 3762LM Q rappresenta una scelta sicura e affidabile per ogni progetto.<\/p>\n<p>Utilizzabile in attrezzature di incollaggio standard, questo prodotto \u00e8 facile da applicare e consente una precisione elevata, minimizzando gli sprechi. In aggiunta, la sua composizione eco-compatibile contribuisce a ridurre l'impatto ambientale delle operazioni industriali. Scegliere l'adesivo a caldo 3M Hot Melt 3762LM Q significa investire in qualit\u00e0 e performance, garantendo risultati ottimali in ogni fase del processo produttivo. Non perdere l'opportunit\u00e0 di migliorare la tua produttivit\u00e0 con questo straordinario adesivo!<\/p>","feature_1":"Formulazione avanzata per un'adesione ottimale su vari materiali","feature_2":"Rapida solidificazione per ridurre i tempi di produzione","feature_3":"Elevata resistenza agli urti per applicazioni durevoli","feature_4":"Eccellenti propriet\u00e0 termoplastiche per una lavorazione facile","feature_5":"Compatibile con attrezzature di incollaggio standard","feature_6":"Resistente all'umidit\u00e0 e alle variazioni di temperatura","feature_7":"Eco-compatibile per ridurre l'impatto ambientale","feature_8":"Versatile per utilizzi in diversi settori industriali","feature_9":"Facilit\u00e0 di applicazione per una maggiore precisione","feature_10":"Ideale per lavori di incollaggio rapidi e sicuri"},"_links":{"self":[{"href":"https:\/\/finatsrl.it\/de\/wp-json\/wp\/v2\/product\/11612","targetHints":{"allow":["GET"]}}],"collection":[{"href":"https:\/\/finatsrl.it\/de\/wp-json\/wp\/v2\/product"}],"about":[{"href":"https:\/\/finatsrl.it\/de\/wp-json\/wp\/v2\/types\/product"}],"wp:featuredmedia":[{"embeddable":true,"href":"https:\/\/finatsrl.it\/de\/wp-json\/wp\/v2\/media\/7904"}],"wp:attachment":[{"href":"https:\/\/finatsrl.it\/de\/wp-json\/wp\/v2\/media?parent=11612"}],"wp:term":[{"taxonomy":"product_brand","embeddable":true,"href":"https:\/\/finatsrl.it\/de\/wp-json\/wp\/v2\/product_brand?post=11612"},{"taxonomy":"product_cat","embeddable":true,"href":"https:\/\/finatsrl.it\/de\/wp-json\/wp\/v2\/product_cat?post=11612"},{"taxonomy":"product_tag","embeddable":true,"href":"https:\/\/finatsrl.it\/de\/wp-json\/wp\/v2\/product_tag?post=11612"}],"curies":[{"name":"wp","href":"https:\/\/api.w.org\/{rel}","templated":true}]}}