{"id":11562,"date":"2025-02-01T10:32:30","date_gmt":"2025-02-01T09:32:30","guid":{"rendered":"https:\/\/finatnew.newhosting.intellijam.com\/prodotto\/primer-per-metallo-3m-scotch-weld-3901\/"},"modified":"2025-11-26T12:07:41","modified_gmt":"2025-11-26T11:07:41","slug":"primer-per-metallo-3m-scotch-weld-3901","status":"publish","type":"product","link":"https:\/\/finatsrl.it\/de\/product\/primer-per-metallo-3m-scotch-weld-3901\/","title":{"rendered":"Primer per metallo 3M Scotch-Weld 3901"},"content":{"rendered":"<div class=\"product-bullet-block\">\n<div class=\"bullet n1\">Primer per metallo e vetro<\/div>\n<div class=\"bullet n2\">Protezione anticorrosione<\/div>\n<div class=\"bullet n3\">Bassa viscosit\u00e0<\/div>\n<div class=\"bullet n4\">Lavorazione di metalli, settore dei trasporti, settore aerospaziale, energia solare, eolica, attrezzature per l&#8217;edilizia e attrezzature agricole.<\/div>\n<div class=\"bullet n5\">Applicazione di primer per metallo e vetro<\/div>\n<div class=\"bullet n6\"><\/div>\n<div class=\"bullet n7\"><\/div>\n<\/div>\n<div class=\"product-description-block\">\n<div class=\"short\">Assicura la completa bagnabilit\u00e0 della pellicola adesiva alle superfici. Semplifica la pianificazione della produzione proteggendo le superfici pulite fino al completamento delle operazioni di incollaggio. Conferisce ai metalli una maggiore protezione contro la corrosione.<\/div>\n<div class=\"extended\">Il primer monocomponente per metallo e vetro 3M Scotch Weld 3901 \u00e8 progettato per l&#8217;utilizzo con film e adesivi strutturali liquidi 3M Scotch Weld. Formulato per migliorare l&#8217;adesione di metallo e vetro, questo primer semplifica la programmazione della produzione proteggendo le superfici pulite fino al completamento delle operazioni di incollaggio. Questo prodotto offre resistenza contro agenti ambientali e una migliore protezione dalla corrosione del metallo. 3M Scotch Weld Metal Primer 3901 ha una bassa viscosit\u00e0, per una facile applicazione e permea completamente il film adesivo applicato sulla superficie, preparando in maniera ottimale il substrato all&#8217;incollaggio.<\/div>\n<\/div>\n","protected":false},"excerpt":{"rendered":"<p>Assicura la completa bagnabilit\u00e0 della pellicola adesiva alle superfici. Semplifica la pianificazione della produzione proteggendo le superfici pulite fino al completamento delle operazioni di incollaggio. Conferisce ai metalli una maggiore protezione contro la corrosione.<\/p>\n","protected":false},"featured_media":12618,"template":"","meta":{"_acf_changed":false},"product_brand":[3346],"product_cat":[29,288],"product_tag":[3845],"class_list":{"0":"post-11562","1":"product","2":"type-product","3":"status-publish","4":"has-post-thumbnail","6":"product_brand-scotch-weld","7":"product_cat-adesivi-e-nastri-industriali","8":"product_cat-adesivi-strutturali","9":"product_tag-primeradesivo-strutturale","11":"first","12":"instock","13":"product-type-simple"},"acf":{"short_description":"Il Primer per metallo 3M Scotch-Weld 3901 \u00e8 una soluzione innovativa per migliorare l'adesione di adesivi e nastri industriali. Ideale per applicazioni strutturali, garantisce risultati duraturi e resistenti.","long_description":"<p>Il Primer per metallo 3M Scotch-Weld 3901 \u00e8 un prodotto di alta qualit\u00e0 progettato per ottimizzare l'adesione degli adesivi su superfici metalliche. Grazie alla sua formula avanzata, questo primer crea una base ideale per garantire una legatura forte e duratura, rendendolo perfetto per applicazioni industriali e strutturali. La sua versatilit\u00e0 lo rende adatto per una vasta gamma di materiali metallici, inclusi acciaio, alluminio e leghe.<\/p>\n<p>Uno dei principali vantaggi del Primer 3901 \u00e8 la sua capacit\u00e0 di migliorare l'affinit\u00e0 tra la superficie e l'adesivo, riducendo il rischio di fallimento dell'incollaggio. Pu\u00f2 essere utilizzato con una variet\u00e0 di adesivi strutturali, inclusi quelli a base di polimeri e cianoacrilati, aumentando significativamente la resistenza e la durata dell'assemblaggio. Il primer \u00e8 anche facile da applicare, consentendo un'applicazione uniforme e senza sforzo, sia a pennello che a spruzzo.<\/p>\n<p>Inoltre, il Primer per metallo 3M Scotch-Weld 3901 \u00e8 resistente agli agenti chimici e alle alte temperature, rendendolo ideale per ambienti industriali esigenti. La sua rapida asciugatura permette di accelerare i tempi di produzione, migliorando l'efficienza operativa. Questo prodotto \u00e8 stato testato per garantire prestazioni elevate e soddisfare i severi standard di qualit\u00e0 richiesti dalle applicazioni industriali.<\/p>\n<p>Scegliere il Primer per metallo 3M Scotch-Weld 3901 significa investire in un prodotto che non solo migliora le performance degli adesivi, ma contribuisce anche a ottimizzare i processi produttivi, garantendo risultati professionali e duraturi. Non lasciare nulla al caso; affidati a 3M per le tue esigenze di adesione e scopri la differenza.<\/p>","feature_1":"Formula appositamente progettata per migliorare l'adesione su superfici metalliche","feature_2":"Compatibile con una vasta gamma di adesivi strutturali","feature_3":"Resistente a temperature elevate per applicazioni industriali estreme","feature_4":"Asciugatura rapida per ottimizzare i tempi di produzione","feature_5":"Applicazione semplice e uniforme con pennello o spruzzatore","feature_6":"Eccellente resistenza agli agenti chimici e agli solventi","feature_7":"Migliora la durabilit\u00e0 dell'assemblaggio finale","feature_8":"Adatto per acciaio, alluminio e leghe metalliche","feature_9":"Riduce il rischio di fallimento dell'incollaggio","feature_10":"Testato per garantire prestazioni elevate in ambienti industriali"},"_links":{"self":[{"href":"https:\/\/finatsrl.it\/de\/wp-json\/wp\/v2\/product\/11562","targetHints":{"allow":["GET"]}}],"collection":[{"href":"https:\/\/finatsrl.it\/de\/wp-json\/wp\/v2\/product"}],"about":[{"href":"https:\/\/finatsrl.it\/de\/wp-json\/wp\/v2\/types\/product"}],"wp:featuredmedia":[{"embeddable":true,"href":"https:\/\/finatsrl.it\/de\/wp-json\/wp\/v2\/media\/12618"}],"wp:attachment":[{"href":"https:\/\/finatsrl.it\/de\/wp-json\/wp\/v2\/media?parent=11562"}],"wp:term":[{"taxonomy":"product_brand","embeddable":true,"href":"https:\/\/finatsrl.it\/de\/wp-json\/wp\/v2\/product_brand?post=11562"},{"taxonomy":"product_cat","embeddable":true,"href":"https:\/\/finatsrl.it\/de\/wp-json\/wp\/v2\/product_cat?post=11562"},{"taxonomy":"product_tag","embeddable":true,"href":"https:\/\/finatsrl.it\/de\/wp-json\/wp\/v2\/product_tag?post=11562"}],"curies":[{"name":"wp","href":"https:\/\/api.w.org\/{rel}","templated":true}]}}