{"id":11533,"date":"2025-02-01T10:32:30","date_gmt":"2025-02-01T09:32:30","guid":{"rendered":"https:\/\/finatnew.newhosting.intellijam.com\/prodotto\/spaziatore-per-tastiere-a-membrana-3m-7959mp\/"},"modified":"2025-11-26T12:07:38","modified_gmt":"2025-11-26T11:07:38","slug":"spaziatore-per-tastiere-a-membrana-3m-7959mp","status":"publish","type":"product","link":"https:\/\/finatsrl.it\/de\/product\/spaziatore-per-tastiere-a-membrana-3m-7959mp\/","title":{"rendered":"Spaziatore per tastiere a membrana 3M 7959MP"},"content":{"rendered":"<div class=\"product-bullet-block\">\n<div class=\"bullet n1\">Interstrato di contatto adesivo a doppia protezione da 230 \u00b5m con adesivo tipo 200MP. Protezioni in carta marrone rivestita di polietilene da 26,3 kg su ogni lato. Entrambi i protettori sono stampati.<\/div>\n<div class=\"bullet n2\">Ideale per la separazione dei circuiti delle tastiere fino all&#8217;attivazione. Facile da fustellare e lavorare. Per la fustellatura con lama in acciaio.<\/div>\n<div class=\"bullet n3\">Resistenza eccellente all&#8217;umidit\u00e0 e ai solventi. Resistenza alle alte temperature. Elevata resistenza al taglio, in grado di resistere alle sollecitazioni dell&#8217;attivazione ripetuta. Resistente ai raggi UV. Semplice da applicare. Non cola. Facile da fustellare. Per la fustellatura selettiva.<\/div>\n<div class=\"bullet n4\">Ottieni uno spaziatore per tastiere a membrana facile da fustellare e lavorare.<\/div>\n<div class=\"bullet n5\"><\/div>\n<div class=\"bullet n6\"><\/div>\n<div class=\"bullet n7\"><\/div>\n<\/div>\n<div class=\"product-description-block\">\n<div class=\"short\">Il distanziatore per interruttori a membrana 3M 7959MP \u00e8 un adesivo acrilico ad alte prestazioni da 50 \u00b5m 200 MP con doppio rivestimento su ciascun lato di un supporto in pellicola di poliestere da 127 \u00b5m con doppio liner di 107 \u00b5m #58 kraft con rivestimento in polistirene piatto resistente all&#8217;umidit\u00e0<\/div>\n<div class=\"extended\"><\/div>\n<\/div>\n","protected":false},"excerpt":{"rendered":"<p>Il distanziatore per interruttori a membrana 3M 7959MP \u00e8 un adesivo acrilico ad alte prestazioni da 50 \u00b5m 200 MP con doppio rivestimento su ciascun lato di un supporto in pellicola di poliestere da 127 \u00b5m con doppio liner di 107 \u00b5m #58 kraft con rivestimento in polistirene piatto resistente all&#8217;umidit\u00e0<\/p>\n","protected":false},"featured_media":12706,"template":"","meta":{"_acf_changed":false},"product_brand":[3337],"product_cat":[29,786],"product_tag":[3844],"class_list":{"0":"post-11533","1":"product","2":"type-product","3":"status-publish","4":"has-post-thumbnail","6":"product_brand-3m","7":"product_cat-adesivi-e-nastri-industriali","8":"product_cat-nastri-biadesivi-sottili","9":"product_tag-nastro-biadesivobiadesivo-acriliconastro-biadesivo-resistentedoppio-linerfogliviscoelastico","10":"pa_colore-trasparente","12":"first","13":"instock","14":"product-type-simple"},"acf":{"short_description":"Il spaziatore per tastiere a membrana 3M 7959MP \u00e8 la soluzione ideale per garantire prestazioni ottimali e durature. Utilizzato in applicazioni industriali, offre una adesione forte e sicura.","long_description":"<p>Il spaziatore per tastiere a membrana 3M 7959MP \u00e8 un prodotto innovativo progettato per soddisfare le esigenze delle applicazioni industriali moderne. Questo spaziatore \u00e8 realizzato con materiali di alta qualit\u00e0 che garantiscono un'eccezionale durabilit\u00e0 e resistenza. \u00c8 particolarmente adatto per l'uso in ambienti dove \u00e8 richiesta una precisione millimetrica e una lunga durata operativa.<\/p>\n<p>Una delle caratteristiche principali del 3M 7959MP \u00e8 la sua capacit\u00e0 di resistere a temperature estreme, rendendolo perfetto per applicazioni in ambienti difficili. Inoltre, la sua formulazione adesiva offre un'adesione forte e duratura su diverse superfici, inclusi plastica, metallo e vetro, mantenendo la stabilit\u00e0 anche in condizioni di alta umidit\u00e0.<\/p>\n<p>Grazie al design sottile, questo spaziatore non compromette l'estetica del prodotto finale, garantendo al contempo una funzionalit\u00e0 eccellente. \u00c8 facile da applicare e pu\u00f2 essere tagliato su misura per adattarsi a qualsiasi progetto.<\/p>\n<p>Inoltre, il 3M 7959MP \u00e8 resistente a solventi e sostanze chimiche, il che lo rende ideale per applicazioni in settori come l'elettronica, l'automotive e la produzione di apparecchiature industriali. Con l'uso di questo spaziatore, puoi migliorare l'affidabilit\u00e0 e la qualit\u00e0 dei tuoi prodotti, riducendo i costi di produzione e aumentando la soddisfazione del cliente.<\/p>\n<p>Non solo il 3M 7959MP \u00e8 una scelta pratica, ma \u00e8 anche una soluzione ecologica, grazie ai processi di produzione sostenibili adottati da 3M. Scegliere questo spaziatore significa scegliere un prodotto che rispetta l'ambiente senza compromettere le prestazioni.<\/p>\n<p>Investire nello spaziatore per tastiere a membrana 3M 7959MP significa scegliere qualit\u00e0, affidabilit\u00e0 e innovazione per le tue applicazioni industriali.<\/p>","feature_1":"Realizzato con materiali di alta qualit\u00e0 per una durata superiore","feature_2":"Resistente a temperature estreme da -40\u00b0C a 80\u00b0C","feature_3":"Adesione forte e duratura su plastiche, metalli e vetro","feature_4":"Design sottile per un'estetica impeccabile","feature_5":"Facile da applicare e personalizzabile","feature_6":"Resistente a solventi e sostanze chimiche","feature_7":"Ideale per ambienti ad alta umidit\u00e0","feature_8":"Garantisce prestazioni ottimali per applicazioni industriali","feature_9":"Sostenibile: prodotto con processi ecologici","feature_10":"Migliora l'affidabilit\u00e0 e la qualit\u00e0 del prodotto finale"},"_links":{"self":[{"href":"https:\/\/finatsrl.it\/de\/wp-json\/wp\/v2\/product\/11533","targetHints":{"allow":["GET"]}}],"collection":[{"href":"https:\/\/finatsrl.it\/de\/wp-json\/wp\/v2\/product"}],"about":[{"href":"https:\/\/finatsrl.it\/de\/wp-json\/wp\/v2\/types\/product"}],"wp:featuredmedia":[{"embeddable":true,"href":"https:\/\/finatsrl.it\/de\/wp-json\/wp\/v2\/media\/12706"}],"wp:attachment":[{"href":"https:\/\/finatsrl.it\/de\/wp-json\/wp\/v2\/media?parent=11533"}],"wp:term":[{"taxonomy":"product_brand","embeddable":true,"href":"https:\/\/finatsrl.it\/de\/wp-json\/wp\/v2\/product_brand?post=11533"},{"taxonomy":"product_cat","embeddable":true,"href":"https:\/\/finatsrl.it\/de\/wp-json\/wp\/v2\/product_cat?post=11533"},{"taxonomy":"product_tag","embeddable":true,"href":"https:\/\/finatsrl.it\/de\/wp-json\/wp\/v2\/product_tag?post=11533"}],"curies":[{"name":"wp","href":"https:\/\/api.w.org\/{rel}","templated":true}]}}