{"id":11497,"date":"2025-01-27T15:49:06","date_gmt":"2025-01-27T14:49:06","guid":{"rendered":"https:\/\/finatnew.newhosting.intellijam.com\/prodotto\/spaziatore-per-tastiere-a-membrana-3m-7957mp\/"},"modified":"2025-11-26T12:07:36","modified_gmt":"2025-11-26T11:07:36","slug":"spaziatore-per-tastiere-a-membrana-3m-7957mp","status":"publish","type":"product","link":"https:\/\/finatsrl.it\/de\/product\/spaziatore-per-tastiere-a-membrana-3m-7957mp\/","title":{"rendered":"Spaziatore per tastiere a membrana 3M 7957MP"},"content":{"rendered":"<div class=\"product-bullet-block\">\n<div class=\"bullet n1\">Distanziatore per interruttori a membrana a doppio rivestimento da 175 \u00b5m con adesivo da 200 MP. Fodere di carta kraft polycoated da 58 libbre su ciascun lato. Entrambi i liner sono stampati.<\/div>\n<div class=\"bullet n2\">Ideale per la separazione dei circuiti delle tastiere fino all&#8217;attivazione. Facile da fustellare e lavorare. Per la fustellatura con lama in acciaio.<\/div>\n<div class=\"bullet n3\">Resistenza eccellente all&#8217;umidit\u00e0 e ai solventi. Resistenza alle alte temperature. Elevata resistenza al taglio, in grado di resistere alle sollecitazioni dell&#8217;attivazione ripetuta. Resistente ai raggi UV. Semplice da applicare. Non cola. Facile da fustellare. Per la fustellatura selettiva.<\/div>\n<div class=\"bullet n4\">Ottieni uno spaziatore per tastiere a membrana facile da fustellare e lavorare.<\/div>\n<div class=\"bullet n5\"><\/div>\n<div class=\"bullet n6\"><\/div>\n<div class=\"bullet n7\"><\/div>\n<\/div>\n<div class=\"product-description-block\">\n<div class=\"short\">Il distanziatore per interruttori a membrana 3M 7957MP \u00e8 un adesivo acrilico ad alte prestazioni da 50 \u00b5m 200 MP con doppio rivestimento su ciascun lato di un supporto in pellicola di poliestere da 75 \u00b5m con doppio liner di 107 \u00b5m #58 kraft con rivestimento in polistirene piatto resistente all&#8217;umidit\u00e0<\/div>\n<div class=\"extended\"><\/div>\n<\/div>\n","protected":false},"excerpt":{"rendered":"<p>Il distanziatore per interruttori a membrana 3M 7957MP \u00e8 un adesivo acrilico ad alte prestazioni da 50 \u00b5m 200 MP con doppio rivestimento su ciascun lato di un supporto in pellicola di poliestere da 75 \u00b5m con doppio liner di 107 \u00b5m #58 kraft con rivestimento in polistirene piatto resistente all&#8217;umidit\u00e0<\/p>\n","protected":false},"featured_media":8814,"template":"","meta":{"_acf_changed":false},"product_brand":[3337],"product_cat":[29,786],"product_tag":[1180,1273,1274,1101,1181,1182],"class_list":{"0":"post-11497","1":"product","2":"type-product","3":"status-publish","4":"has-post-thumbnail","6":"product_brand-3m","7":"product_cat-adesivi-e-nastri-industriali","8":"product_cat-nastri-biadesivi-sottili","9":"product_tag-biadesivo-acrilico","10":"product_tag-doppio-liner","11":"product_tag-fogli","12":"product_tag-nastro-biadesivo","13":"product_tag-nastro-biadesivo-resistente","14":"product_tag-viscoelastico","15":"pa_colore-trasparente","17":"first","18":"instock","19":"product-type-simple"},"acf":{"short_description":"Lo spaziatore per tastiere a membrana 3M 7957MP offre una soluzione innovativa per applicazioni industriali. La sua adesione potente e la versatilit\u00e0 lo rendono ideale per l'uso in ambienti critici.","long_description":"<p>Il spaziatore per tastiere a membrana 3M 7957MP \u00e8 progettato per offrire una performance eccellente in ambienti industriali e commerciali. Questo prodotto innovativo \u00e8 specificamente realizzato per garantire una perfetta aderenza delle tastiere a membrana, migliorando la funzionalit\u00e0 e la durata nel tempo. Con un design sottile e altamente resistente, il 3M 7957MP \u00e8 in grado di supportare una vasta gamma di applicazioni, rendendolo un elemento essenziale per ogni operazione industriale.<\/p>\n<p>Realizzato con materiali di alta qualit\u00e0, questo spaziatore presenta una pellicola adesiva di tipo biadesivo che assicura una forte adesione su superfici diverse, inclusi metalli, plastica e vetro. Grazie alla sua tecnologia avanzata, il 3M 7957MP resiste a temperature estreme e condizioni ambientali sfavorevoli, garantendo una lunga durata anche in situazioni di uso intenso.<\/p>\n<p>I vantaggi di utilizzare lo spaziatore per tastiere a membrana 3M 7957MP includono la facilit\u00e0 di installazione, che non richiede strumenti specializzati, permettendo un risparmio di tempo e costi. Inoltre, la sua capacit\u00e0 di resistere a solventi e sostanze chimiche lo rende ideale per applicazioni in laboratori e industrie chimiche. Questo spaziatore \u00e8 anche progettato per ridurre il rumore e le vibrazioni, migliorando l\u2019esperienza d\u2019uso complessiva per gli operatori.<\/p>\n<p>Non solo il 3M 7957MP offre prestazioni superiori, ma \u00e8 anche una scelta ecologica, contribuendo alla sostenibilit\u00e0 dei processi industriali. Grazie alla sua versatilit\u00e0, \u00e8 perfetto per una vasta gamma di settori, dalle telecomunicazioni all'elettronica, passando per l'automazione e l'industria alimentare. Scegliere il 3M 7957MP significa optare per un prodotto di alta qualit\u00e0, progettato per soddisfare le esigenze di chi cerca soluzioni affidabili e durature.<\/p>","feature_1":"Materiale biadesivo ad alta adesione per una lunga durata","feature_2":"Resistente a temperature estreme da -40\u00b0C a 90\u00b0C","feature_3":"Applicazione semplice e veloce senza necessit\u00e0 di strumenti aggiuntivi","feature_4":"Compatibile con metalli, plastica e vetro per massima versatilit\u00e0","feature_5":"Resistenza chimica a solventi e sostanze aggressive","feature_6":"Design sottile per un ingombro minimo","feature_7":"Progettato per ridurre rumori e vibrazioni durante l'uso","feature_8":"Adesione efficace in ambienti critici e industriali","feature_9":"Sostenibile e ecologico, contribuendo alla riduzione dei rifiuti","feature_10":"Ideale per settori quali elettronica, automazione e telecomunicazioni"},"_links":{"self":[{"href":"https:\/\/finatsrl.it\/de\/wp-json\/wp\/v2\/product\/11497","targetHints":{"allow":["GET"]}}],"collection":[{"href":"https:\/\/finatsrl.it\/de\/wp-json\/wp\/v2\/product"}],"about":[{"href":"https:\/\/finatsrl.it\/de\/wp-json\/wp\/v2\/types\/product"}],"wp:featuredmedia":[{"embeddable":true,"href":"https:\/\/finatsrl.it\/de\/wp-json\/wp\/v2\/media\/8814"}],"wp:attachment":[{"href":"https:\/\/finatsrl.it\/de\/wp-json\/wp\/v2\/media?parent=11497"}],"wp:term":[{"taxonomy":"product_brand","embeddable":true,"href":"https:\/\/finatsrl.it\/de\/wp-json\/wp\/v2\/product_brand?post=11497"},{"taxonomy":"product_cat","embeddable":true,"href":"https:\/\/finatsrl.it\/de\/wp-json\/wp\/v2\/product_cat?post=11497"},{"taxonomy":"product_tag","embeddable":true,"href":"https:\/\/finatsrl.it\/de\/wp-json\/wp\/v2\/product_tag?post=11497"}],"curies":[{"name":"wp","href":"https:\/\/api.w.org\/{rel}","templated":true}]}}