{"id":11442,"date":"2025-01-27T15:49:06","date_gmt":"2025-01-27T14:49:06","guid":{"rendered":"https:\/\/finatnew.newhosting.intellijam.com\/prodotto\/nastro-adesivo-transfer-doppio-liner-3m-7955mp\/"},"modified":"2025-11-26T12:07:33","modified_gmt":"2025-11-26T11:07:33","slug":"nastro-adesivo-transfer-doppio-liner-3m-7955mp","status":"publish","type":"product","link":"https:\/\/finatsrl.it\/de\/product\/nastro-adesivo-transfer-doppio-liner-3m-7955mp\/","title":{"rendered":"Nastro adesivo transfer doppio liner 3M 7955MP"},"content":{"rendered":"<div class=\"product-bullet-block\">\n<div class=\"bullet n1\">0,12 mm, versione con doppio rivestimento del nastro adesivo transfer 468MP di 3M. Dotato di un doppio rivestimento in carta kraft politenato (26 kg).<\/div>\n<div class=\"bullet n2\">Resistenza eccellente all&#8217;umidit\u00e0 e ai solventi. Eccellente resistenza alle alte temperature e al taglio. Resistente ai raggi UV. Semplice da applicare. Non cola. Facile fustellatura. Per la fustellatura selettiva. Ideale per il fissaggio di quadri e di targhe.<\/div>\n<div class=\"bullet n3\">Ideale per il fissaggio di quadri e di targhe. Facile da fustellare e lavorare. Aspetto liscio e uniforme sulla parte esterna degli elementi grafici. Per la fustellatura selettiva.<\/div>\n<div class=\"bullet n4\">Ideale per fissare quadri, elementi grafici e targhette e conferisce un aspetto liscio e uniforme alla parte esterna degli elementi grafici<\/div>\n<div class=\"bullet n5\">Notevole resistenza ai raggi UV, all&#8217;umidit\u00e0 e alle alte temperature<\/div>\n<div class=\"bullet n6\">Facile fustellatura e applicazione<\/div>\n<div class=\"bullet n7\"><\/div>\n<\/div>\n<div class=\"product-description-block\">\n<div class=\"short\">Il nastro adesivo transfer 7955MP di 3M \u00e8 un adesivo acrilico a elevate prestazioni (0,12 mm &#8211; 200MP) su un doppio rivestimento in carta kraft politenato (0,10 mm &#8211; 26 kg)<\/div>\n<div class=\"extended\">Giunzioni industriali generiche. Standard industriale. Eccellenti capacit\u00e0 di fustellatura e lavorazione. Utilizzare per fustellatura selettiva. Versione con doppio rivestimento del nastro adesivo transfer 468MP di 3M.<\/div>\n<\/div>\n","protected":false},"excerpt":{"rendered":"<p>Il nastro adesivo transfer 7955MP di 3M \u00e8 un adesivo acrilico a elevate prestazioni (0,12 mm &#8211; 200MP) su un doppio rivestimento in carta kraft politenato (0,10 mm &#8211; 26 kg)<\/p>\n","protected":false},"featured_media":8789,"template":"","meta":{"_acf_changed":false},"product_brand":[3337],"product_cat":[1053,1083],"product_tag":[1180,1273,1274,1101,1181,1197,1196,1182],"class_list":{"0":"post-11442","1":"product","2":"type-product","3":"status-publish","4":"has-post-thumbnail","6":"product_brand-3m","7":"product_cat-industrial-adhesives-tapes-fr","8":"product_cat-thin-bonding-tapes-fr","9":"product_tag-biadesivo-acrilico","10":"product_tag-doppio-liner","11":"product_tag-fogli","12":"product_tag-nastro-biadesivo","13":"product_tag-nastro-biadesivo-resistente","14":"product_tag-non-supportato","15":"product_tag-transfer","16":"product_tag-viscoelastico","18":"first","19":"instock","20":"product-type-simple"},"acf":{"short_description":"Il nastro adesivo transfer doppio liner 3M 7955MP \u00e8 la soluzione ideale per applicazioni industriali grazie alla sua eccezionale adesivit\u00e0. Progettato per garantire prestazioni superiori e facilit\u00e0 d'uso, \u00e8 perfetto per una vasta gamma di materiali.","long_description":"<p>Il nastro adesivo transfer doppio liner 3M 7955MP \u00e8 una soluzione innovativa progettata per soddisfare le esigenze pi\u00f9 elevate nel settore delle adesivi e nastri industriali. Con una larghezza di 12 mm e una lunghezza di 50 m, questo nastro \u00e8 perfetto per applicazioni che richiedono precisione e affidabilit\u00e0. Realizzato con una tecnologia avanzata, il nastro offre un'adesione superiore su una variet\u00e0 di superfici, inclusi metalli, plastica e vetro, rendendolo ideale per l'assemblaggio di componenti, la creazione di segnaletica e il montaggio di display.<\/p>\n<p>Grazie alla sua struttura a doppio liner, il nastro adesivo 3M 7955MP permette una facile applicazione senza residui appiccicosi, garantendo una finitura pulita e professionale. La sua resistenza alla temperatura e agli agenti chimici lo rende adatto anche per ambienti industriali severi, dove la durabilit\u00e0 \u00e8 fondamentale. Inoltre, il nastro \u00e8 progettato per offrire una buona conformabilit\u00e0, adattandosi perfettamente a forme e superfici irregolari.<\/p>\n<p>Non solo offre performance elevate, ma \u00e8 anche facile da utilizzare: basta rimuovere il liner e applicare sulla superficie desiderata. La qualit\u00e0 3M garantisce una lunga durata e affidabilit\u00e0 nel tempo, riducendo la necessit\u00e0 di sostituzioni frequenti. Con il nastro adesivo transfer doppio liner 3M 7955MP, puoi contare su un prodotto che unisce efficienza e qualit\u00e0, migliorando la produttivit\u00e0 e la qualit\u00e0 dei tuoi progetti. Perfetto per professionisti e hobbisti, questo nastro \u00e8 la scelta ideale per chi cerca un adesivo biadesivo sottile e performante.<\/p>","feature_1":"Larghezza 12 mm per applicazioni precise","feature_2":"Lunghezza 50 m per un'ampia versatilit\u00e0","feature_3":"Adesione su diversi materiali: metallo, plastica, vetro","feature_4":"Facile da applicare grazie al doppio liner","feature_5":"Resistente a temperature elevate fino a 120\u00b0 C","feature_6":"Resistente agli agenti chimici per applicazioni industriali","feature_7":"Buona conformabilit\u00e0 su superfici irregolari","feature_8":"Non lascia residui appiccicosi dopo l'uso","feature_9":"Qualit\u00e0 garantita 3M per durabilit\u00e0 e affidabilit\u00e0","feature_10":"Ideale per assemblaggio, segnaletica e montaggio display"},"_links":{"self":[{"href":"https:\/\/finatsrl.it\/de\/wp-json\/wp\/v2\/product\/11442","targetHints":{"allow":["GET"]}}],"collection":[{"href":"https:\/\/finatsrl.it\/de\/wp-json\/wp\/v2\/product"}],"about":[{"href":"https:\/\/finatsrl.it\/de\/wp-json\/wp\/v2\/types\/product"}],"wp:featuredmedia":[{"embeddable":true,"href":"https:\/\/finatsrl.it\/de\/wp-json\/wp\/v2\/media\/8789"}],"wp:attachment":[{"href":"https:\/\/finatsrl.it\/de\/wp-json\/wp\/v2\/media?parent=11442"}],"wp:term":[{"taxonomy":"product_brand","embeddable":true,"href":"https:\/\/finatsrl.it\/de\/wp-json\/wp\/v2\/product_brand?post=11442"},{"taxonomy":"product_cat","embeddable":true,"href":"https:\/\/finatsrl.it\/de\/wp-json\/wp\/v2\/product_cat?post=11442"},{"taxonomy":"product_tag","embeddable":true,"href":"https:\/\/finatsrl.it\/de\/wp-json\/wp\/v2\/product_tag?post=11442"}],"curies":[{"name":"wp","href":"https:\/\/api.w.org\/{rel}","templated":true}]}}