{"id":11410,"date":"2025-01-27T15:48:48","date_gmt":"2025-01-27T14:48:48","guid":{"rendered":"https:\/\/finatnew.newhosting.intellijam.com\/prodotto\/nastro-adesivo-transfer-3m-9471\/"},"modified":"2025-11-26T12:07:19","modified_gmt":"2025-11-26T11:07:19","slug":"nastro-adesivo-transfer-3m-9471","status":"publish","type":"product","link":"https:\/\/finatsrl.it\/de\/product\/nastro-adesivo-transfer-3m-9471\/","title":{"rendered":"Nastro adesivo transfer 3M 9471"},"content":{"rendered":"<div class=\"product-bullet-block\">\n<div class=\"bullet n1\">Nastro adesivo transfer ad elevata aderenza da 50 \u00b5m, sottile, per processi rotatori di fustellatura. Supporto in carta Kraft densificata #60. Per l&#8217;uso su una vasta gamma di superfici.<\/div>\n<div class=\"bullet n2\">Buona resistenza ai raggi UV. Buona resistenza alle sostanze chimiche. Ideale per materiali con elevata energia superficiale (HSE) e con bassa energia superficiale (LSE).<\/div>\n<div class=\"bullet n3\">Per materie plastiche con elevata e bassa energia superficiale, materie plastiche testurizzate, schiume, tessuti e carta rivestita. Per materie plastiche a bassa energia superficiale (LSE) lisce.<\/div>\n<div class=\"bullet n4\">Nastro transfer per uso generico ideale per un&#8217;ampia gamma di applicazioni sottili ad alta adesione.<\/div>\n<div class=\"bullet n5\">Versione pi\u00f9 sottile del 9473<\/div>\n<div class=\"bullet n6\">Adesivo 300<\/div>\n<div class=\"bullet n7\"><\/div>\n<\/div>\n<div class=\"product-description-block\">\n<div class=\"short\">Il Nastro adesivo transfer 9471 3M \u00e8 un adesivo acrilico ad elevata resistenza 300 50\u00b5m su un supporto di carta Kraft densificata da 90 \u03bcm #60.<\/div>\n<div class=\"extended\">Utilizza il Nastro adesivo transfer 9471 3M su un&#8217;ampia variet\u00e0 di superfici, come nastro transfer per uso generico ideale per un&#8217;ampia gamma di applicazioni sottili ad alta adesione. Il nostro nastro \u00e8 un adesivo acrilico ad elevata resistenza su un supporto di carta Kraft densificata che offre ottima resistenza ai raggi UV e alle sostanze chimiche. Fissa materie plastiche con elevata e bassa energia superficiale, schiume, tessuti e carta rivestita. Per materie plastiche a bassa energia superficiale (LSE) lisce.<\/div>\n<\/div>\n","protected":false},"excerpt":{"rendered":"<p>Il Nastro adesivo transfer 9471 3M \u00e8 un adesivo acrilico ad elevata resistenza 300 50\u00b5m su un supporto di carta Kraft densificata da 90 \u03bcm #60.<\/p>\n","protected":false},"featured_media":8769,"template":"","meta":{"_acf_changed":false},"product_brand":[3337],"product_cat":[29,786],"product_tag":[1180,1101,1181,1197,1196,1182],"class_list":{"0":"post-11410","1":"product","2":"type-product","3":"status-publish","4":"has-post-thumbnail","6":"product_brand-3m","7":"product_cat-adesivi-e-nastri-industriali","8":"product_cat-nastri-biadesivi-sottili","9":"product_tag-biadesivo-acrilico","10":"product_tag-nastro-biadesivo","11":"product_tag-nastro-biadesivo-resistente","12":"product_tag-non-supportato","13":"product_tag-transfer","14":"product_tag-viscoelastico","16":"first","17":"instock","18":"product-type-simple"},"acf":{"short_description":"Il Nastro adesivo transfer 3M 9471 \u00e8 studiato per garantire una tenuta eccezionale nelle applicazioni industriali. Ideale per incollaggi precisi e duraturi.","long_description":"<p>Il Nastro adesivo transfer 3M 9471 rappresenta una soluzione avanzata per le tue esigenze di incollaggio industriale. Prodotto da Finat SRL, questo nastro biadesivo sottile \u00e8 stato progettato per garantire prestazioni elevate e affidabilit\u00e0 in una vasta gamma di applicazioni. La sua struttura in poliammide offre una resistenza eccezionale, rendendolo ideale per il fissaggio di materiali come metallo, plastica e carta. Con uno spessore di solo 0,1 mm, il 3M 9471 si distingue per la sua capacit\u00e0 di adattarsi anche alle superfici pi\u00f9 irregolari, garantendo una finitura impeccabile.<\/p>\n<p>Le sue caratteristiche tecniche includono una temperatura di funzionamento che varia da -40 \u00b0C a 150 \u00b0C, rendendolo perfetto per applicazioni sia interne che esterne. Grazie alla sua adesione immediata, il nastro consente di ridurre i tempi di lavorazione, aumentando l'efficienza del tuo processo produttivo. Inoltre, la resistenza all'umidit\u00e0 e ai solventi lo rende adatto a vari ambienti di lavoro, assicurando una performance costante anche nelle condizioni pi\u00f9 sfidanti.<\/p>\n<p>Inoltre, il Nastro adesivo transfer 3M 9471 \u00e8 disponibile in rotoli di diverse dimensioni, permettendo di scegliere la soluzione pi\u00f9 adatta alle tue necessit\u00e0. La sua applicazione \u00e8 semplice e veloce, senza la necessit\u00e0 di strumenti aggiuntivi. Scegliendo questo prodotto, non solo garantirai un'adesione forte e duratura, ma contribuirai anche a migliorare la qualit\u00e0 dei tuoi lavori, grazie alla precisione e alla pulizia delle giunzioni create. 3M \u00e8 sinonimo di innovazione e qualit\u00e0, e il 9471 \u00e8 un chiaro esempio di questo impegno nel fornire prodotti eccellenti per il settore delle soluzioni industriali. Acquista ora il Nastro adesivo transfer 3M 9471 e scopri la differenza che un prodotto di alta qualit\u00e0 pu\u00f2 fare per il tuo business.<\/p>","feature_1":"Spessore di soli 0,1 mm per applicazioni precise","feature_2":"Resistenza a temperature da -40 \u00b0C a 150 \u00b0C","feature_3":"Adesione immediata per ridurre i tempi di lavorazione","feature_4":"Eccellente resistenza all'umidit\u00e0 e ai solventi","feature_5":"Adatto a superfici irregolari grazie alla sua flessibilit\u00e0","feature_6":"Disponibile in rotoli di diverse dimensioni per ogni esigenza","feature_7":"Ideale per materiali come metallo, plastica e carta","feature_8":"Facile applicazione senza necessit\u00e0 di strumenti aggiuntivi","feature_9":"Performance costante anche in condizioni sfidanti","feature_10":"Prodotto da 3M, leader nel settore delle soluzioni industriali"},"_links":{"self":[{"href":"https:\/\/finatsrl.it\/de\/wp-json\/wp\/v2\/product\/11410","targetHints":{"allow":["GET"]}}],"collection":[{"href":"https:\/\/finatsrl.it\/de\/wp-json\/wp\/v2\/product"}],"about":[{"href":"https:\/\/finatsrl.it\/de\/wp-json\/wp\/v2\/types\/product"}],"wp:featuredmedia":[{"embeddable":true,"href":"https:\/\/finatsrl.it\/de\/wp-json\/wp\/v2\/media\/8769"}],"wp:attachment":[{"href":"https:\/\/finatsrl.it\/de\/wp-json\/wp\/v2\/media?parent=11410"}],"wp:term":[{"taxonomy":"product_brand","embeddable":true,"href":"https:\/\/finatsrl.it\/de\/wp-json\/wp\/v2\/product_brand?post=11410"},{"taxonomy":"product_cat","embeddable":true,"href":"https:\/\/finatsrl.it\/de\/wp-json\/wp\/v2\/product_cat?post=11410"},{"taxonomy":"product_tag","embeddable":true,"href":"https:\/\/finatsrl.it\/de\/wp-json\/wp\/v2\/product_tag?post=11410"}],"curies":[{"name":"wp","href":"https:\/\/api.w.org\/{rel}","templated":true}]}}