{"id":11373,"date":"2025-01-27T15:48:48","date_gmt":"2025-01-27T14:48:48","guid":{"rendered":"https:\/\/finatnew.newhosting.intellijam.com\/prodotto\/materiale-per-etichette-durevole-in-poliestere-con-tecnologia-comply-3m-7220sa\/"},"modified":"2025-11-26T12:07:14","modified_gmt":"2025-11-26T11:07:14","slug":"materiale-per-etichette-durevole-in-poliestere-con-tecnologia-comply-3m-7220sa","status":"publish","type":"product","link":"https:\/\/finatsrl.it\/de\/product\/materiale-per-etichette-durevole-in-poliestere-con-tecnologia-comply-3m-7220sa\/","title":{"rendered":"Materiale per etichette durevole in poliestere con tecnologia comply 3M 7220SA"},"content":{"rendered":"<div class=\"product-bullet-block\">\n<div class=\"bullet n1\">L&#8217;adesivo pi\u00f9 universale per materiali per etichette<\/div>\n<div class=\"bullet n2\">L&#8217;adesivo offre un&#8217;ottima resistenza agli agenti chimici e tenuta, anche a elevate temperature<\/div>\n<div class=\"bullet n3\">Il liner consente una facile lavorazione del foglio ed \u00e8 progettato per applicazioni di fustellatura<\/div>\n<div class=\"bullet n4\">Il retro del liner non \u00e8 stampabile<\/div>\n<div class=\"bullet n5\">Adesivo strutturato progettato per consentire all&#8217;aria di fluire tra l&#8217;adesivo e i substrati in modo che le etichette possano essere attaccate facilmente a mano garantendo un&#8217;ottima tenuta<\/div>\n<div class=\"bullet n6\"><\/div>\n<div class=\"bullet n7\"><\/div>\n<\/div>\n<div class=\"product-description-block\">\n<div class=\"short\">Il materiale per etichette durevole ad alte prestazioni in poliestere serigrafabile con adesivo strutturato 3M 7220SA \u00e8 un materiale durevole e ad alte prestazioni che garantisce stabilit\u00e0 termica e resistenza all&#8217;umidit\u00e0 eccellenti.<\/div>\n<div class=\"extended\">Questo materiale per etichette in poliestere rivestito utilizza l&#8217;adesivo 3M 350, progettato per aderire in modo permanente a plastiche ad alta e bassa energia superficiale, superfici testurizzate e sagomate, verniciature a polvere e metalli leggermente oleosi. Grazie agli esclusivi microcanali presenti in tutto l&#8217;adesivo strutturato, l&#8217;aria scorre liberamente tra l&#8217;adesivo e il substrato. Le etichette possono essere facilmente attaccate manualmente e garantiscono un&#8217;ottima tenuta. Anche quando le etichette vengono utilizzate su parti in plastica stampate a iniezione, le bolle che si formano a causa del degassamento della plastica possono essere levigate per ridare alla grafica un aspetto pulito.<\/div>\n<\/div>\n","protected":false},"excerpt":{"rendered":"<p>Il materiale per etichette durevole ad alte prestazioni in poliestere serigrafabile con adesivo strutturato 3M 7220SA \u00e8 un materiale durevole e ad alte prestazioni che garantisce stabilit\u00e0 termica e resistenza all&#8217;umidit\u00e0 eccellenti.<\/p>\n","protected":false},"featured_media":7573,"template":"","meta":{"_acf_changed":false},"product_brand":[3337],"product_cat":[29,1087],"product_tag":[1180,1101,1181,1182],"class_list":{"0":"post-11373","1":"product","2":"type-product","3":"status-publish","4":"has-post-thumbnail","6":"product_brand-3m","7":"product_cat-adesivi-e-nastri-industriali","8":"product_cat-etichette-durevoli","9":"product_tag-biadesivo-acrilico","10":"product_tag-nastro-biadesivo","11":"product_tag-nastro-biadesivo-resistente","12":"product_tag-viscoelastico","13":"pa_colore-bianco","15":"first","16":"instock","17":"product-type-simple"},"acf":{"short_description":"Il materiale per etichette durevole in poliestere con tecnologia comply 3M 7220SA \u00e8 la soluzione ideale per applicazioni industriali. Resistente e versatile, garantisce etichette di alta qualit\u00e0 per ogni esigenza.","long_description":"<p>Il materiale per etichette durevole in poliestere con tecnologia comply 3M 7220SA rappresenta un'innovazione nel settore delle soluzioni industriali. Progettato per resistere a condizioni ambientali estreme, questo poliestere offre una durata senza pari e una qualit\u00e0 di stampa eccezionale. Le etichette realizzate con questo materiale sono ideali per applicazioni interne ed esterne, garantendo una adesione perfetta su diverse superfici. La tecnologia comply di 3M assicura che l'adesivo si adatti perfettamente alla superficie, riducendo il rischio di bolle d'aria e garantendo una finitura liscia e professionale. Non solo resistente all'acqua e ai raggi UV, ma anche progettato per resistere a sostanze chimiche e abrasioni, questo materiale \u00e8 perfetto per ambienti industriali e magazzini.<\/p>\n<p>Inoltre, il materiale \u00e8 compatibile con diverse stampanti per etichette, rendendo il processo di produzione efficiente e flessibile. La possibilit\u00e0 di personalizzazione delle etichette consente di soddisfare le esigenze specifiche della tua azienda, offrendo soluzioni su misura per ogni cliente. Con una larghezza di 100mm e una lunghezza di 50m, il rotolo di etichette \u00e8 facile da gestire e da applicare.<\/p>\n<p>Scegliere il materiale per etichette durevole in poliestere 3M 7220SA significa investire in qualit\u00e0 e affidabilit\u00e0. Non solo ottimizzi la tua produzione, ma garantisci anche un'immagine professionale ai tuoi prodotti. Scopri perch\u00e9 le aziende leader nel settore si affidano a Finat SRL per le loro esigenze di etichettatura.<\/p>","feature_1":"Materiale in poliestere altamente resistente","feature_2":"Tecnologia comply 3M per una adesione perfetta","feature_3":"Resistente all'acqua e ai raggi UV","feature_4":"Compatibile con diverse stampanti per etichette","feature_5":"Resistente a sostanze chimiche e abrasioni","feature_6":"Facile da applicare senza bolle d'aria","feature_7":"Dimensioni pratiche: 100mm x 50m","feature_8":"Personalizzabile in base alle esigenze del cliente","feature_9":"Ideale per applicazioni interne ed esterne","feature_10":"Fornito da un marchio di fiducia come Finat SRL"},"_links":{"self":[{"href":"https:\/\/finatsrl.it\/de\/wp-json\/wp\/v2\/product\/11373","targetHints":{"allow":["GET"]}}],"collection":[{"href":"https:\/\/finatsrl.it\/de\/wp-json\/wp\/v2\/product"}],"about":[{"href":"https:\/\/finatsrl.it\/de\/wp-json\/wp\/v2\/types\/product"}],"wp:featuredmedia":[{"embeddable":true,"href":"https:\/\/finatsrl.it\/de\/wp-json\/wp\/v2\/media\/7573"}],"wp:attachment":[{"href":"https:\/\/finatsrl.it\/de\/wp-json\/wp\/v2\/media?parent=11373"}],"wp:term":[{"taxonomy":"product_brand","embeddable":true,"href":"https:\/\/finatsrl.it\/de\/wp-json\/wp\/v2\/product_brand?post=11373"},{"taxonomy":"product_cat","embeddable":true,"href":"https:\/\/finatsrl.it\/de\/wp-json\/wp\/v2\/product_cat?post=11373"},{"taxonomy":"product_tag","embeddable":true,"href":"https:\/\/finatsrl.it\/de\/wp-json\/wp\/v2\/product_tag?post=11373"}],"curies":[{"name":"wp","href":"https:\/\/api.w.org\/{rel}","templated":true}]}}