{"id":11333,"date":"2025-01-27T15:48:22","date_gmt":"2025-01-27T14:48:22","guid":{"rendered":"https:\/\/finatnew.newhosting.intellijam.com\/prodotto\/nastro-biadesivo-in-schiuma-removibile-3m-4658f\/"},"modified":"2025-11-26T12:07:09","modified_gmt":"2025-11-26T11:07:09","slug":"nastro-biadesivo-in-schiuma-removibile-3m-4658f","status":"publish","type":"product","link":"https:\/\/finatsrl.it\/de\/product\/nastro-biadesivo-in-schiuma-removibile-3m-4658f\/","title":{"rendered":"Nastro biadesivo in schiuma removibile 3M 4658F"},"content":{"rendered":"<div class=\"product-bullet-block\">\n<div class=\"bullet n1\">Fissa le parti tagliate in acciaio inox ai telai di metallo<\/div>\n<div class=\"bullet n2\">Trasparente<\/div>\n<div class=\"bullet n3\">Rimozione senza residui<\/div>\n<div class=\"bullet n4\"><\/div>\n<div class=\"bullet n5\"><\/div>\n<div class=\"bullet n6\"><\/div>\n<div class=\"bullet n7\"><\/div>\n<\/div>\n<div class=\"product-description-block\">\n<div class=\"short\">Il nastro in schiuma rimovibile biadesivo 4658 di 3M \u00e8 un nastro espanso a cellule chiuse biadesivo acrilico. Colore: trasparente, spessore: 0,8mm<\/div>\n<div class=\"extended\">L&#8217;adesivo esclusivo del nastro rimovibile in schiuma 3M 4658 \u00e8 progettato per le operazioni di fissaggio temporaneo e pu\u00f2 essere rimosso facilmente senza lasciare residui. La morbidezza e conformabilit\u00e0 del nastro consentono una tenuta eccezionale non appena il nastro viene applicato e un&#8217;ottima adesivit\u00e0 alle basse temperature.<\/div>\n<\/div>\n","protected":false},"excerpt":{"rendered":"<p>Il nastro in schiuma rimovibile biadesivo 4658 di 3M \u00e8 un nastro espanso a cellule chiuse biadesivo acrilico. Colore: trasparente, spessore: 0,8mm<\/p>\n","protected":false},"featured_media":8701,"template":"","meta":{"_acf_changed":false},"product_brand":[3337],"product_cat":[29,269],"product_tag":[3338,6671,3348,1810,1290,2871,2874,2881,2877,2878,1514,2873,2879,1511,1517,2880,2882,1523,2875,1512,2870,1291,2872,2452],"class_list":{"0":"post-11333","1":"product","2":"type-product","3":"status-publish","4":"has-post-thumbnail","6":"product_brand-3m","7":"product_cat-adesivi-e-nastri-industriali","8":"product_cat-nastri-in-schiuma","9":"product_tag-3m","10":"product_tag-adesivita-alle-basse-temperature","11":"product_tag-adesivo-acrilico","12":"product_tag-nastro-biadesivo-3m","13":"product_tag-nastro-biadesivo-in-schiuma","14":"product_tag-nastro-espanso-a-cellule-chiuse","15":"product_tag-nastro-per-acciaio-inox","16":"product_tag-nastro-per-applicazioni-marine","17":"product_tag-nastro-per-design-edilizia","18":"product_tag-nastro-per-difesa","19":"product_tag-nastro-per-elettrodomestici","20":"product_tag-nastro-per-fissaggio-temporaneo","21":"product_tag-nastro-per-incollaggio-e-assemblaggio","22":"product_tag-nastro-per-industria","23":"product_tag-nastro-per-industria-pesante","24":"product_tag-nastro-per-manutenzione-edifici","25":"product_tag-nastro-per-meccanica-metallurgia","26":"product_tag-nastro-per-personalizzazione-autoveicoli","27":"product_tag-nastro-per-telai-di-metallo","28":"product_tag-nastro-per-trasporti","29":"product_tag-nastro-removibile","30":"product_tag-nastro-schiuma-acrilica","31":"product_tag-nastro-senza-residui","32":"product_tag-nastro-trasparente","33":"pa_colore-trasparente","35":"first","36":"instock","37":"product-type-simple"},"acf":{"short_description":"Il nastro biadesivo in schiuma removibile 3M 4658F \u00e8 la soluzione ideale per unire materiali in modo sicuro e temporaneo. Perfetto per applicazioni industriali, offre una forte adesione e facilit\u00e0 d'uso.","long_description":"<p>Il nastro biadesivo in schiuma removibile 3M 4658F \u00e8 progettato per soddisfare le esigenze delle applicazioni industriali moderne, dove la qualit\u00e0 e l'affidabilit\u00e0 sono fondamentali. Questo nastro offre una soluzione versatile per l'adesione di materiali diversi, consentendo di ottenere risultati professionali e duraturi senza compromettere la possibilit\u00e0 di rimozione. Il design in schiuma consente una distribuzione uniforme della pressione, garantendo una tenuta ottimale anche su superfici irregolari.<\/p>\n<p>Tra le sue caratteristiche distintive, il nastro \u00e8 dotato di una forte capacit\u00e0 adesiva che assicura una perfetta aderenza a vari materiali, tra cui metallo, plastica e vetro. La sua formula innovativa permette di rimuoverlo senza lasciare residui di colla, rendendolo ideale per applicazioni temporanee o per il montaggio di elementi che potrebbero richiedere un riposizionamento.<\/p>\n<p>Inoltre, il nastro biadesivo in schiuma removibile 3M 4658F resiste a temperature variabili e umidit\u00e0, rendendolo perfetto per ambienti industriali. Grazie alla sua facile applicazione, \u00e8 adatto tanto per professionisti quanto per hobbisti.<\/p>\n<p>Utilizzando questo nastro, otterrai un'adesione sicura senza danneggiare le superfici sottostanti. \u00c8 la scelta perfetta per chi cerca prodotti affidabili nel settore degli adesivi e nastri industriali. Non lasciare nulla al caso nelle tue applicazioni; scegli il nastro biadesivo in schiuma removibile 3M 4658F e scopri la differenza nelle tue lavorazioni quotidiane!<\/p>","feature_1":"Adesione forte e duratura a molteplici superfici","feature_2":"Rimozione semplice senza residui","feature_3":"Design in schiuma per una distribuzione uniforme della pressione","feature_4":"Resistente a temperature variabili e umidit\u00e0","feature_5":"Ottimo per applicazioni temporanee e riposizionamenti","feature_6":"Compatibile con metallo, plastica e vetro","feature_7":"Facile da applicare anche su superfici irregolari","feature_8":"Ideale per uso professionale e hobbistico","feature_9":"Formato pratico per utilizzo in ambito industriale","feature_10":"Marchio di qualit\u00e0 3M, garanzia di affidabilit\u00e0"},"_links":{"self":[{"href":"https:\/\/finatsrl.it\/de\/wp-json\/wp\/v2\/product\/11333","targetHints":{"allow":["GET"]}}],"collection":[{"href":"https:\/\/finatsrl.it\/de\/wp-json\/wp\/v2\/product"}],"about":[{"href":"https:\/\/finatsrl.it\/de\/wp-json\/wp\/v2\/types\/product"}],"wp:featuredmedia":[{"embeddable":true,"href":"https:\/\/finatsrl.it\/de\/wp-json\/wp\/v2\/media\/8701"}],"wp:attachment":[{"href":"https:\/\/finatsrl.it\/de\/wp-json\/wp\/v2\/media?parent=11333"}],"wp:term":[{"taxonomy":"product_brand","embeddable":true,"href":"https:\/\/finatsrl.it\/de\/wp-json\/wp\/v2\/product_brand?post=11333"},{"taxonomy":"product_cat","embeddable":true,"href":"https:\/\/finatsrl.it\/de\/wp-json\/wp\/v2\/product_cat?post=11333"},{"taxonomy":"product_tag","embeddable":true,"href":"https:\/\/finatsrl.it\/de\/wp-json\/wp\/v2\/product_tag?post=11333"}],"curies":[{"name":"wp","href":"https:\/\/api.w.org\/{rel}","templated":true}]}}