{"id":11331,"date":"2025-02-01T10:32:30","date_gmt":"2025-02-01T09:32:30","guid":{"rendered":"https:\/\/finatnew.newhosting.intellijam.com\/prodotto\/nastro-biadesivo-in-schiuma-removibile-3m-4656f\/"},"modified":"2025-11-26T12:07:09","modified_gmt":"2025-11-26T11:07:09","slug":"nastro-biadesivo-in-schiuma-removibile-3m-4656f","status":"publish","type":"product","link":"https:\/\/finatsrl.it\/de\/product\/nastro-biadesivo-in-schiuma-removibile-3m-4656f\/","title":{"rendered":"Nastro biadesivo in schiuma removibile 3M 4656F"},"content":{"rendered":"<div class=\"product-bullet-block\">\n<div class=\"bullet n1\">Fissa le parti tagliate in acciaio inox ai telai di metallo<\/div>\n<div class=\"bullet n2\">Trasparente<\/div>\n<div class=\"bullet n3\">Rimozione senza residui<\/div>\n<div class=\"bullet n4\"><\/div>\n<div class=\"bullet n5\"><\/div>\n<div class=\"bullet n6\"><\/div>\n<div class=\"bullet n7\"><\/div>\n<\/div>\n<div class=\"product-description-block\">\n<div class=\"short\">Il nostro nastro in schiuma rimovibile 3M 4656 \u00e8 un nastro adesivo universale a media aderenza sensibile alla pressione.<\/div>\n<div class=\"extended\">L&#8217;adesivo esclusivo del nostro nastro rimovibile in schiuma 3M 4656 \u00e8 progettato per le operazioni di fissaggio temporaneo e pu\u00f2 essere rimosso facilmente senza lasciare residui. La sua morbidezza e conformabilit\u00e0 consente una tenuta eccezionale quasi immediata e un&#8217;ottima adesivit\u00e0 alle basse temperature.<\/div>\n<\/div>\n","protected":false},"excerpt":{"rendered":"<p>Il nostro nastro in schiuma rimovibile 3M 4656 \u00e8 un nastro adesivo universale a media aderenza sensibile alla pressione.<\/p>\n","protected":false},"featured_media":12656,"template":"","meta":{"_acf_changed":false},"product_brand":[3337],"product_cat":[1051,1068],"product_tag":[3825],"class_list":{"0":"post-11331","1":"product","2":"type-product","3":"status-publish","4":"has-post-thumbnail","6":"product_brand-3m","7":"product_cat-industrial-adhesives-tapes-en","8":"product_cat-foam-tapes-en","9":"product_tag-nastro-biadesivo-in-schiumanastro-schiuma-acrilica","11":"first","12":"instock","13":"product-type-simple"},"acf":{"short_description":"Il nastro biadesivo in schiuma removibile 3M 4656F \u00e8 la soluzione ideale per unire in modo efficace materiali diversi. Grazie alla sua versatilit\u00e0 e facilit\u00e0 d'uso, \u00e8 perfetto per ogni progetto industriale.","long_description":"<p>Il nastro biadesivo in schiuma removibile 3M 4656F rappresenta una delle soluzioni pi\u00f9 avanzate nel settore degli adesivi e nastri industriali. Progettato per garantire una tenuta eccezionale senza compromettere la superficie sottostante, questo nastro offre un'adesione forte ma removibile, rendendolo perfetto per applicazioni temporanee o modifiche successive. Con una larghezza di 12 mm e una lunghezza di 33 metri, il nastro \u00e8 realizzato in schiuma di alta qualit\u00e0, che permette di adattarsi perfettamente a superfici irregolari e di fornire un'ottima ammortizzazione. La sua resistenza alle temperature fino a 93\u00b0C lo rende adatto a un'ampia gamma di utilizzi industriali, sia all'interno che all'esterno. Inoltre, il nastro biadesivo in schiuma 3M 4656F \u00e8 resistente all'umidit\u00e0, garantendo prestazioni affidabili anche in ambienti umidi. Questo prodotto \u00e8 ideale per il montaggio di pannelli, decorazioni, e per altre applicazioni che richiedono una presa forte ma che possono essere rimosse senza lasciare residui. La sua formulazione \u00e8 stata studiata per ridurre il rischio di danni alle superfici, rendendolo un'opzione sicura per l'uso su materiali delicati come la vernice o la plastica. Scegli il nastro biadesivo in schiuma removibile 3M 4656F per la tua prossima applicazione industriale e scopri la combinazione perfetta di qualit\u00e0, innovazione e prestazioni.<\/p>","feature_1":"Adesione forte ma removibile per applicazioni temporanee","feature_2":"Realizzato in schiuma di alta qualit\u00e0 per adattabilit\u00e0","feature_3":"Resistente a temperature fino a 93\u00b0C per versatilit\u00e0 d'uso","feature_4":"Impermeabile, ideale per ambienti umidi e esterni","feature_5":"Facile da applicare e rimuovere senza lasciare residui","feature_6":"Larghezza di 12 mm e lunghezza di 33 metri per molteplici utilizzi","feature_7":"Ottima ammortizzazione per superfici irregolari","feature_8":"Sicuro su materiali delicati come vernice e plastica","feature_9":"Perfetto per il montaggio di pannelli e decorazioni","feature_10":"Certificato 3M, sinonimo di qualit\u00e0 e affidabilit\u00e0"},"_links":{"self":[{"href":"https:\/\/finatsrl.it\/de\/wp-json\/wp\/v2\/product\/11331","targetHints":{"allow":["GET"]}}],"collection":[{"href":"https:\/\/finatsrl.it\/de\/wp-json\/wp\/v2\/product"}],"about":[{"href":"https:\/\/finatsrl.it\/de\/wp-json\/wp\/v2\/types\/product"}],"wp:featuredmedia":[{"embeddable":true,"href":"https:\/\/finatsrl.it\/de\/wp-json\/wp\/v2\/media\/12656"}],"wp:attachment":[{"href":"https:\/\/finatsrl.it\/de\/wp-json\/wp\/v2\/media?parent=11331"}],"wp:term":[{"taxonomy":"product_brand","embeddable":true,"href":"https:\/\/finatsrl.it\/de\/wp-json\/wp\/v2\/product_brand?post=11331"},{"taxonomy":"product_cat","embeddable":true,"href":"https:\/\/finatsrl.it\/de\/wp-json\/wp\/v2\/product_cat?post=11331"},{"taxonomy":"product_tag","embeddable":true,"href":"https:\/\/finatsrl.it\/de\/wp-json\/wp\/v2\/product_tag?post=11331"}],"curies":[{"name":"wp","href":"https:\/\/api.w.org\/{rel}","templated":true}]}}