{"id":11162,"date":"2025-01-27T15:47:22","date_gmt":"2025-01-27T14:47:22","guid":{"rendered":"https:\/\/finatnew.newhosting.intellijam.com\/prodotto\/materiali-per-etichette-per-sovrastampa-a-trasferimento-termico-3m-3922\/"},"modified":"2025-11-26T12:06:39","modified_gmt":"2025-11-26T11:06:39","slug":"materiali-per-etichette-per-sovrastampa-a-trasferimento-termico-3m-3922","status":"publish","type":"product","link":"https:\/\/finatsrl.it\/de\/product\/materiali-per-etichette-per-sovrastampa-a-trasferimento-termico-3m-3922\/","title":{"rendered":"Materiali per etichette per sovrastampa a trasferimento termico 3M 3922"},"content":{"rendered":"<div class=\"product-bullet-block\">\n<div class=\"bullet n1\"><\/div>\n<div class=\"bullet n2\"><\/div>\n<div class=\"bullet n3\"><\/div>\n<div class=\"bullet n4\"><\/div>\n<div class=\"bullet n5\"><\/div>\n<div class=\"bullet n6\"><\/div>\n<div class=\"bullet n7\"><\/div>\n<\/div>\n<div class=\"product-description-block\">\n<div class=\"short\">Il frontale ad alte temperature 3922 \u00e8 consigliato per le applicazioni di stampa di immagini a trasferimento termico quando viene richiesta elevata durata e ottima resistenza alle alte temperature.<\/div>\n<div class=\"extended\">Il film a base di acrilico \u00e8 resistente alle intemperie, ai raggi UV e a molti solventi oltre a essere dimensionalmente stabile. Il frontale bianco opaco offre un ottimo contrasto, che permette un&#8217;elevata velocit\u00e0 di lettura anche di codici a barre ad alta densit\u00e0. Il peso inferiore di rivestimento adesivo e il rivestimento siliconato su doppio lato per facilitare una conversione e un&#8217;erogazione eccellente, mantenendo al contempo ottime propriet\u00e0 di adesione.<\/div>\n<\/div>\n","protected":false},"excerpt":{"rendered":"<p>Il frontale ad alte temperature 3922 \u00e8 consigliato per le applicazioni di stampa di immagini a trasferimento termico quando viene richiesta elevata durata e ottima resistenza alle alte temperature.<\/p>\n","protected":false},"featured_media":8587,"template":"","meta":{"_acf_changed":false},"product_brand":[3337],"product_cat":[29,1087],"product_tag":[1236,1234,1233,1230,1235,1228,1232,1237,1231,1229],"class_list":{"0":"post-11162","1":"product","2":"type-product","3":"status-publish","4":"has-post-thumbnail","6":"product_brand-3m","7":"product_cat-adesivi-e-nastri-industriali","8":"product_cat-etichette-durevoli","9":"product_tag-etichetta-di-sicurezza","10":"product_tag-etichetta-lasergravabile","11":"product_tag-etichetta-per-termotrasferimento","12":"product_tag-etichetta-resistente-allacetone","13":"product_tag-etichetta-rimovibile","14":"product_tag-etichette","15":"product_tag-etichette-adesive","16":"product_tag-etichette-distruttibili","17":"product_tag-etichette-durevoli","18":"product_tag-trasferimento-termico","19":"pa_colore-bianco","21":"first","22":"instock","23":"product-type-simple"},"acf":{"short_description":"I materiali per etichette 3M 3922 offrono una qualit\u00e0 di stampa superiore per applicazioni industriali. Ideali per etichette durevoli e resistenti.","long_description":"<p>I materiali per etichette per sovrastampa a trasferimento termico 3M 3922 rappresentano una soluzione avanzata per chi cerca etichette durevoli e di alta qualit\u00e0. Questi materiali sono progettati specificamente per garantire una resa ottimale in combinazione con le stampanti a trasferimento termico, offrendo una qualit\u00e0 di stampa nitida e resistente nel tempo. La loro formulazione di alta qualit\u00e0 permette di produrre etichette che possono resistere a condizioni ambientali avverse, rendendole ideali per l'uso in ambienti industriali e commerciali.<\/p>\n<p>Grazie alla loro eccellente adesione, le etichette 3M 3922 sono perfette per una vasta gamma di applicazioni, dalle etichette di prodotto a quelle per la spedizione. La superficie speciale di questi materiali consente una sovrastampa uniforme, garantendo che i codici a barre e le informazioni stampate siano sempre leggibili. Inoltre, la resistenza all'usura e agli agenti chimici rende queste etichette ideali anche per settori come la logistica, l'automotive e la produzione.<\/p>\n<p>La facilit\u00e0 di utilizzo \u00e8 un altro punto di forza del materiale 3M 3922: \u00e8 compatibile con diverse stampanti a trasferimento termico, rendendo il processo di stampa rapido e senza problemi. Che si tratti di piccole produzioni o di grandi volumi, la qualit\u00e0 e l'affidabilit\u00e0 delle etichette rimangono sempre elevate. Inoltre, la disponibilit\u00e0 in diverse dimensioni e formati consente di soddisfare ogni specifica esigenza del cliente. Scegliere i materiali per etichette 3M 3922 significa investire in un prodotto di alta qualit\u00e0 che garantir\u00e0 risultati eccezionali nel lungo termine.<\/p>","feature_1":"Compatibili con stampanti a trasferimento termico","feature_2":"Eccellente qualit\u00e0 di stampa per codici a barre","feature_3":"Resistenti a graffi e usura","feature_4":"Impermeabili e resistenti a sostanze chimiche","feature_5":"Adesione ottimale su diverse superfici","feature_6":"Disponibili in varie dimensioni e formati","feature_7":"Facili da utilizzare e applicare","feature_8":"Durabilit\u00e0 estrema in ambienti industriali","feature_9":"Bassa emissione di fumi durante la sovrastampa","feature_10":"Sostenibili e riciclabili secondo le normative vigenti"},"_links":{"self":[{"href":"https:\/\/finatsrl.it\/de\/wp-json\/wp\/v2\/product\/11162","targetHints":{"allow":["GET"]}}],"collection":[{"href":"https:\/\/finatsrl.it\/de\/wp-json\/wp\/v2\/product"}],"about":[{"href":"https:\/\/finatsrl.it\/de\/wp-json\/wp\/v2\/types\/product"}],"wp:featuredmedia":[{"embeddable":true,"href":"https:\/\/finatsrl.it\/de\/wp-json\/wp\/v2\/media\/8587"}],"wp:attachment":[{"href":"https:\/\/finatsrl.it\/de\/wp-json\/wp\/v2\/media?parent=11162"}],"wp:term":[{"taxonomy":"product_brand","embeddable":true,"href":"https:\/\/finatsrl.it\/de\/wp-json\/wp\/v2\/product_brand?post=11162"},{"taxonomy":"product_cat","embeddable":true,"href":"https:\/\/finatsrl.it\/de\/wp-json\/wp\/v2\/product_cat?post=11162"},{"taxonomy":"product_tag","embeddable":true,"href":"https:\/\/finatsrl.it\/de\/wp-json\/wp\/v2\/product_tag?post=11162"}],"curies":[{"name":"wp","href":"https:\/\/api.w.org\/{rel}","templated":true}]}}