{"id":11059,"date":"2025-01-27T15:46:54","date_gmt":"2025-01-27T14:46:54","guid":{"rendered":"https:\/\/finatnew.newhosting.intellijam.com\/prodotto\/nastro-sigillante-3m-extreme-sealing-4412g\/"},"modified":"2025-05-07T14:36:10","modified_gmt":"2025-05-07T12:36:10","slug":"nastro-sigillante-3m-extreme-sealing-4412g","status":"publish","type":"product","link":"https:\/\/finatsrl.it\/de\/product\/nastro-sigillante-3m-extreme-sealing-4412g\/","title":{"rendered":"Nastro sigillante 3M Extreme Sealing 4412G"},"content":{"rendered":"<div class=\"product-bullet-block\">\n<div class=\"bullet n1\">Ottima resistenza a numerosi solventi industriali comuni, oltre che all&#8217;esposizione a temperature elevate<\/div>\n<div class=\"bullet n2\">Questo adesivo colloso fa presa con il contatto, per un fissaggio immediato senza tempo di asciugatura, senza colare e senza la necessit\u00e0 di pulire<\/div>\n<div class=\"bullet n3\">Questo nastro grigio, dello spessore di 2,0 mm, conformabile, forma un isolamento efficace di profili, bordi irregolari, inclusi rivetti e bulloni<\/div>\n<div class=\"bullet n4\">Il robusto supporto ionomerico resiste all&#8217;esposizione ai raggi UV e agli agenti chimici<\/div>\n<div class=\"bullet n5\">Il supporto pu\u00f2 essere verniciato e garantisce un aspetto pulito<\/div>\n<div class=\"bullet n6\">Sigilla giunzioni o infiltrazioni<\/div>\n<div class=\"bullet n7\">Risultati di sigillatura professionali anche all&#8217;aperto<\/div>\n<\/div>\n<div class=\"product-description-block\">\n<div class=\"short\">Il nastro Extreme Sealing Tape 3M 4412G \u00e8 un nastro acrilico grigio, dello spessore di 1,0 mm, altamente conformabile, monoadesivo, dotato di un supporto ionomerico a prestazioni elevate. Il nostro nastro \u00e8 appositamente progettato per offrirti una tenuta professionale su giunzioni o infiltrazioni esistenti esposte alla luce solare diretta, ma anche a picchi di temperatura e umidit\u00e0.<\/div>\n<div class=\"extended\">Il nastro Extreme Sealing Tape 3M 4412G \u00e8 la soluzione ideale per fissare in modo ermetico i tetti di veicoli commerciali, autobus, camper, treni, eliminando la necessit\u00e0 di grandi quantit\u00e0 di sigillanti liquidi. Il nostro nastro \u00e8 particolarmente adesivo e soddisfa le esigenze di una vasta gamma di applicazioni di sigillatura difficili. Poich\u00e9 \u00e8 un nastro monoadesivo, la sigillatura avviene &#8222;sigillando&#8220; una giunzione o infiltrazione esistente, al contrario di ci\u00f2 che avviene nelle applicazioni di interposizione di uno strato sigillante tra due superfici, eseguite con nastri biadesivi, guarnizioni o sigillanti\/adesivi liquidi. L&#8217;adesivo acrilico utilizzato per questo prodotto \u00e8 realizzato con la stessa tecnologia dei nastri 3M VHB. Questo nastro adesivo sensibile alla pressione offre prestazioni eccezionali nelle applicazioni difficili di sigillatura. Il supporto in film ionomerico \u00e8 particolarmente robusto e al tempo stesso flessibile e resistente alle abrasioni. \u00c8 conformabile e crea quindi un isolamento efficace di profili, bordi irregolari, inclusi rivetti e bulloni. Lo spesso adesivo acrilico \u00e8 molto morbido e vanta ottime propriet\u00e0 isolanti, oltre a una buona resistenza all&#8217;esterno. \u00c8 progettato per fissarsi saldamente alla pellicola ionomerica. In questo modo, si possono sovrapporre giunzioni di nastro senza rinunciare a una tenuta forte ed efficace. Questo nastro crea un isolamento resistente all&#8217;acqua e aderisce al contatto con numerosi substrati senza tempo di asciugatura, senza gocciolare, colare e senza la necessit\u00e0 di pulire. Si adatta a profili, bordi, rivetti e teste di viti. Il nastro Extreme Sealing Tape 3M pu\u00f2 essere verniciato nella stessa tonalit\u00e0 delle superfici adiacenti e garantisce una tenuta sicura con il sole, la pioggia, la neve e le temperature estreme. Cosa sono i ionomeri? I ionomeri possono essere costituiti da una qualsiasi categoria di materiali polimerici formati da resine termoplastiche stabilizzate tramite reticolazione ionica. Le applicazioni commerciali dei ionomeri includono, tra l&#8217;altro, il rivestimento delle palline da golf, le membrane semi-permeabili, i nastri sigillanti e gli elastomeri termoplastici.<\/div>\n<\/div>\n","protected":false},"excerpt":{"rendered":"<p>Il nastro Extreme Sealing Tape 3M 4412G \u00e8 un nastro acrilico grigio, dello spessore di 1,0 mm, altamente conformabile, monoadesivo, dotato di un supporto ionomerico a prestazioni elevate. Il nostro nastro \u00e8 appositamente progettato per offrirti una tenuta professionale su giunzioni o infiltrazioni esistenti esposte alla luce solare diretta, ma anche a picchi di temperatura e umidit\u00e0.<\/p>\n","protected":false},"featured_media":8533,"template":"","meta":{"_acf_changed":false},"product_brand":[3337],"product_cat":[29,269],"product_tag":[3338,3618,3620,3619,3397,3340,3621,2747,1492,2748,1707,2760,1497,2737,2741,1499,1494,1500,1732,2743,2755,1735,1502,2302,1102,1597,2568,1474,1503,1504,2751,2744,2753,2473,1706,1800,2754,2758,2752,2742,2750,2745,1482,2739,1884,2746,1495,2749,2757],"class_list":{"0":"post-11059","1":"product","2":"type-product","3":"status-publish","4":"has-post-thumbnail","6":"product_brand-3m","7":"product_cat-adesivi-e-nastri-industriali","8":"product_cat-nastri-in-schiuma","9":"product_tag-3m","10":"product_tag-4412g","11":"product_tag-aderenza-ai-substrati","12":"product_tag-adesivo-colloso","13":"product_tag-adesivo-sensibile-alla-pressione","14":"product_tag-aerospaziale","15":"product_tag-applicazioni-commerciali","16":"product_tag-autobus","17":"product_tag-automotive","18":"product_tag-camper","19":"product_tag-design-e-edilizia","20":"product_tag-edilizia-e-costruzioni","21":"product_tag-elettrodomestici","22":"product_tag-extreme-sealing-tape","23":"product_tag-fissaggio-immediato","24":"product_tag-incollaggio-e-assemblaggio","25":"product_tag-industria","26":"product_tag-industria-pesante","27":"product_tag-interni","28":"product_tag-isolamento-efficace","29":"product_tag-isolamento-resistente-allacqua","30":"product_tag-marine","31":"product_tag-meccanica-e-metallurgia","32":"product_tag-nastro-acrilico","33":"product_tag-nastro-adesivo","34":"product_tag-nastro-conformabile","35":"product_tag-nastro-grigio","36":"product_tag-nastro-sigillante","37":"product_tag-oem-e-tier","38":"product_tag-personalizzazione-autoveicoli","39":"product_tag-prestazioni-sigillatura","40":"product_tag-profili-irregolari","41":"product_tag-resistente-alle-abrasioni","42":"product_tag-resistenza-agli-agenti-chimici","43":"product_tag-resistenza-ai-raggi-uv","44":"product_tag-resistenza-ai-solventi","45":"product_tag-resistenza-allesterno","46":"product_tag-resistenza-alle-condizioni-atmosferiche","47":"product_tag-robusto-e-flessibile","48":"product_tag-senza-asciugatura","49":"product_tag-sigillanti-liquidi","50":"product_tag-sigillatura-allaperto","51":"product_tag-sigillatura-professionale","52":"product_tag-supporto-ionomerico","53":"product_tag-temperature-elevate","54":"product_tag-tetti-veicoli-commerciali","55":"product_tag-trasporti","56":"product_tag-treni","57":"product_tag-verniciabile","58":"pa_colore-grigio","60":"first","61":"instock","62":"product-type-simple"},"acf":{"short_description":"","long_description":"","feature_1":"","feature_2":"","feature_3":"","feature_4":"","feature_5":"","feature_6":"","feature_7":"","feature_8":"","feature_9":"","feature_10":""},"_links":{"self":[{"href":"https:\/\/finatsrl.it\/de\/wp-json\/wp\/v2\/product\/11059","targetHints":{"allow":["GET"]}}],"collection":[{"href":"https:\/\/finatsrl.it\/de\/wp-json\/wp\/v2\/product"}],"about":[{"href":"https:\/\/finatsrl.it\/de\/wp-json\/wp\/v2\/types\/product"}],"wp:featuredmedia":[{"embeddable":true,"href":"https:\/\/finatsrl.it\/de\/wp-json\/wp\/v2\/media\/8533"}],"wp:attachment":[{"href":"https:\/\/finatsrl.it\/de\/wp-json\/wp\/v2\/media?parent=11059"}],"wp:term":[{"taxonomy":"product_brand","embeddable":true,"href":"https:\/\/finatsrl.it\/de\/wp-json\/wp\/v2\/product_brand?post=11059"},{"taxonomy":"product_cat","embeddable":true,"href":"https:\/\/finatsrl.it\/de\/wp-json\/wp\/v2\/product_cat?post=11059"},{"taxonomy":"product_tag","embeddable":true,"href":"https:\/\/finatsrl.it\/de\/wp-json\/wp\/v2\/product_tag?post=11059"}],"curies":[{"name":"wp","href":"https:\/\/api.w.org\/{rel}","templated":true}]}}