{"id":11014,"date":"2025-01-27T15:46:23","date_gmt":"2025-01-27T14:46:23","guid":{"rendered":"https:\/\/finatnew.newhosting.intellijam.com\/prodotto\/adesivo-istantaneo-super-veloce-3m-scotch-weld-sf100\/"},"modified":"2025-05-07T17:07:36","modified_gmt":"2025-05-07T15:07:36","slug":"adesivo-istantaneo-super-veloce-3m-scotch-weld-sf100","status":"publish","type":"product","link":"https:\/\/finatsrl.it\/de\/product\/adesivo-istantaneo-super-veloce-3m-scotch-weld-sf100\/","title":{"rendered":"Adesivo istantaneo super veloce 3M Scotch-Weld SF100"},"content":{"rendered":"<div class=\"product-bullet-block\">\n<div class=\"bullet n1\">La polimerizzazione ultrarapida consente di procedere rapidamente con i progetti e mantiene elevata la produttivit\u00e0<\/div>\n<div class=\"bullet n2\">Contenitore flessibile da premere per erogare con precisione il prodotto nelal quantit\u00e0 desiderata. La bassa viscosit\u00e0 consente di realizzare linee di incolaggio sottili, per una polimerizzazione rapida ed efficace<\/div>\n<div class=\"bullet n3\">Si lega a molte superfici, tra cui pelle, sughero, legno, plastica e gomma<\/div>\n<div class=\"bullet n4\">Ugello che pu\u00f2 essere tagliato della grandezza desiderata per un&#8217;applicazione mirata<\/div>\n<div class=\"bullet n5\"><\/div>\n<div class=\"bullet n6\"><\/div>\n<div class=\"bullet n7\"><\/div>\n<\/div>\n<div class=\"product-description-block\">\n<div class=\"short\">3M Scotch-Weld SF100 \u00e8 un adesivo cianoacrilato istantaneo ultra rapido, a bassa viscosit\u00e0. Vonsente di realizzare incollaggi rapidissimi di molteplici materiali, inclusi pelle, legno plastica e gomma.<\/div>\n<div class=\"extended\">Adesione istantanea Il nostro adesivo istantaneo ultrarapido 3M Scotch-Weld SF100 \u00e8 progettato per offrire un&#8217;adesione istantanea. La polimerizzazione ultrarapida consente di procedere rapidamente con i progetti e mantiene elevata la produttivit\u00e0. La bassa viscosit\u00e0 consente all&#8217;adesivo di defluire in fretta e creare uno strato sottile che si lega in pochi secondi. Questo cianoacrilato ad azione rapida pu\u00f2 essere usato nelle applicazioni di produzione dal ritmo elevato per la polimerizzazione ultrarapida. La massima forza di fissaggio viene generalmente raggiunta in un tempo di polimerizzazione di 24 ore, anche se condizioni di bassa umidit\u00e0 e temperatura rallentano la velocit\u00e0 di reticolazione. Dopo la polimerizzazione, l&#8217;adesivo istantaneo ultrarapido 3M Scotch-Weld SF100 offre buone prestazioni a temperature comprese tra -65 \u00b0F\/-53 \u00b0C a 180 \u00b0F\/82 \u00b0C. Il contenitore flessibile pu\u00f2 essere premuto per erogare con precisione una goccia o una perlina della lunghezza e ampiezza desiderate. L&#8217;ugello che pu\u00f2 essere tagliato della grandezza desiderata favorisce questa applicazione mirata. Applicazioni consigliate Plastiche e gomme difficili da fissare Superfici acide e\/o contaminate Legno Sughero Pelle Cartone Superfici oleose Che cosa sono gli adesivi istantanei? Gli adesivi istantanei sono formule a base di cianoacrilati che danno vita ad adesivi robusti e dall&#8217;azione rapida usati nelle applicazioni industriali e domestiche. In generale, sono una resina acrilica che si polimerizza rapidamente in presenza d&#8217;acqua (per la precisione, di ioni di idrossido), formando lunghe catene robuste che congiungono le superfici unite. I cianoacrilati sono sensibili all&#8217;umidit\u00e0. L&#8217;eccessiva esposizione all&#8217;umidit\u00e0 pu\u00f2 ridurre la loro durata di conservazione. Poich\u00e9 la presenza di umidit\u00e0 causa l&#8217;assestamento della colla, l&#8217;esposizione a livelli normali di umidit\u00e0 nell&#8217;aria provoca la formazione di una leggera pellicola nel giro di alcuni secondi che rallenta notevolmente il processo reattivo di reticolazione. Per questo motivo, il cianoacrilato deve essere applicato in uno strato sottile per far s\u00ec che la reazione proceda rapidamente e che si formi un legame robusto in un tempo ragionevole. Gli adesivi istantanei 3M si applicano direttamente dal contenitore e raggiungono rapidamente il tempo di manipolazione a temperatura ambiente. Una sola goccia per centimetro quadrato \u00e8 in grado di incollare molte plastiche, gomme, metalli e altri materiali con un&#8217;elevata resistenza alla trazione<\/div>\n<\/div>\n","protected":false},"excerpt":{"rendered":"<p>3M Scotch-Weld SF100 \u00e8 un adesivo cianoacrilato istantaneo ultra rapido, a bassa viscosit\u00e0. Vonsente di realizzare incollaggi rapidissimi di molteplici materiali, inclusi pelle, legno plastica e gomma.<\/p>\n","protected":false},"featured_media":8510,"template":"","meta":{"_acf_changed":false},"product_brand":[3346],"product_cat":[29,288],"product_tag":[],"class_list":{"0":"post-11014","1":"product","2":"type-product","3":"status-publish","4":"has-post-thumbnail","6":"product_brand-scotch-weld","7":"product_cat-adesivi-e-nastri-industriali","8":"product_cat-adesivi-strutturali","10":"first","11":"instock","12":"product-type-simple"},"acf":{"short_description":"","long_description":"","feature_1":"","feature_2":"","feature_3":"","feature_4":"","feature_5":"","feature_6":"","feature_7":"","feature_8":"","feature_9":"","feature_10":""},"_links":{"self":[{"href":"https:\/\/finatsrl.it\/de\/wp-json\/wp\/v2\/product\/11014","targetHints":{"allow":["GET"]}}],"collection":[{"href":"https:\/\/finatsrl.it\/de\/wp-json\/wp\/v2\/product"}],"about":[{"href":"https:\/\/finatsrl.it\/de\/wp-json\/wp\/v2\/types\/product"}],"wp:featuredmedia":[{"embeddable":true,"href":"https:\/\/finatsrl.it\/de\/wp-json\/wp\/v2\/media\/8510"}],"wp:attachment":[{"href":"https:\/\/finatsrl.it\/de\/wp-json\/wp\/v2\/media?parent=11014"}],"wp:term":[{"taxonomy":"product_brand","embeddable":true,"href":"https:\/\/finatsrl.it\/de\/wp-json\/wp\/v2\/product_brand?post=11014"},{"taxonomy":"product_cat","embeddable":true,"href":"https:\/\/finatsrl.it\/de\/wp-json\/wp\/v2\/product_cat?post=11014"},{"taxonomy":"product_tag","embeddable":true,"href":"https:\/\/finatsrl.it\/de\/wp-json\/wp\/v2\/product_tag?post=11014"}],"curies":[{"name":"wp","href":"https:\/\/api.w.org\/{rel}","templated":true}]}}