{"id":11006,"date":"2025-01-27T15:46:23","date_gmt":"2025-01-27T14:46:23","guid":{"rendered":"https:\/\/finatnew.newhosting.intellijam.com\/prodotto\/nastro-adesivo-transfer-scotch-atg-926\/"},"modified":"2025-05-07T17:02:55","modified_gmt":"2025-05-07T15:02:55","slug":"nastro-adesivo-transfer-scotch-atg-926","status":"publish","type":"product","link":"https:\/\/finatsrl.it\/de\/product\/nastro-adesivo-transfer-scotch-atg-926\/","title":{"rendered":"Nastro adesivo transfer Scotch&reg; ATG 926"},"content":{"rendered":"<div class=\"product-bullet-block\">\n<div class=\"bullet n1\">Un nastro transfer adesivo dalle alte prestazioni che pu\u00f2 essere utilizzato su una variet\u00e0 di substrati e materiali. Offre eccellente resistenza ai solventi e pu\u00f2 essere usato per applicazioni che prevedono le alte temperature.<\/div>\n<div class=\"bullet n2\">Il sistema a nastro ATG fornisce un&#8217;applicazione controllata dell&#8217;adesivo con riavvolgimento del liner nell&#8217;applicatore ATG. Si fissa a contatto e lavora su una grande variet\u00e0 di substrati e multimateriali.<\/div>\n<div class=\"bullet n3\">Il sistema per nastri ATG \u00e8 versatile, comodo, nonch\u00e9 facile e veloce da usare. Applicazione senza sbavature o nessuna necessit\u00e0 di pulizia. Si tratta di un&#8217;alternativa economica a rivetti, graffette, viti, bulloni, adesivi liquidi. Pi\u00f9 sicuri degli adesivi a caldo (Hot Melt)<\/div>\n<div class=\"bullet n4\">Usalo per applicazioni che richiedono estrema tenuta, elevata resistenza al taglio e prestazioni ad alta temperatura<\/div>\n<div class=\"bullet n5\"><\/div>\n<div class=\"bullet n6\"><\/div>\n<div class=\"bullet n7\"><\/div>\n<\/div>\n<div class=\"product-description-block\">\n<div class=\"short\">Usa il Nastro adesivo transfer 926 ATG Scotch\u00ae per applicazioni che richiedono estrema tenuta, elevata resistenza al taglio e prestazioni ad alta temperatura. Il nostro nastro pu\u00f2 essere utilizzato su una variet\u00e0 di substrati e materiali e inoltre \u00e8 versatile, veloce e facile da usare.<\/div>\n<div class=\"extended\">Il nostro Nastro adesivo transfer 926 ATG Scotch\u00ae \u00e8 un nastro transfer versatile, comodo, veloce e facile da usare che funziona su una vasta gamma di supporti e materiali. Il nostro nastro \u00e8 ideale per applicazioni che richiedono estrema tenuta, elevata resistenza al taglio e prestazioni ad alta temperatura. \u00c8 un adesivo acrilico con avvolgimento inverso, sensibile alla pressione su un rivestimento di carta kraft densificata, adatto ad applicazioni quali targhette con nome su targhe premio, incollaggio di schiuma isolante, raccoglitori e scatole difficili da assemblare e substrati che richiedono un adesivo ad alta resistenza. Il nostro nastro \u00e8 un&#8217;economica alternativa a rivetti, graffette, viti, bulloni, adesivi liquidi ed \u00e8 pi\u00f9 sicuro degli adesivi a caldo.<\/div>\n<\/div>\n","protected":false},"excerpt":{"rendered":"<p>Usa il Nastro adesivo transfer 926 ATG Scotch\u00ae per applicazioni che richiedono estrema tenuta, elevata resistenza al taglio e prestazioni ad alta temperatura. Il nostro nastro pu\u00f2 essere utilizzato su una variet\u00e0 di substrati e materiali e inoltre \u00e8 versatile, veloce e facile da usare.<\/p>\n","protected":false},"featured_media":8506,"template":"","meta":{"_acf_changed":false},"product_brand":[3414],"product_cat":[29,786],"product_tag":[1198,1180,1101,1181,1197,1196,1182],"class_list":{"0":"post-11006","1":"product","2":"type-product","3":"status-publish","4":"has-post-thumbnail","6":"product_brand-scotch","7":"product_cat-adesivi-e-nastri-industriali","8":"product_cat-nastri-biadesivi-sottili","9":"product_tag-atg","10":"product_tag-biadesivo-acrilico","11":"product_tag-nastro-biadesivo","12":"product_tag-nastro-biadesivo-resistente","13":"product_tag-non-supportato","14":"product_tag-transfer","15":"product_tag-viscoelastico","17":"first","18":"instock","19":"product-type-simple"},"acf":{"short_description":"","long_description":"","feature_1":"","feature_2":"","feature_3":"","feature_4":"","feature_5":"","feature_6":"","feature_7":"","feature_8":"","feature_9":"","feature_10":""},"_links":{"self":[{"href":"https:\/\/finatsrl.it\/de\/wp-json\/wp\/v2\/product\/11006","targetHints":{"allow":["GET"]}}],"collection":[{"href":"https:\/\/finatsrl.it\/de\/wp-json\/wp\/v2\/product"}],"about":[{"href":"https:\/\/finatsrl.it\/de\/wp-json\/wp\/v2\/types\/product"}],"wp:featuredmedia":[{"embeddable":true,"href":"https:\/\/finatsrl.it\/de\/wp-json\/wp\/v2\/media\/8506"}],"wp:attachment":[{"href":"https:\/\/finatsrl.it\/de\/wp-json\/wp\/v2\/media?parent=11006"}],"wp:term":[{"taxonomy":"product_brand","embeddable":true,"href":"https:\/\/finatsrl.it\/de\/wp-json\/wp\/v2\/product_brand?post=11006"},{"taxonomy":"product_cat","embeddable":true,"href":"https:\/\/finatsrl.it\/de\/wp-json\/wp\/v2\/product_cat?post=11006"},{"taxonomy":"product_tag","embeddable":true,"href":"https:\/\/finatsrl.it\/de\/wp-json\/wp\/v2\/product_tag?post=11006"}],"curies":[{"name":"wp","href":"https:\/\/api.w.org\/{rel}","templated":true}]}}