{"id":10992,"date":"2025-01-27T15:46:23","date_gmt":"2025-01-27T14:46:23","guid":{"rendered":"https:\/\/finatnew.newhosting.intellijam.com\/prodotto\/nastro-adesivo-transfer-doppio-liner-3m-8153le\/"},"modified":"2025-05-07T16:58:02","modified_gmt":"2025-05-07T14:58:02","slug":"nastro-adesivo-transfer-doppio-liner-3m-8153le","status":"publish","type":"product","link":"https:\/\/finatsrl.it\/de\/product\/nastro-adesivo-transfer-doppio-liner-3m-8153le\/","title":{"rendered":"Nastro adesivo transfer doppio liner 3M 8153LE"},"content":{"rendered":"<div class=\"product-bullet-block\">\n<div class=\"bullet n1\">Nastro transfer con adesivo 300LSE da 90 \u00b5m e doppio liner. Eccellente resistenza ai substrati con bassa energia superficiale incluso vernici in polvere e alle plastiche con bassa energia superficiale come polipropilene (PP)<\/div>\n<div class=\"bullet n2\">Versione a doppio liner del nastro adesivo transfer 9453LE 3M<\/div>\n<div class=\"bullet n3\">Alta aderenza ai metalli e ai materiali ad alta energia superficiale, nonch\u00e9 ai metalli leggermente unti, quindi \u00e8 adatto per incollare substrati differenti. Buona resistenza ai prodotti chimiche industriali, ai prodotti chimici al consumo, all&#8217;umidit\u00e0 e ai solventi.<\/div>\n<div class=\"bullet n4\">Soddisfa un&#8217;ampia gamma di specifiche automobilistiche e OEM<\/div>\n<div class=\"bullet n5\">Idoneo per fissare materie plastiche a bassa energia superficiale, superfici verniciate a polvere e metalli leggermente unti<\/div>\n<div class=\"bullet n6\">Ideale per dispositivi elettronici<\/div>\n<div class=\"bullet n7\"><\/div>\n<\/div>\n<div class=\"product-description-block\">\n<div class=\"short\">Usa il nastro adesivo transfer double linered 3M 8153LE per fissare materie plastiche a bassa energia superficiale, superfici verniciate a polvere e metalli leggermente unti. Il nostro nastro adesivo transfer con doppio liner \u00e8 ideale per l&#8217;uso sui dispositivi elettronici. Presenta eccellenti propriet\u00e0 di resistenza al taglio.<\/div>\n<div class=\"extended\">Per applicazioni che richiedono prestazioni premium e un profilo sottile, usa il nostro nastro adesivo transfer con doppio liner 8153LE. Questo nastro da 90 \u00b5m \u00e8 una soluzione leader sul mercato per il fissaggio di materiali plastici in numerose applicazioni e in una vasta gamma di settori. Offre buona resistenza alle sostanze chimiche e all&#8217;umidit\u00e0, nonch\u00e9 eccellenti prestazioni in un&#8217;ampia gamma di temperature. La forza di fissaggio aumenta in funzione di tempo e temperatura; l&#8217;adesione iniziale \u00e8 molto alta. Questo nastro viene fornito con due liner. Il liner primario \u00e8 un liner in carta Kraft in politenato da 58 lb., stampato. Il liner secondario \u00e8 un liner di carta Kraft in politenato da 83 lb., ideale per numerose applicazioni di fustellatura e conversione e per rendere semplici i processi di installazione post-vendita. In quanto parte della famiglia di adesivi acrilici ad alta resistenza 300LSE questo nastro viene prodotto utilizzando un processo di produzione senza solventi ed \u00e8 in linea con la normativa UL 969 (file di riferimento PGGU2.MH26206).<\/div>\n<\/div>\n","protected":false},"excerpt":{"rendered":"<p>Usa il nastro adesivo transfer double linered 3M 8153LE per fissare materie plastiche a bassa energia superficiale, superfici verniciate a polvere e metalli leggermente unti. Il nostro nastro adesivo transfer con doppio liner \u00e8 ideale per l&#8217;uso sui dispositivi elettronici. Presenta eccellenti propriet\u00e0 di resistenza al taglio.<\/p>\n","protected":false},"featured_media":8500,"template":"","meta":{"_acf_changed":false},"product_brand":[3337],"product_cat":[29,786],"product_tag":[3338,3595,3598,3599,3596,3597,1492,2094,1180,2702,1273,1571,2710,2700,2711,2713,1494,2107,1269,2701,1992,1181,1197,2716,2485,2708,2714,2705,2704,2709,1584,2706,2707,1853,1196,1495,6654,1182],"class_list":{"0":"post-10992","1":"product","2":"type-product","3":"status-publish","4":"has-post-thumbnail","6":"product_brand-3m","7":"product_cat-adesivi-e-nastri-industriali","8":"product_cat-nastri-biadesivi-sottili","9":"product_tag-3m","10":"product_tag-8153le","11":"product_tag-adesione-iniziale-alta","12":"product_tag-adesivi-acrilici-ad-alta-resistenza","13":"product_tag-adesivo-300lse","14":"product_tag-alta-aderenza","15":"product_tag-automotive","16":"product_tag-bassa-energia-superficiale","17":"product_tag-biadesivo-acrilico","18":"product_tag-dispositivi-elettronici","19":"product_tag-doppio-liner","20":"product_tag-elettronica","21":"product_tag-elevata-temperatura","22":"product_tag-fissare-materie-plastiche","23":"product_tag-forza-di-fissaggio","24":"product_tag-fustellatura","25":"product_tag-industria","26":"product_tag-liner-in-carta-kraft","27":"product_tag-lse","28":"product_tag-metalli-leggermente-unti","29":"product_tag-nastro-adesivo-transfer","30":"product_tag-nastro-biadesivo-resistente","31":"product_tag-non-supportato","32":"product_tag-normativa-ul-969","33":"product_tag-oem","34":"product_tag-prestazioni-premium","35":"product_tag-processo-di-conversione","36":"product_tag-prodotti-chimici-al-consumo","37":"product_tag-prodotti-chimici-industriali","38":"product_tag-profilo-sottile","39":"product_tag-resistenza-al-taglio","40":"product_tag-solventi","41":"product_tag-specifiche-automobilistiche","42":"product_tag-superfici-verniciate-a-polvere","43":"product_tag-transfer","44":"product_tag-trasporti","45":"product_tag-umidita","46":"product_tag-viscoelastico","48":"first","49":"instock","50":"product-type-simple"},"acf":{"short_description":"","long_description":"","feature_1":"","feature_2":"","feature_3":"","feature_4":"","feature_5":"","feature_6":"","feature_7":"","feature_8":"","feature_9":"","feature_10":""},"_links":{"self":[{"href":"https:\/\/finatsrl.it\/de\/wp-json\/wp\/v2\/product\/10992","targetHints":{"allow":["GET"]}}],"collection":[{"href":"https:\/\/finatsrl.it\/de\/wp-json\/wp\/v2\/product"}],"about":[{"href":"https:\/\/finatsrl.it\/de\/wp-json\/wp\/v2\/types\/product"}],"wp:featuredmedia":[{"embeddable":true,"href":"https:\/\/finatsrl.it\/de\/wp-json\/wp\/v2\/media\/8500"}],"wp:attachment":[{"href":"https:\/\/finatsrl.it\/de\/wp-json\/wp\/v2\/media?parent=10992"}],"wp:term":[{"taxonomy":"product_brand","embeddable":true,"href":"https:\/\/finatsrl.it\/de\/wp-json\/wp\/v2\/product_brand?post=10992"},{"taxonomy":"product_cat","embeddable":true,"href":"https:\/\/finatsrl.it\/de\/wp-json\/wp\/v2\/product_cat?post=10992"},{"taxonomy":"product_tag","embeddable":true,"href":"https:\/\/finatsrl.it\/de\/wp-json\/wp\/v2\/product_tag?post=10992"}],"curies":[{"name":"wp","href":"https:\/\/api.w.org\/{rel}","templated":true}]}}