{"id":10929,"date":"2025-01-27T15:45:51","date_gmt":"2025-01-27T14:45:51","guid":{"rendered":"https:\/\/finatnew.newhosting.intellijam.com\/prodotto\/sigillante-adesivo-ibrido-3m-760\/"},"modified":"2025-11-26T12:11:15","modified_gmt":"2025-11-26T11:11:15","slug":"sigillante-adesivo-ibrido-3m-760","status":"publish","type":"product","link":"https:\/\/finatsrl.it\/de\/product\/sigillante-adesivo-ibrido-3m-760\/","title":{"rendered":"Sigillante adesivo ibrido 3M 760"},"content":{"rendered":"<div class=\"product-bullet-block\">\n<div class=\"bullet n1\">Il sigillante monocomponente indurente all&#8217;umidit\u00e0 offre una produzione semplificata<\/div>\n<div class=\"bullet n2\">Incolla e sigilla calcestruzzo, legno, alluminio, la maggior parte dei metalli laccati, poliestere, vetro, pietra e altro ancora<\/div>\n<div class=\"bullet n3\">Eccellente resistenza ai raggi UV<\/div>\n<div class=\"bullet n4\">Permanentemente elastico per consentire il movimento del giunto<\/div>\n<div class=\"bullet n5\">Le eccellenti propriet\u00e0 non-sag ne consentono l&#8217;utilizzo sopra e sotto la linea di galleggiamento<\/div>\n<div class=\"bullet n6\">Incolla materiali dissimili per una maggiore flessibilit\u00e0 di progettazione<\/div>\n<div class=\"bullet n7\">Tempo di pelle di 30 minuti, verniciabile immediatamente<\/div>\n<\/div>\n<div class=\"product-description-block\">\n<div class=\"short\">L&#8217;adesivo sigillante 3M 760 UV \u00e8 un adesivo ibrido, elastomerico, non-sag, che incolla e sigilla una vasta gamma di substrati sopra o sotto la linea di galleggiamento. Verniciabile quando bagnato. Non si degrada se esposto ai raggi UV.<\/div>\n<div class=\"extended\">Applicazioni ad alta resistenza di sigillanti elastomerici. Eccellente resistenza ai raggi UV e a lunga durata. Verniciabile quando bagnato.<\/div>\n<\/div>\n","protected":false},"excerpt":{"rendered":"<p>L&#8217;adesivo sigillante 3M 760 UV \u00e8 un adesivo ibrido, elastomerico, non-sag, che incolla e sigilla una vasta gamma di substrati sopra o sotto la linea di galleggiamento. Verniciabile quando bagnato. Non si degrada se esposto ai raggi UV.<\/p>\n","protected":false},"featured_media":8467,"template":"","meta":{"_acf_changed":false},"product_brand":[3337],"product_cat":[29,784],"product_tag":[1179,1432],"class_list":{"0":"post-10929","1":"product","2":"type-product","3":"status-publish","4":"has-post-thumbnail","6":"product_brand-3m","7":"product_cat-adesivi-e-nastri-industriali","8":"product_cat-sigillanti-emfi-e-3m","9":"product_tag-sigillante","10":"product_tag-uv","11":"pa_colore-bianco","12":"pa_colore-grigio","13":"pa_colore-nero","15":"first","16":"instock","17":"product-type-variable","18":"has-default-attributes"},"acf":{"short_description":"Il sigillante adesivo ibrido 3M 760 \u00e8 la soluzione ideale per applicazioni industriali che richiedono prestazioni elevate. Grazie alla sua formula innovativa, garantisce un'adesione duratura e una sigillatura efficace.","long_description":"<p>Il sigillante adesivo ibrido 3M 760 rappresenta una delle migliori soluzioni nel settore degli adesivi e nastri industriali, progettato per offrire prestazioni eccezionali in una vasta gamma di applicazioni. Questo prodotto unico combina le propriet\u00e0 adesive di un sigillante con la versatilit\u00e0 di un adesivo, rendendolo ideale per diverse esigenze industriali. La sua formula ibrida consente una rapida polimerizzazione e un'adesione forte e duratura su molte superfici, tra cui metallo, plastica e vetro.<\/p>\n<p>Grazie alla resistenza agli agenti atmosferici e alla capacit\u00e0 di mantenere la sua integrit\u00e0 anche in condizioni estreme, il sigillante 3M 760 \u00e8 particolarmente adatto per applicazioni sia interne che esterne. Questo sigillante \u00e8 anche resistente ai raggi UV, il che ne prolunga la durata nel tempo, riducendo la necessit\u00e0 di manutenzione e riparazioni frequenti.<\/p>\n<p>Inoltre, il sigillante adesivo ibrido 3M 760 \u00e8 facile da applicare, grazie al suo sistema a cartuccia che consente un dosaggio preciso e una lavorazione rapida. La sua consistenza viscoelastica permette una buona lavorabilit\u00e0 e un'ottima finitura, garantendo risultati professionali. \u00c8 anche privo di solventi, contribuendo a un ambiente di lavoro pi\u00f9 sicuro.<\/p>\n<p>Investire in questo sigillante significa scegliere un prodotto di alta qualit\u00e0 che offre non solo prestazioni superiori, ma anche un ottimo rapporto qualit\u00e0-prezzo. Ideale per professionisti del settore e per chi cerca soluzioni efficaci e durature, il sigillante adesivo ibrido 3M 760 non deluder\u00e0 le aspettative, rendendolo un must-have per il tuo arsenale di adesivi e nastri industriali.<\/p>","feature_1":"Formula ibrida per un'adesione duratura su diverse superfici","feature_2":"Resistenza agli agenti atmosferici per applicazioni esterne","feature_3":"Resistenza ai raggi UV per una maggiore durata","feature_4":"Facilit\u00e0 di applicazione con dosaggio preciso","feature_5":"Consistenza viscoelastica per una finitura professionale","feature_6":"Privo di solventi per un ambiente di lavoro sicuro","feature_7":"Rapida polimerizzazione per tempi di lavoro ridotti","feature_8":"Eccellente resistenza a temperature estreme","feature_9":"Compatibile con metallo, plastica e vetro","feature_10":"Ideale per applicazioni industriali e professionali"},"_links":{"self":[{"href":"https:\/\/finatsrl.it\/de\/wp-json\/wp\/v2\/product\/10929","targetHints":{"allow":["GET"]}}],"collection":[{"href":"https:\/\/finatsrl.it\/de\/wp-json\/wp\/v2\/product"}],"about":[{"href":"https:\/\/finatsrl.it\/de\/wp-json\/wp\/v2\/types\/product"}],"wp:featuredmedia":[{"embeddable":true,"href":"https:\/\/finatsrl.it\/de\/wp-json\/wp\/v2\/media\/8467"}],"wp:attachment":[{"href":"https:\/\/finatsrl.it\/de\/wp-json\/wp\/v2\/media?parent=10929"}],"wp:term":[{"taxonomy":"product_brand","embeddable":true,"href":"https:\/\/finatsrl.it\/de\/wp-json\/wp\/v2\/product_brand?post=10929"},{"taxonomy":"product_cat","embeddable":true,"href":"https:\/\/finatsrl.it\/de\/wp-json\/wp\/v2\/product_cat?post=10929"},{"taxonomy":"product_tag","embeddable":true,"href":"https:\/\/finatsrl.it\/de\/wp-json\/wp\/v2\/product_tag?post=10929"}],"curies":[{"name":"wp","href":"https:\/\/api.w.org\/{rel}","templated":true}]}}