{"id":10905,"date":"2025-01-27T15:45:25","date_gmt":"2025-01-27T14:45:25","guid":{"rendered":"https:\/\/finatnew.newhosting.intellijam.com\/prodotto\/adesivo-3m-scotch-weld-pur-te031\/"},"modified":"2025-10-28T09:50:42","modified_gmt":"2025-10-28T08:50:42","slug":"adesivo-3m-scotch-weld-pur-te031","status":"publish","type":"product","link":"https:\/\/finatsrl.it\/de\/product\/adesivo-3m-scotch-weld-pur-te031\/","title":{"rendered":"Adesivo 3M Scotch-Weld PUR TE031"},"content":{"rendered":"<div class=\"product-bullet-block\">\n<div class=\"bullet n1\">Prodotto ideale per fissare polistirene, poliacrilico e una vasta gamma di altre plastiche<\/div>\n<div class=\"bullet n2\">Il rapido incremento della forza strutturale offre legami rapidi per un assemblaggio veloce<\/div>\n<div class=\"bullet n3\">Resistenza finale del prodotto polimerizzato superiore a 6 MPa<\/div>\n<div class=\"bullet n4\">Composto al 100% di parti solide per risultati rapidi e tenaci senza richiedere attrezzature per l&#8217;asciugatura o la ventilazione<\/div>\n<div class=\"bullet n5\">Elevata resistente ai plastificanti per prestazioni a lungo termine<\/div>\n<div class=\"bullet n6\">Questo adesivo monocomponente con indurimento a umido riduce il tempo di pretrattamento<\/div>\n<div class=\"bullet n7\"><\/div>\n<\/div>\n<div class=\"product-description-block\">\n<div class=\"short\">L&#8217;adesivo 3M Scotch-Weld PUR TE031 \u00e8 caratterizzato da un incremento della forza strutturale e da un tempo di assestamento rapido, che producono legami robusti con una vasta gamma di plastiche senza richiedere attrezzature per l&#8217;asciugatura o la ventilazione. Questo adesivo che pu\u00f2 essere estruso viene applicato caldo tramite un applicatore di adesivi 3M Scotch-Weld PUR o un&#8217;attrezzatura di grandi dimensioni progettata appositamente per l&#8217;uso con gli adesivi PUR.<\/div>\n<div class=\"extended\">Tempo di pretrattamento ridotto, adesione e tempo di assestamento rapidi Caratterizzato da un rapido incremento della tenuta strutturale, l&#8217;adesivo 3M Scotch-Weld PUR TE031 \u00e8 un adesivo strutturale monocomponente con polimerizzazione a umido, offre un aperto rapido (30 secondi) ed \u00e8 ideale per il fissaggio di una vasta gamma di plastiche, tra cui polistirene e poliacrilico. Poich\u00e9 \u00e8 un adesivo composto al 100% da parti solide, la nostra formula produce legami con un tempo di pretrattamento ridotto e offre elevata resistenza e adesione duratura senza richiedere attrezzature per l&#8217;asciugatura e la ventilazione. Straordinariamente robusto, questo adesivo assicura una resistenza di oltre 6 MPa. Questo adesivo tenace con un tempo di manipolazione rapido \u00e8 caratterizzato da elevata resistenza ai plastificanti e pu\u00f2 essere usato per fissare materiali sensibili al calore. Applicazioni consigliate Modanature decorative in legno o plastica per mobili e armadi Modanature dei bordi per ripiani, tavoli, mensole e scrivanie Fondi, schienali e frontali di cassetti in legno o pannelli di MDF Separatori a parete modulari per uffici Assemblaggio di porte per abitazioni in legno e metallo per interni ed esterni Fissaggio e sigillatura di montanti verticali e guide in legno o plastica dei serramenti Fissaggio degli isolamenti in gomma a legno, plastica o metallo Fissaggio della fibra di vetro al legno negli interni per il settore nautico Fissaggio del metallo alle strutture a nido d&#8217;ape laminate negli stand fieristici Unisce i vantaggi degli adesivi strutturali alla rapidit\u00e0 degli adesivi Hot Melt La nostra famiglia di adesivi poliuretanici reattivi monocomponenti cominciano a polimerizzare quando sono esposti all&#8217;umidit\u00e0. Gli adesivi di questo tipo polimerizzano per mezzo di un legame chimico e meccanico. Le loro propriet\u00e0 di adesione elevata offrono una presa vigorosa alle superfici, mentre la loro reattivit\u00e0 consente di creare con esse anche un legame chimico. Gli adesivi uretanici con polimerizzazione a umido si legano chimicamente alla superficie e lasciano un residuo permanente se non vengono rimossi in fretta. Una volta polimerizzato, l&#8217;adesivo pu\u00f2 essere rimosso solo con metodi meccanici, come la molatura o la carteggiatura, che possono peggiorare lo stato originario della superficie mentre l&#8217;adesivo viene asportato. Questo legame chimico\/meccanico \u00e8 il motivo per cui gli uretani con polimerizzazione a umido sono tra gli adesivi pi\u00f9 resistenti disponibili Offrono un taglio aggressivo.<\/div>\n<\/div>\n","protected":false},"excerpt":{"rendered":"<p>L&#8217;adesivo 3M Scotch-Weld PUR TE031 \u00e8 caratterizzato da un incremento della forza strutturale e da un tempo di assestamento rapido, che producono legami robusti con una vasta gamma di plastiche senza richiedere attrezzature per l&#8217;asciugatura o la ventilazione. Questo adesivo che pu\u00f2 essere estruso viene applicato caldo tramite un applicatore di adesivi 3M Scotch-Weld PUR o un&#8217;attrezzatura di grandi dimensioni progettata appositamente per l&#8217;uso con gli adesivi PUR.<\/p>\n","protected":false},"featured_media":8455,"template":"","meta":{"_acf_changed":false},"product_brand":[3346],"product_cat":[29,288],"product_tag":[3338,3556,3421,3558,3560,3557,3561,3347,3559,2636,2193,1874,1589,1571,1590,2628,2647,2626,1494,2640,2648,2643,2635,2641,2630,2638,1773,2629,2625,1112,2639,2633,2216,2590,3562,2637,2634,2642,2646,2627,1495],"class_list":{"0":"post-10905","1":"product","2":"type-product","3":"status-publish","4":"has-post-thumbnail","6":"product_brand-scotch-weld","7":"product_cat-adesivi-e-nastri-industriali","8":"product_cat-adesivi-strutturali","9":"product_tag-3m","10":"product_tag-3m-scotch-weld-pur-te031","11":"product_tag-adesione-rapida","12":"product_tag-adesivo-estruso","13":"product_tag-adesivo-hot-melt","14":"product_tag-adesivo-monocomponente","15":"product_tag-adesivo-poliuretanico-reattivo","16":"product_tag-adesivo-strutturale","17":"product_tag-applicatore-adesivi-3m","18":"product_tag-armadi","19":"product_tag-assemblaggio-rapido","20":"product_tag-automobilistico","21":"product_tag-commercio-e-servizi","22":"product_tag-elettronica","23":"product_tag-energia","24":"product_tag-fissaggio-polistirene","25":"product_tag-forza-adesiva","26":"product_tag-incremento-forza-strutturale","27":"product_tag-industria","28":"product_tag-isolamento-gomma","29":"product_tag-legame-chimico","30":"product_tag-legame-chimico-meccanico","31":"product_tag-mobili","32":"product_tag-nautico","33":"product_tag-nessuna-attrezzatura-di-asciugatura","34":"product_tag-pareti-modulari","35":"product_tag-plastiche","36":"product_tag-poliacrilico","37":"product_tag-polimerizzazione-a-umido","38":"product_tag-poliuretano-reattivo","39":"product_tag-porte-abitazioni","40":"product_tag-prestazioni-a-lungo-termine","41":"product_tag-produzione-industriale","42":"product_tag-resistenza-ai-plastificanti","43":"product_tag-resistenza-meccanica","44":"product_tag-scrivanie","45":"product_tag-settori-applicativi","46":"product_tag-stand-fieristici","47":"product_tag-tempi-pretrattamento-ridotti","48":"product_tag-tenuta-strutturale","49":"product_tag-trasporti","50":"pa_colore-bianco","52":"first","53":"instock","54":"product-type-simple"},"acf":{"short_description":"","long_description":"","feature_1":"","feature_2":"","feature_3":"","feature_4":"","feature_5":"","feature_6":"","feature_7":"","feature_8":"","feature_9":"","feature_10":""},"_links":{"self":[{"href":"https:\/\/finatsrl.it\/de\/wp-json\/wp\/v2\/product\/10905","targetHints":{"allow":["GET"]}}],"collection":[{"href":"https:\/\/finatsrl.it\/de\/wp-json\/wp\/v2\/product"}],"about":[{"href":"https:\/\/finatsrl.it\/de\/wp-json\/wp\/v2\/types\/product"}],"wp:featuredmedia":[{"embeddable":true,"href":"https:\/\/finatsrl.it\/de\/wp-json\/wp\/v2\/media\/8455"}],"wp:attachment":[{"href":"https:\/\/finatsrl.it\/de\/wp-json\/wp\/v2\/media?parent=10905"}],"wp:term":[{"taxonomy":"product_brand","embeddable":true,"href":"https:\/\/finatsrl.it\/de\/wp-json\/wp\/v2\/product_brand?post=10905"},{"taxonomy":"product_cat","embeddable":true,"href":"https:\/\/finatsrl.it\/de\/wp-json\/wp\/v2\/product_cat?post=10905"},{"taxonomy":"product_tag","embeddable":true,"href":"https:\/\/finatsrl.it\/de\/wp-json\/wp\/v2\/product_tag?post=10905"}],"curies":[{"name":"wp","href":"https:\/\/api.w.org\/{rel}","templated":true}]}}