{"id":10804,"date":"2025-01-27T15:45:07","date_gmt":"2025-01-27T14:45:07","guid":{"rendered":"https:\/\/finatnew.newhosting.intellijam.com\/prodotto\/nastro-in-fibra-di-vetro-3m-5453\/"},"modified":"2025-06-27T10:12:33","modified_gmt":"2025-06-27T08:12:33","slug":"nastro-in-fibra-di-vetro-3m-5453","status":"publish","type":"product","link":"https:\/\/finatsrl.it\/de\/product\/nastro-in-fibra-di-vetro-3m-5453\/","title":{"rendered":"Nastro in fibra di vetro 3M 5453"},"content":{"rendered":"<div class=\"product-bullet-block\">\n<div class=\"bullet n1\">Il minimo assorbimento d&#8217;acqua consente di utilizzare questo nastro in un ambiente umido<\/div>\n<div class=\"bullet n2\">Adesivo siliconico che offre resistenza alle temperature elevate e lunga durata<\/div>\n<div class=\"bullet n3\">Offre una superficie antiaderente a basso attrito sulle apparecchiature di sigillatura a caldo e di imballaggio<\/div>\n<div class=\"bullet n4\">Il supporto pi\u00f9 spesso contribuisce a prolungare la vita utile rispetto alle versioni pi\u00f9 sottili quando \u00e8 sottoposto a usura e abrasioni<\/div>\n<div class=\"bullet n5\">Pu\u00f2 essere utilizzato in un&#8217;ampia gamma di temperature, incluse quelle fino a 260 \u00b0C<\/div>\n<div class=\"bullet n6\">Grazie al bassissimo grado di assorbimento di umidit\u00e0, il nastro pu\u00f2 essere utilizzato in molti ambienti umidi<\/div>\n<div class=\"bullet n7\">L&#8217;eccellente resistenza agli agenti chimici consente al nastro di tollerare applicazioni impegnative<\/div>\n<\/div>\n<div class=\"product-description-block\">\n<div class=\"short\">Il nostro nastro in tessuto di vetro PTFE 3M ad alte prestazioni 5453 ha un supporto in tessuto di vetro marrone impregnato di PTFE (politetrafluoroetilene). Questo nastro fornisce una superficie liscia sui macchinari di processo e offre un coefficiente di attrito estremamente basso che, in combinazione con un adesivo siliconico sensibile alla pressione, crea una superficie antiaderente che funziona a temperature elevate.<\/div>\n<div class=\"extended\">Lunga durata Per applicazioni a resistenza elevata che richiedono una maggiore durata, basta il nostro nastro in fibra di vetro premium PTFE 3M 5453. Resistente alla maggior parte delle sostanze chimiche, questo nastro in PTFE rinforzato offre una soluzione rapida e duratura per contribuire a ridurre l&#8217;accumulo sulle macchine per imballaggio e termosigillatura. Ha una funzione a lunga durata, antiaderente e a rilascio facile tra le superfici in situazioni in cui le variazioni di pressione e di temperatura e altri fattori possono creare aderenza tra le parti. IL PTFE \u00e8 resistente alle sostanze chimiche e pu\u00f2 essere usato come barriera chimica temporanea. Il nastro ha un ampio intervallo di utilizzo della temperatura, da -100\u00b0 F\/-73\u00b0 C a 500\u00b0 F\/260\u00b0 C, il che lo rende una scelta adatta per applicazioni a temperatura elevata. Applicazioni consigliate Macchine termosaldatrici Attrezzatura da stiro e stiratura Fascettatura ad alta temperatura Rilascio dello stampo per incollaggio composito Fornisce una buona barriera per la separazione di parti dissimili Cos&#8217;\u00e8 il PTFE? Il politetrafluoroetilene (PTFE) \u00e8 un materiale sintetico utilizzato in vari settori e applicazioni per ridurre il coefficiente di attrito. Grazie alle sue propriet\u00e0 antiaderenti e di elevata resistenza al calore, il PTFE viene utilizzato come rivestimento antiaderente per friggitrici e altro pentolame. \u00c8 un eccellente materiale isolante per applicazioni in campo elettrico grazie alla sua non conduttivit\u00e0. Il PTFE non reagisce con numerose sostanze chimiche grazie alla resistenza chimica delle leghe di fluoropolimeri; ci\u00f2 rende efficace il suo utilizzo in contenitori e tubazioni per sostanze reattive e corrosive. Il PTFE riduce l&#8217;attrito, l&#8217;usura e migliora l&#8217;efficienza energetica delle macchine. Grazie al suo basso attrito, il PTFE \u00e8 utilizzato in applicazioni industriali dove \u00e8 necessaria un&#8217;azione di scorrimento tra le parti, come cuscinetti, ingranaggi, piastre di scorrimento, ecc. In queste applicazioni, offre prestazioni notevolmente migliori di nylon o acetale. 3M ha realizzato questo versatile composto attraverso un processo di estrusione per creare una pellicola sottile, quindi ha abbinato la pellicola agli adesivi esclusivi sensibili alla pressione 3M per creare questi nastri in PTFE. I nastri in PTFE 3M innovativi e ad alte prestazioni sono affidabili, resistenti e riducono l&#8217;attrito.<\/div>\n<\/div>\n","protected":false},"excerpt":{"rendered":"<p>Il nostro nastro in tessuto di vetro PTFE 3M ad alte prestazioni 5453 ha un supporto in tessuto di vetro marrone impregnato di PTFE (politetrafluoroetilene). Questo nastro fornisce una superficie liscia sui macchinari di processo e offre un coefficiente di attrito estremamente basso che, in combinazione con un adesivo siliconico sensibile alla pressione, crea una superficie antiaderente che funziona a temperature elevate.<\/p>\n","protected":false},"featured_media":8396,"template":"","meta":{"_acf_changed":false},"product_brand":[3337],"product_cat":[29,801],"product_tag":[1329,1331,1330,1325,1328,1220,1326,1327,1332],"class_list":{"0":"post-10804","1":"product","2":"type-product","3":"status-publish","4":"has-post-thumbnail","6":"product_brand-3m","7":"product_cat-adesivi-e-nastri-industriali","8":"product_cat-nastri-per-schermature-e-alte-prestazioni","9":"product_tag-nastro-in-film-di-plastica-ptfe","10":"product_tag-nastro-in-film-di-ptfe","11":"product_tag-nastro-in-plastica-ptfe","12":"product_tag-nastro-in-politetrafluoroetilene","13":"product_tag-nastro-in-tessuto-di-vetro","14":"product_tag-nastro-per-riparazione-tubi","15":"product_tag-nastro-ptfe","16":"product_tag-uso-del-nastro-ptfe","17":"product_tag-utilizzando-il-nastro-ptfe","18":"pa_colore-marrone","20":"first","21":"instock","22":"product-type-simple"},"acf":{"short_description":"","long_description":"","feature_1":"","feature_2":"","feature_3":"","feature_4":"","feature_5":"","feature_6":"","feature_7":"","feature_8":"","feature_9":"","feature_10":""},"_links":{"self":[{"href":"https:\/\/finatsrl.it\/de\/wp-json\/wp\/v2\/product\/10804","targetHints":{"allow":["GET"]}}],"collection":[{"href":"https:\/\/finatsrl.it\/de\/wp-json\/wp\/v2\/product"}],"about":[{"href":"https:\/\/finatsrl.it\/de\/wp-json\/wp\/v2\/types\/product"}],"wp:featuredmedia":[{"embeddable":true,"href":"https:\/\/finatsrl.it\/de\/wp-json\/wp\/v2\/media\/8396"}],"wp:attachment":[{"href":"https:\/\/finatsrl.it\/de\/wp-json\/wp\/v2\/media?parent=10804"}],"wp:term":[{"taxonomy":"product_brand","embeddable":true,"href":"https:\/\/finatsrl.it\/de\/wp-json\/wp\/v2\/product_brand?post=10804"},{"taxonomy":"product_cat","embeddable":true,"href":"https:\/\/finatsrl.it\/de\/wp-json\/wp\/v2\/product_cat?post=10804"},{"taxonomy":"product_tag","embeddable":true,"href":"https:\/\/finatsrl.it\/de\/wp-json\/wp\/v2\/product_tag?post=10804"}],"curies":[{"name":"wp","href":"https:\/\/api.w.org\/{rel}","templated":true}]}}