{"id":10749,"date":"2025-02-01T10:31:56","date_gmt":"2025-02-01T09:31:56","guid":{"rendered":"https:\/\/finatnew.newhosting.intellijam.com\/prodotto\/nastro-3m-vhb-4941p\/"},"modified":"2025-02-18T10:34:31","modified_gmt":"2025-02-18T09:34:31","slug":"nastro-3m-vhb-4941p","status":"publish","type":"product","link":"https:\/\/finatsrl.it\/de\/product\/nastro-3m-vhb-4941p\/","title":{"rendered":"Nastro 3M VHB 4941P"},"content":{"rendered":"<div class=\"product-bullet-block\">\n<div class=\"bullet n1\">Adesivo acrilico, grigio, 1.1 mm, con anima in schiuma acrilica conformabile<\/div>\n<div class=\"bullet n2\">Offre buona resistenza ai plastificanti<\/div>\n<div class=\"bullet n3\">Incollaggi forti e duraturi su un&#8217;ampia variet\u00e0 di substrati ad energia superficiale medio-alta come alluminio, acciaio inossidabile, acciaio galvanizzato, policarbonato, ABS<\/div>\n<div class=\"bullet n4\">Prestazioni esterne superiori, resistenza ai raggi UV e ai solventi<\/div>\n<div class=\"bullet n5\">Elevata resistenza all&#8217;invecchiamento<\/div>\n<div class=\"bullet n6\">Crea una sigillatura permanente contro acqua, umidit\u00e0 e altro ancora<\/div>\n<div class=\"bullet n7\">L&#8217;elevato assorbimento di stress dinamico riduce le vibrazioni e lo stress da urti<\/div>\n<\/div>\n<div class=\"product-description-block\">\n<div class=\"short\">Il modo forte, veloce e semplice per creare legami durevoli e affidabili, eliminando rivetti, viti, bulloni e saldature. Il nastro 3M VHB 4941 offre elevata resistenza e durata nel tempo. Offre flessibilit\u00e0 di progettazione grazie alla sua viscoelasticit\u00e0 e alla potente capacit\u00e0 di incollare una variet\u00e0 di superfici.<\/div>\n<div class=\"extended\">Progettato per l&#8217;incollaggio permanente con un&#8217;elevata forza di adesione in applicazioni critiche su materiali di energia di superficie medio-alta. Resistente ai plastificanti.<\/div>\n<\/div>\n","protected":false},"excerpt":{"rendered":"<p>Il modo forte, veloce e semplice per creare legami durevoli e affidabili, eliminando rivetti, viti, bulloni e saldature. Il nastro 3M VHB 4941 offre elevata resistenza e durata nel tempo. Offre flessibilit\u00e0 di progettazione grazie alla sua viscoelasticit\u00e0 e alla potente capacit\u00e0 di incollare una variet\u00e0 di superfici.<\/p>\n","protected":false},"featured_media":13792,"template":"","meta":{"_acf_changed":false},"product_brand":[3360],"product_cat":[29,269],"product_tag":[3338,3818,3386,3348,3340,1492,1694,1493,1571,2467,2468,2388,3820,2589,1839,2239,1735,1831,1832,3887,1102,2491,3819,2489,2559,3821,1092,1504,2590,1706,1800,2317,2525,2461,1495,3822,3888],"class_list":{"0":"post-10749","1":"product","2":"type-product","3":"status-publish","4":"has-post-thumbnail","6":"product_brand-vhb","7":"product_cat-adesivi-e-nastri-industriali","8":"product_cat-nastri-in-schiuma","9":"product_tag-3m","10":"product_tag-3m-vhb-4941","11":"product_tag-adesione-elevata","12":"product_tag-adesivo-acrilico","13":"product_tag-aerospaziale","14":"product_tag-automotive","15":"product_tag-design","16":"product_tag-edilizia","17":"product_tag-elettronica","18":"product_tag-energia-eolica","19":"product_tag-energia-solare","20":"product_tag-incollaggio-industriale","21":"product_tag-incollaggio-materiali-dissimili","22":"product_tag-incollaggio-metalli","23":"product_tag-incollaggio-superfici","24":"product_tag-manutenzione-impianti","25":"product_tag-marine","26":"product_tag-meccanica","27":"product_tag-metallurgia","28":"product_tag-miglioramento-produttivita","29":"product_tag-nastro-adesivo","30":"product_tag-nastro-durevole","31":"product_tag-nastro-forte","32":"product_tag-nastro-industriale","33":"product_tag-nastro-per-costruzioni","34":"product_tag-nastro-per-interni-ed-esterni","35":"product_tag-nastro-vhb","36":"product_tag-personalizzazione-autoveicoli","37":"product_tag-resistenza-ai-plastificanti","38":"product_tag-resistenza-ai-raggi-uv","39":"product_tag-resistenza-ai-solventi","40":"product_tag-riduzione-vibrazioni","41":"product_tag-sicurezza-stradale","42":"product_tag-sigillatura-permanente","43":"product_tag-trasporti","44":"product_tag-veicoli-commerciali-nastro-vhbnastro-estrudibilesoluzione-di-incollaggiosistema-di-incollaggioincollaggio-on-demandnastro-in-schiuma","45":"product_tag-viscoelasticita","46":"pa_colore-grigio","48":"first","49":"instock","50":"product-type-simple"},"acf":{"short_description":"","long_description":"","feature_1":"","feature_2":"","feature_3":"","feature_4":"","feature_5":"","feature_6":"","feature_7":"","feature_8":"","feature_9":"","feature_10":""},"_links":{"self":[{"href":"https:\/\/finatsrl.it\/de\/wp-json\/wp\/v2\/product\/10749","targetHints":{"allow":["GET"]}}],"collection":[{"href":"https:\/\/finatsrl.it\/de\/wp-json\/wp\/v2\/product"}],"about":[{"href":"https:\/\/finatsrl.it\/de\/wp-json\/wp\/v2\/types\/product"}],"wp:featuredmedia":[{"embeddable":true,"href":"https:\/\/finatsrl.it\/de\/wp-json\/wp\/v2\/media\/13792"}],"wp:attachment":[{"href":"https:\/\/finatsrl.it\/de\/wp-json\/wp\/v2\/media?parent=10749"}],"wp:term":[{"taxonomy":"product_brand","embeddable":true,"href":"https:\/\/finatsrl.it\/de\/wp-json\/wp\/v2\/product_brand?post=10749"},{"taxonomy":"product_cat","embeddable":true,"href":"https:\/\/finatsrl.it\/de\/wp-json\/wp\/v2\/product_cat?post=10749"},{"taxonomy":"product_tag","embeddable":true,"href":"https:\/\/finatsrl.it\/de\/wp-json\/wp\/v2\/product_tag?post=10749"}],"curies":[{"name":"wp","href":"https:\/\/api.w.org\/{rel}","templated":true}]}}