{"id":10706,"date":"2025-01-27T15:44:17","date_gmt":"2025-01-27T14:44:17","guid":{"rendered":"https:\/\/finatnew.newhosting.intellijam.com\/prodotto\/nastro-3m-vhb-4905p\/"},"modified":"2025-11-26T12:06:18","modified_gmt":"2025-11-26T11:06:18","slug":"nastro-3m-vhb-4905p","status":"publish","type":"product","link":"https:\/\/finatsrl.it\/de\/product\/nastro-3m-vhb-4905p\/","title":{"rendered":"Nastro 3M VHB 4905P"},"content":{"rendered":"<div class=\"product-bullet-block\">\n<div class=\"bullet n1\">Adesivo acrilico generico, trasparente, 0.5 mm, con anima in schiuma acrilica solida<\/div>\n<div class=\"bullet n2\">La costruzione trasparente consente giunzioni di materiali trasparenti e linee di legame praticamente invisibili<\/div>\n<div class=\"bullet n3\">incollaggi forti e duraturi su un&#8217;ampia variet\u00e0 di substrati ad energia superficiale medio-alta come vernici, metalli e vetro, vetro acrilico (PMMA), policarbonato<\/div>\n<div class=\"bullet n4\">Prestazioni esterne superiori, resistenza ai raggi UV e ai solventi<\/div>\n<div class=\"bullet n5\">Elevata resistenza all&#8217;invecchiamento<\/div>\n<div class=\"bullet n6\">Crea una sigillatura permanente contro acqua, umidit\u00e0 e altro ancora<\/div>\n<div class=\"bullet n7\">L&#8217;elevato assorbimento di stress dinamico riduce le vibrazioni e lo stress da urti<\/div>\n<\/div>\n<div class=\"product-description-block\">\n<div class=\"short\">Il modo forte, rapido e semplice per creare fissaggi durevoli e affidabili, eliminando rivetti, viti, bulloni e saldature. Il nastro 3M VHB 4905 \u00e8 progettato per l&#8217;incollaggio di materiali trasparenti o ovunque sia necessario un legame trasparente.<\/div>\n<div class=\"extended\">Progettato per creare incollaggi duraturi e affidabili di materiali trasparenti o ovunque serva una legame trasparente.<\/div>\n<\/div>\n","protected":false},"excerpt":{"rendered":"<p>Il modo forte, rapido e semplice per creare fissaggi durevoli e affidabili, eliminando rivetti, viti, bulloni e saldature. Il nastro 3M VHB 4905 \u00e8 progettato per l&#8217;incollaggio di materiali trasparenti o ovunque sia necessario un legame trasparente.<\/p>\n","protected":false},"featured_media":8329,"template":"","meta":{"_acf_changed":false},"product_brand":[3360],"product_cat":[29,269],"product_tag":[1096,1093,1097,1092,1095,1094,1091],"class_list":{"0":"post-10706","1":"product","2":"type-product","3":"status-publish","4":"has-post-thumbnail","6":"product_brand-vhb","7":"product_cat-adesivi-e-nastri-industriali","8":"product_cat-nastri-in-schiuma","9":"product_tag-incollaggio-on-demand","10":"product_tag-nastro-estrudibile","11":"product_tag-nastro-in-schiuma","12":"product_tag-nastro-vhb","13":"product_tag-sistema-di-incollaggio","14":"product_tag-soluzione-di-incollaggio","15":"product_tag-vhb","16":"pa_colore-trasparente","18":"first","19":"instock","20":"product-type-simple"},"acf":{"short_description":"Il Nastro 3M VHB 4905P \u00e8 la soluzione ideale per applicazioni industriali che richiedono adesione permanente e resistenza. Perfetto per un'ampia gamma di materiali e condizioni ambientali.","long_description":"<p>Il Nastro 3M VHB 4905P rappresenta un'innovativa soluzione di adesione nel settore degli adesivi e nastri industriali, progettato per garantire prestazioni eccezionali in una variet\u00e0 di applicazioni. Questo nastro in schiuma, con uno spessore di 0,5 mm, \u00e8 realizzato per fornire un'adesione forte e duratura su diversi substrati, tra cui metallo, plastica, vetro e legno. La sua formula unica offre una resistenza straordinaria alle sollecitazioni meccaniche e agli agenti atmosferici, rendendolo ideale per l'uso in ambienti esterni e per applicazioni di lunga durata.<\/p>\n<p>Grazie alla sua elevata capacit\u00e0 di assorbimento delle vibrazioni, il Nastro 3M VHB 4905P non solo offre un'adesione robusta, ma contribuisce anche a ridurre il rumore e le vibrazioni, migliorando la qualit\u00e0 e la durata del prodotto finito. La facilit\u00e0 di applicazione e l'assenza di necessit\u00e0 di cure post-installazione lo rendono un'opzione molto apprezzata dagli operatori del settore.<\/p>\n<p>Inoltre, il nastro \u00e8 resistente ai solventi e alle sostanze chimiche, garantendo una performance affidabile anche nelle condizioni pi\u00f9 estreme. La sua versatilit\u00e0 lo rende adatto non solo per l'industria manifatturiera, ma anche per l'assemblaggio di componenti elettronici, decorazioni e applicazioni di design.<\/p>\n<p>Scegliere il Nastro 3M VHB 4905P significa optare per una soluzione di alta qualit\u00e0 che migliora l'efficienza produttiva e riduce i tempi di lavorazione. Con questo nastro, puoi contare su un prodotto che offre una performance superiore e una stabilit\u00e0 nel tempo, rendendolo una scelta ideale per le tue esigenze di adesione.<\/p>","feature_1":"Spessore di 0,5 mm per una maggiore adattabilit\u00e0 su superfici irregolari","feature_2":"Eccellente adesione su materiali diversi: metallo, plastica, vetro e legno","feature_3":"Resistenza agli agenti atmosferici per applicazioni esterne durature","feature_4":"Capacit\u00e0 di assorbimento delle vibrazioni per ridurre rumori e stress meccanici","feature_5":"Facile da applicare, senza necessit\u00e0 di ulteriori cure post-installazione","feature_6":"Resistente a solventi e sostanze chimiche per una performance affidabile","feature_7":"Elevata forza adesiva per applicazioni critiche e carichi pesanti","feature_8":"Versatile per uso in vari settori: elettronica, manifatturiero, design","feature_9":"Eccellente durata nel tempo, garantendo adesione permanente","feature_10":"Compatibile con processi di produzione automatizzati per migliorare l'efficienza"},"_links":{"self":[{"href":"https:\/\/finatsrl.it\/de\/wp-json\/wp\/v2\/product\/10706","targetHints":{"allow":["GET"]}}],"collection":[{"href":"https:\/\/finatsrl.it\/de\/wp-json\/wp\/v2\/product"}],"about":[{"href":"https:\/\/finatsrl.it\/de\/wp-json\/wp\/v2\/types\/product"}],"wp:featuredmedia":[{"embeddable":true,"href":"https:\/\/finatsrl.it\/de\/wp-json\/wp\/v2\/media\/8329"}],"wp:attachment":[{"href":"https:\/\/finatsrl.it\/de\/wp-json\/wp\/v2\/media?parent=10706"}],"wp:term":[{"taxonomy":"product_brand","embeddable":true,"href":"https:\/\/finatsrl.it\/de\/wp-json\/wp\/v2\/product_brand?post=10706"},{"taxonomy":"product_cat","embeddable":true,"href":"https:\/\/finatsrl.it\/de\/wp-json\/wp\/v2\/product_cat?post=10706"},{"taxonomy":"product_tag","embeddable":true,"href":"https:\/\/finatsrl.it\/de\/wp-json\/wp\/v2\/product_tag?post=10706"}],"curies":[{"name":"wp","href":"https:\/\/api.w.org\/{rel}","templated":true}]}}