{"id":10691,"date":"2025-01-27T15:44:17","date_gmt":"2025-01-27T14:44:17","guid":{"rendered":"https:\/\/finatnew.newhosting.intellijam.com\/prodotto\/nastro-3m-vhb-4936p\/"},"modified":"2025-11-26T12:06:15","modified_gmt":"2025-11-26T11:06:15","slug":"nastro-3m-vhb-4936p","status":"publish","type":"product","link":"https:\/\/finatsrl.it\/de\/product\/nastro-3m-vhb-4936p\/","title":{"rendered":"Nastro 3M VHB 4936P"},"content":{"rendered":"<div class=\"product-bullet-block\">\n<div class=\"bullet n1\">Adesivo acrilico, grigio, 0.64 mm, con anima in schiuma acrilica conformabile<\/div>\n<div class=\"bullet n2\">Offre buona resistenza ai plastificanti<\/div>\n<div class=\"bullet n3\">Incollaggi forti e duraturi su un&#8217;ampia variet\u00e0 di substrati ad energia superficiale medio-alta come vernici, metalli e vetro, vetro acrilico (PMMA), policarbonato<\/div>\n<div class=\"bullet n4\">Prestazioni esterne superiori, resistenza ai raggi UV e ai solventi<\/div>\n<div class=\"bullet n5\">Elevata resistenza all&#8217;invecchiamento<\/div>\n<div class=\"bullet n6\">Crea una sigillatura permanente contro acqua, umidit\u00e0 e altro ancora<\/div>\n<div class=\"bullet n7\">L&#8217;elevato assorbimento di stress dinamico riduce le vibrazioni e lo stress da urti<\/div>\n<\/div>\n<div class=\"product-description-block\">\n<div class=\"short\">Il modo forte, rapido e semplice per creare fissaggi durevoli e affidabili, eliminando rivetti, viti, bulloni e saldature. Il nastro 3M VHB 4936 offre elevata resistenza e durata nel tempo. Offre flessibilit\u00e0 di progettazione grazie alla sua viscoelasticit\u00e0 e alla potente capacit\u00e0 di incollare un&#8217;ampia variet\u00e0 di superfici.<\/div>\n<div class=\"extended\">Progettato per l&#8217;incollaggio permanente con un&#8217;elevata forza di adesione in applicazioni critiche su materiali di energia di superficie medio-alta. Resistente ai plastificanti.<\/div>\n<\/div>\n","protected":false},"excerpt":{"rendered":"<p>Il modo forte, rapido e semplice per creare fissaggi durevoli e affidabili, eliminando rivetti, viti, bulloni e saldature. Il nastro 3M VHB 4936 offre elevata resistenza e durata nel tempo. Offre flessibilit\u00e0 di progettazione grazie alla sua viscoelasticit\u00e0 e alla potente capacit\u00e0 di incollare un&#8217;ampia variet\u00e0 di superfici.<\/p>\n","protected":false},"featured_media":8175,"template":"","meta":{"_acf_changed":false},"product_brand":[3360],"product_cat":[29,269],"product_tag":[1096,1093,1097,1092,1095,1094,1091],"class_list":{"0":"post-10691","1":"product","2":"type-product","3":"status-publish","4":"has-post-thumbnail","6":"product_brand-vhb","7":"product_cat-adesivi-e-nastri-industriali","8":"product_cat-nastri-in-schiuma","9":"product_tag-incollaggio-on-demand","10":"product_tag-nastro-estrudibile","11":"product_tag-nastro-in-schiuma","12":"product_tag-nastro-vhb","13":"product_tag-sistema-di-incollaggio","14":"product_tag-soluzione-di-incollaggio","15":"product_tag-vhb","16":"pa_colore-grigio","18":"first","19":"instock","20":"product-type-simple"},"acf":{"short_description":"Il Nastro 3M VHB 4936P \u00e8 l'adesivo perfetto per applicazioni industriali che richiedono una tenuta eccezionale e una resistenza duratura. Scopri come pu\u00f2 migliorare la tua produzione.","long_description":"<p>Il Nastro 3M VHB 4936P \u00e8 un prodotto innovativo concepito per soddisfare le esigenze delle applicazioni industriali pi\u00f9 esigenti. Questo nastro in schiuma offre un'adesione straordinaria su una vasta gamma di superfici, comprese quelle difficili come metallo, plastica e vetro. La tecnologia VHB (Very High Bond) consente di ottenere una legatura permanente che resiste nel tempo, eliminando la necessit\u00e0 di utilizzare viti o rivetti, semplificando cos\u00ec il processo di assemblaggio. Con uno spessore di 1,1 mm, questo nastro \u00e8 in grado di assorbire vibrazioni e urti, aumentando la durabilit\u00e0 delle strutture collegate.<\/p>\n<p>La sua formulazione \u00e8 resistente ai raggi UV, all'umidit\u00e0 e alle sostanze chimiche, rendendolo perfetto per utilizzi sia interni che esterni. Grazie alla sua elevata resistenza alla temperatura, il Nastro 3M VHB 4936P pu\u00f2 operare in condizioni estreme, garantendo prestazioni superiori anche in ambienti difficili. La facilit\u00e0 di applicazione, unita all'eccellente conformabilit\u00e0 su superfici irregolari, lo rende una scelta ideale per i professionisti del settore. Non solo offre un'adesione iniziale rapida, ma sviluppa la massima forza di legame nel tempo, assicurando risultati ottimali.<\/p>\n<p>Scegliere il Nastro 3M VHB 4936P significa optare per un prodotto di alta qualit\u00e0 che pu\u00f2 ottimizzare i tuoi processi produttivi, riducendo i tempi di assemblaggio e aumentando l'efficienza. La sua versatilit\u00e0 lo rende adatto per una vasta gamma di applicazioni, dalle costruzioni all'industria automobilistica, dai settori elettronici a quelli dei beni di consumo. Non lasciare che la tua produzione venga compromessa da soluzioni adesive di bassa qualit\u00e0: il Nastro 3M VHB 4936P \u00e8 la risposta che stavi cercando per garantire risultati duraturi e affidabili.<\/p>","feature_1":"Spessore di 1,1 mm per un'adesione resistente e duratura.","feature_2":"Tecnologia VHB per una tenuta eccezionale su metallo, plastica e vetro.","feature_3":"Resistente ai raggi UV, ideale per applicazioni esterne.","feature_4":"Eccellente resistenza all'umidit\u00e0 e alle sostanze chimiche.","feature_5":"Capacit\u00e0 di assorbire vibrazioni e urti, aumentando la durabilit\u00e0.","feature_6":"Facile applicazione su superfici irregolari.","feature_7":"Adesione iniziale rapida con forza massima nel tempo.","feature_8":"Resistente a temperature estreme, da -40\u00b0C a 100\u00b0C.","feature_9":"Applicazioni versatili in vari settori: costruzione, automotive, elettronica.","feature_10":"Riduzione dei tempi di assemblaggio grazie alla sostituzione di viti e rivetti."},"_links":{"self":[{"href":"https:\/\/finatsrl.it\/de\/wp-json\/wp\/v2\/product\/10691","targetHints":{"allow":["GET"]}}],"collection":[{"href":"https:\/\/finatsrl.it\/de\/wp-json\/wp\/v2\/product"}],"about":[{"href":"https:\/\/finatsrl.it\/de\/wp-json\/wp\/v2\/types\/product"}],"wp:featuredmedia":[{"embeddable":true,"href":"https:\/\/finatsrl.it\/de\/wp-json\/wp\/v2\/media\/8175"}],"wp:attachment":[{"href":"https:\/\/finatsrl.it\/de\/wp-json\/wp\/v2\/media?parent=10691"}],"wp:term":[{"taxonomy":"product_brand","embeddable":true,"href":"https:\/\/finatsrl.it\/de\/wp-json\/wp\/v2\/product_brand?post=10691"},{"taxonomy":"product_cat","embeddable":true,"href":"https:\/\/finatsrl.it\/de\/wp-json\/wp\/v2\/product_cat?post=10691"},{"taxonomy":"product_tag","embeddable":true,"href":"https:\/\/finatsrl.it\/de\/wp-json\/wp\/v2\/product_tag?post=10691"}],"curies":[{"name":"wp","href":"https:\/\/api.w.org\/{rel}","templated":true}]}}