{"id":10652,"date":"2025-01-27T15:43:56","date_gmt":"2025-01-27T14:43:56","guid":{"rendered":"https:\/\/finatnew.newhosting.intellijam.com\/prodotto\/adesivo-epossidico-3m-scotch-weld-7260fc-ns\/"},"modified":"2025-11-26T12:05:58","modified_gmt":"2025-11-26T11:05:58","slug":"adesivo-epossidico-3m-scotch-weld-7260fc-ns","status":"publish","type":"product","link":"https:\/\/finatsrl.it\/de\/product\/adesivo-epossidico-3m-scotch-weld-7260fc-ns\/","title":{"rendered":"Adesivo epossidico 3M Scotch-Weld 7260FC NS"},"content":{"rendered":"<div class=\"product-bullet-block\">\n<div class=\"bullet n1\">Compatibile con ugello Material ID 7000043674<\/div>\n<div class=\"bullet n2\">Elevata resistenza a pelatura e taglio per fissaggi resistenti e duraturi<\/div>\n<div class=\"bullet n3\">Eccellente adesione alle superfici metalliche e termiche<\/div>\n<div class=\"bullet n4\">Disponibile con tempo aperto fino a 90 minuti (Fast Cure) o di 300 minuti (standard)<\/div>\n<div class=\"bullet n5\">In genere, raggiunge il tempo di manipolazione in 6-8 ore (Fast Cure) o in 24 ore (versione standard)<\/div>\n<div class=\"bullet n6\"><\/div>\n<div class=\"bullet n7\"><\/div>\n<\/div>\n<div class=\"product-description-block\">\n<div class=\"short\">3M Scotch-Weld 7260 FC B\/A \u00e8 un adesivo epossidico tenacizzato bicomponente ad alte prestazioni. Questo prodotto \u00e8 molto resistente ed \u00e8 caratterizzato da un&#8217;ottima adesione ai metalli e alle plastiche termostabilizzate.<\/div>\n<div class=\"extended\">L&#8217;adesivo epossidico 3M Scotch-Weld 7260 B\/A raggiunge un&#8217;ottima adesione ai metalli, ma aderisce bene a molte altre superfici anche con un pretrattamento minimo delle superfici. Questo prodotto presenta una resistenza elevata, anche alle alte temperature, una buona resistenza all&#8217;invecchiamento, un&#8217;elevata adesione con estrema resistenza a taglio e pelatura e un&#8217;adesione ottima alle superfici metalliche e ai materiali termostabilizzati. Con un tempo aperto di 300 minuti (o di 90 minuti per la versione FC a indurimento rapido), l&#8217;adesivo epossidico 3M Scotch-Weld 7260 offre un tempo sufficiente per posizionare le parti prima della polimerizzazione, che pu\u00f2 essere scelto in base ai requisiti del processo. La versione FC (Fast Cure, a polimerizzazione rapida) \u00e8 disponibile in una consistenza tale che il prodotto non cola. per poterlo usare quando \u00e8 necessaria l&#8217;applicazione su superfici verticali in pendenza.<\/div>\n<\/div>\n","protected":false},"excerpt":{"rendered":"<p>3M Scotch-Weld 7260 FC B\/A \u00e8 un adesivo epossidico tenacizzato bicomponente ad alte prestazioni. Questo prodotto \u00e8 molto resistente ed \u00e8 caratterizzato da un&#8217;ottima adesione ai metalli e alle plastiche termostabilizzate.<\/p>\n","protected":false},"featured_media":8291,"template":"","meta":{"_acf_changed":false},"product_brand":[3346],"product_cat":[1052,1080],"product_tag":[3347,1160],"class_list":{"0":"post-10652","1":"product","2":"type-product","3":"status-publish","4":"has-post-thumbnail","6":"product_brand-scotch-weld","7":"product_cat-industrial-adhesives-tapes-de","8":"product_cat-structural-adhesives-de","9":"product_tag-adesivo-strutturale","10":"product_tag-epossidico","12":"first","13":"instock","14":"product-type-simple"},"acf":{"short_description":"L'adesivo epossidico 3M Scotch-Weld 7260FC NS offre una resistenza superiore e un'adesione duratura, perfetto per una vasta gamma di applicazioni industriali. Scopri la sua formulazione innovativa che garantisce prestazioni elevate e affidabilit\u00e0.","long_description":"<p>L'adesivo epossidico 3M Scotch-Weld 7260FC NS \u00e8 una soluzione altamente efficace per le esigenze di incollaggio nel settore industriale. Questo prodotto \u00e8 progettato per offrire un'eccellente adesione su una variet\u00e0 di superfici, inclusi metalli, plastiche e compositi, rendendolo ideale per applicazioni strutturali. Grazie alla sua formula speciale, l'adesivo garantisce una resistenza meccanica e una durabilit\u00e0 che superano le aspettative, assicurando un legame forte e duraturo anche in condizioni ambientali difficili.<\/p>\n<p>Caratterizzato da un tempo di indurimento rapido, il 3M Scotch-Weld 7260FC NS consente di ottimizzare i tempi di produzione, riducendo i tempi di fermo e aumentando la produttivit\u00e0. Questo adesivo epossidico \u00e8 particolarmente apprezzato per la sua versatilit\u00e0, poich\u00e9 pu\u00f2 essere utilizzato in una variet\u00e0 di settori, dall'automotive all'elettronica, passando per l'edilizia e la manutenzione industriale. La sua formulazione non solo offre una resistenza eccellente, ma \u00e8 anche resistente agli agenti chimici e alle temperature elevate.<\/p>\n<p>In aggiunta, la facilit\u00e0 d'uso del 3M Scotch-Weld 7260FC NS permette una miscelazione semplice e un'applicazione precisa, riducendo al minimo gli sprechi e migliorando l'efficienza. Grazie alla sua formulazione innovativa, \u00e8 in grado di creare giunzioni invisibili e di mantenere l'integrit\u00e0 estetica dei materiali utilizzati. Non importa quale sia la tua esigenza di incollaggio, questo adesivo epossidico \u00e8 la scelta perfetta per ottenere risultati ottimali e una qualit\u00e0 duratura.<\/p>","feature_1":"Resistenza alla trazione superiore fino a 25 MPa","feature_2":"Indurimento rapido in 30 minuti per massimizzare la produttivit\u00e0","feature_3":"Adesione efficace su metalli, plastiche e compositi","feature_4":"Resistente agli agenti chimici e alle alte temperature (fino a 120\u00b0C)","feature_5":"Formulazione facile da miscelare per un'applicazione senza sforzi","feature_6":"Consistenza fluida per una distribuzione uniforme","feature_7":"Completamente curato in 7 giorni per una massima resistenza","feature_8":"Non tossico e privo di solventi per un utilizzo sicuro","feature_9":"Eccellente resistenza all'umidit\u00e0 per applicazioni in ambienti critici","feature_10":"Ideale per applicazioni strutturali e riparazioni industriali"},"_links":{"self":[{"href":"https:\/\/finatsrl.it\/de\/wp-json\/wp\/v2\/product\/10652","targetHints":{"allow":["GET"]}}],"collection":[{"href":"https:\/\/finatsrl.it\/de\/wp-json\/wp\/v2\/product"}],"about":[{"href":"https:\/\/finatsrl.it\/de\/wp-json\/wp\/v2\/types\/product"}],"wp:featuredmedia":[{"embeddable":true,"href":"https:\/\/finatsrl.it\/de\/wp-json\/wp\/v2\/media\/8291"}],"wp:attachment":[{"href":"https:\/\/finatsrl.it\/de\/wp-json\/wp\/v2\/media?parent=10652"}],"wp:term":[{"taxonomy":"product_brand","embeddable":true,"href":"https:\/\/finatsrl.it\/de\/wp-json\/wp\/v2\/product_brand?post=10652"},{"taxonomy":"product_cat","embeddable":true,"href":"https:\/\/finatsrl.it\/de\/wp-json\/wp\/v2\/product_cat?post=10652"},{"taxonomy":"product_tag","embeddable":true,"href":"https:\/\/finatsrl.it\/de\/wp-json\/wp\/v2\/product_tag?post=10652"}],"curies":[{"name":"wp","href":"https:\/\/api.w.org\/{rel}","templated":true}]}}