{"id":10619,"date":"2025-01-27T15:43:40","date_gmt":"2025-01-27T14:43:40","guid":{"rendered":"https:\/\/finatnew.newhosting.intellijam.com\/prodotto\/applicatore-pneumatico-3m-scotch-weld-epx\/"},"modified":"2025-11-26T12:05:53","modified_gmt":"2025-11-26T11:05:53","slug":"applicatore-pneumatico-3m-scotch-weld-epx","status":"publish","type":"product","link":"https:\/\/finatsrl.it\/de\/product\/applicatore-pneumatico-3m-scotch-weld-epx\/","title":{"rendered":"Applicatore pneumatico 3M Scotch-Weld EPX"},"content":{"rendered":"<div class=\"product-bullet-block\">\n<div class=\"bullet n1\">Misura, combina ed eroga adesivi bicomponenti in modo rapido e semplice<\/div>\n<div class=\"bullet n2\">Miscela il prodotto durante la stesura, riducendo al minimo lo spreco di materiale<\/div>\n<div class=\"bullet n3\">L&#8217;aderenza della pistola offre una presa comoda e un controllo preciso<\/div>\n<div class=\"bullet n4\">Sistema efficace per applicazioni di fissaggio, giunzione, incollaggio, attacco, assemblaggio, incapsulamento, invasatura e sigillatura<\/div>\n<div class=\"bullet n5\"><\/div>\n<div class=\"bullet n6\"><\/div>\n<div class=\"bullet n7\"><\/div>\n<\/div>\n<div class=\"product-description-block\">\n<div class=\"short\">L&#8217;applicatore pneumatico 3M Scotch-Weld EPX \u00e8 progettato per essere utilizzato in modo efficiente con le cartucce Duo-Pak (vendute separatamente) di adesivo strutturale Scotch-Weld. Grazie al sistema pneumatico ad aria compressa che fornisce pressione continua, consente di realizzare applicazioni in modo rapido e semplice, offrendo uno strumento pratico e veloce per misurare, miscelare e applicare gli adesivi bicomponenti.<\/div>\n<div class=\"extended\">L&#8217;applicatore pneumatico 3M Scotch-Weld EPX consente l&#8217;applicazione rapida, comoda e precisa degli adesivi strutturali 3M Scotch-Weld in cartucce Duo-Pak. L&#8217;applicatore \u00e8 uno strumento semplice per misurare, combinare e applicare adesivi bicomponenti ed \u00e8 anche comodo e facile da usare. Combina ed eroga contemporaneamente, riducendo lo spreco di adesivo, mentre l&#8217;impugnatura garantisce praticit\u00e0 d&#8217;uso e precisione durante l&#8217;applicazione dell&#8217;adesivo. Questo sistema ad azionamento pneumatico \u00e8 ideale per l&#8217;erogazione di grandi quantit\u00e0 di adesivo ed \u00e8 efficace se usato nelle applicazioni di fissaggio, assemblaggio e chiusura, isolamento e sigillatura.<\/div>\n<\/div>\n","protected":false},"excerpt":{"rendered":"<p>L&#8217;applicatore pneumatico 3M Scotch-Weld EPX \u00e8 progettato per essere utilizzato in modo efficiente con le cartucce Duo-Pak (vendute separatamente) di adesivo strutturale Scotch-Weld. Grazie al sistema pneumatico ad aria compressa che fornisce pressione continua, consente di realizzare applicazioni in modo rapido e semplice, offrendo uno strumento pratico e veloce per misurare, miscelare e applicare gli adesivi bicomponenti.<\/p>\n","protected":false},"featured_media":8272,"template":"","meta":{"_acf_changed":false},"product_brand":[3346],"product_cat":[1052,1080],"product_tag":[3528,1193],"class_list":{"0":"post-10619","1":"product","2":"type-product","3":"status-publish","4":"has-post-thumbnail","6":"product_brand-scotch-weld","7":"product_cat-industrial-adhesives-tapes-de","8":"product_cat-structural-adhesives-de","9":"product_tag-applicatore","10":"product_tag-epx","12":"first","13":"instock","14":"product-type-simple"},"acf":{"short_description":"L'applicatore pneumatico 3M Scotch-Weld EPX offre una soluzione innovativa per l'applicazione di adesivi e nastri industriali. Progettato per garantire massima precisione e comfort d'uso, \u00e8 ideale per lavori strutturali.","long_description":"<p>L'applicatore pneumatico 3M Scotch-Weld EPX \u00e8 un attrezzo professionale progettato per l'applicazione di adesivi e nastri industriali, in particolare quelli strutturali. Grazie alla sua tecnologia avanzata, questo applicatore offre un controllo preciso del flusso di adesivo, garantendo risultati eccellenti in ogni progetto. La sua leggerezza e il design ergonomico permettono un utilizzo prolungato senza affaticamento, rendendolo ideale per professionisti che lavorano in ambienti industriali.<\/p>\n<p>Una delle caratteristiche distintive dell'applicatore 3M Scotch-Weld EPX \u00e8 la sua capacit\u00e0 di adattarsi a diverse tipologie di cartucce, rendendo il cambio rapido e semplice. Questo strumento \u00e8 dotato di un sistema di attivazione pneumatico che consente di applicare adesivi con una pressione uniforme, riducendo al minimo gli sprechi e migliorando l'efficienza del lavoro. Inoltre, il suo meccanismo di precisione permette di gestire anche i materiali pi\u00f9 delicati, assicurando un'applicazione controllata e sicura.<\/p>\n<p>La compatibilit\u00e0 con un'ampia gamma di adesivi 3M ne fa un alleato versatile per molteplici settori, dall'automotive all'edilizia. Infine, la manutenzione \u00e8 semplice e veloce, garantendo che l'applicatore rimanga sempre in perfette condizioni per un uso continuo. Scegliere l'applicatore pneumatico 3M Scotch-Weld EPX significa investire in uno strumento affidabile e di alta qualit\u00e0, progettato per soddisfare le esigenze dei professionisti del settore.<\/p>","feature_1":"Compatibilit\u00e0 con cartucce adesive 3M Scotch-Weld da 48 ml e 400 ml","feature_2":"Sistema di attivazione pneumatico per applicazione uniforme","feature_3":"Design ergonomico per ridurre l'affaticamento durante l'uso prolungato","feature_4":"Leggero e maneggevole, ideale per lavori in altezza","feature_5":"Controllo preciso del flusso di adesivo per ridurre gli sprechi","feature_6":"Facile cambio cartucce per massimizzare l'efficienza","feature_7":"Adatto per una vasta gamma di materiali, inclusi metallo e plastica","feature_8":"Manutenzione semplice e rapida per garantire lunga durata","feature_9":"Pressione di lavoro regolabile per adattarsi a diverse applicazioni","feature_10":"Progettato per resistere a condizioni di lavoro rigorose e ambienti industriali"},"_links":{"self":[{"href":"https:\/\/finatsrl.it\/de\/wp-json\/wp\/v2\/product\/10619","targetHints":{"allow":["GET"]}}],"collection":[{"href":"https:\/\/finatsrl.it\/de\/wp-json\/wp\/v2\/product"}],"about":[{"href":"https:\/\/finatsrl.it\/de\/wp-json\/wp\/v2\/types\/product"}],"wp:featuredmedia":[{"embeddable":true,"href":"https:\/\/finatsrl.it\/de\/wp-json\/wp\/v2\/media\/8272"}],"wp:attachment":[{"href":"https:\/\/finatsrl.it\/de\/wp-json\/wp\/v2\/media?parent=10619"}],"wp:term":[{"taxonomy":"product_brand","embeddable":true,"href":"https:\/\/finatsrl.it\/de\/wp-json\/wp\/v2\/product_brand?post=10619"},{"taxonomy":"product_cat","embeddable":true,"href":"https:\/\/finatsrl.it\/de\/wp-json\/wp\/v2\/product_cat?post=10619"},{"taxonomy":"product_tag","embeddable":true,"href":"https:\/\/finatsrl.it\/de\/wp-json\/wp\/v2\/product_tag?post=10619"}],"curies":[{"name":"wp","href":"https:\/\/api.w.org\/{rel}","templated":true}]}}