{"id":10607,"date":"2025-01-27T15:43:40","date_gmt":"2025-01-27T14:43:40","guid":{"rendered":"https:\/\/finatnew.newhosting.intellijam.com\/prodotto\/nastro-biadesivo-in-polietilene-3m-9546\/"},"modified":"2025-11-26T12:11:13","modified_gmt":"2025-11-26T11:11:13","slug":"nastro-biadesivo-in-polietilene-3m-9546","status":"publish","type":"product","link":"https:\/\/finatsrl.it\/de\/product\/nastro-biadesivo-in-polietilene-3m-9546\/","title":{"rendered":"Nastro biadesivo in polietilene 3M 9546"},"content":{"rendered":"<div class=\"product-bullet-block\">\n<div class=\"bullet n1\">La schiuma resistente \u00e8 ideale per applicazioni interne di montaggio, incollaggio e fissaggio<\/div>\n<div class=\"bullet n2\">La schiuma smorza e previene le vibrazioni<\/div>\n<div class=\"bullet n3\">Fornisce buone qualit\u00e0 di isolamento<\/div>\n<div class=\"bullet n4\">Supporto in schiuma di polietilene a celle chiuse<\/div>\n<div class=\"bullet n5\">Progettato per uso interno<\/div>\n<div class=\"bullet n6\"><\/div>\n<div class=\"bullet n7\"><\/div>\n<\/div>\n<div class=\"product-description-block\">\n<div class=\"short\">Il nastro biadesivo in schiuma di polietilene 3M 9546 \u00e8 un nastro per uso generico, formulato per incollare molte materie plastiche a bassa energia superficiale, tra cui polipropilene e polietilene.<\/div>\n<div class=\"extended\">Nastro biadesivo in polietilene progettato per applicazioni di giunzione e montaggio interno per uso generale.<\/div>\n<\/div>\n","protected":false},"excerpt":{"rendered":"<p>Il nastro biadesivo in schiuma di polietilene 3M 9546 \u00e8 un nastro per uso generico, formulato per incollare molte materie plastiche a bassa energia superficiale, tra cui polipropilene e polietilene.<\/p>\n","protected":false},"featured_media":8264,"template":"","meta":{"_acf_changed":false},"product_brand":[3337],"product_cat":[29,269],"product_tag":[1290,1291],"class_list":{"0":"post-10607","1":"product","2":"type-product","3":"status-publish","4":"has-post-thumbnail","6":"product_brand-3m","7":"product_cat-adesivi-e-nastri-industriali","8":"product_cat-nastri-in-schiuma","9":"product_tag-nastro-biadesivo-in-schiuma","10":"product_tag-nastro-schiuma-acrilica","11":"pa_colore-bianco","12":"pa_colore-nero","14":"first","15":"instock","16":"product-type-variable","17":"has-default-attributes"},"acf":{"short_description":"Il nastro biadesivo in polietilene 3M 9546 \u00e8 progettato per garantire adesioni forti e durature in ambito industriale. Ideale per molteplici applicazioni, offre una soluzione versatile e affidabile per ogni esigenza di incollaggio.","long_description":"<p>Il nastro biadesivo in polietilene 3M 9546 \u00e8 una soluzione innovativa per chi cerca un adesivo versatile e di alta qualit\u00e0 per applicazioni industriali. Grazie alla sua struttura in polietilene, questo nastro offre una resistenza eccezionale e una capacit\u00e0 di adesione superiore, rendendolo ideale per vari materiali come metalli, plastica e vetro.<\/p>\n<p>La sua formulazione unica consente una facile applicazione, riducendo al minimo il tempo di installazione e aumentando l'efficienza produttiva. Con uno spessore di 0,5 mm e una forza adesiva iniziale impressionante, il nastro garantisce performance affidabili anche in condizioni ambientali difficili.<\/p>\n<p>Inoltre, il 3M 9546 \u00e8 progettato per resistere a temperature elevate, fino a 120\u00b0C, rendendolo perfetto per applicazioni che richiedono un'adesione stabile anche in condizioni di calore. La sua resistenza all'umidit\u00e0 e agli agenti chimici lo rende adatto per l'uso in ambienti industriali, dove \u00e8 fondamentale mantenere l'integrit\u00e0 dell'adesione.<\/p>\n<p>Questo nastro biadesivo non solo offre un'ottima performance, ma \u00e8 anche facile da rimuovere senza lasciare residui, permettendo una pulizia semplice e veloce. Grazie alle sue propriet\u00e0 di insonorizzazione e isolamento termico, \u00e8 ideale anche per applicazioni in ambito edilizio e automotive. Scegliere il nastro biadesivo 3M 9546 significa optare per un prodotto di qualit\u00e0 superiore, capace di superare le aspettative e garantire risultati eccellenti in ogni progetto.<\/p>","feature_1":"Spessore di 0,5 mm per una maggiore resistenza","feature_2":"Forza adesiva iniziale elevata per applicazioni immediate","feature_3":"Resistente a temperature fino a 120\u00b0C per utilizzi estremi","feature_4":"Impermeabile e resistente all'umidit\u00e0 per ambienti difficili","feature_5":"Facile da rimuovere senza lasciare residui","feature_6":"Eccellente adesione su metallo, plastica e vetro","feature_7":"Propriet\u00e0 di insonorizzazione per applicazioni silenziose","feature_8":"Isolamento termico per migliorare l'efficienza energetica","feature_9":"Applicazione semplice e veloce per ridurre i tempi di installazione","feature_10":"Versatile per molteplici applicazioni industriali e fai-da-te"},"_links":{"self":[{"href":"https:\/\/finatsrl.it\/de\/wp-json\/wp\/v2\/product\/10607","targetHints":{"allow":["GET"]}}],"collection":[{"href":"https:\/\/finatsrl.it\/de\/wp-json\/wp\/v2\/product"}],"about":[{"href":"https:\/\/finatsrl.it\/de\/wp-json\/wp\/v2\/types\/product"}],"wp:featuredmedia":[{"embeddable":true,"href":"https:\/\/finatsrl.it\/de\/wp-json\/wp\/v2\/media\/8264"}],"wp:attachment":[{"href":"https:\/\/finatsrl.it\/de\/wp-json\/wp\/v2\/media?parent=10607"}],"wp:term":[{"taxonomy":"product_brand","embeddable":true,"href":"https:\/\/finatsrl.it\/de\/wp-json\/wp\/v2\/product_brand?post=10607"},{"taxonomy":"product_cat","embeddable":true,"href":"https:\/\/finatsrl.it\/de\/wp-json\/wp\/v2\/product_cat?post=10607"},{"taxonomy":"product_tag","embeddable":true,"href":"https:\/\/finatsrl.it\/de\/wp-json\/wp\/v2\/product_tag?post=10607"}],"curies":[{"name":"wp","href":"https:\/\/api.w.org\/{rel}","templated":true}]}}