{"id":10583,"date":"2025-01-27T15:43:40","date_gmt":"2025-01-27T14:43:40","guid":{"rendered":"https:\/\/finatnew.newhosting.intellijam.com\/prodotto\/nastro-rinforzato-tartan-8953\/"},"modified":"2025-11-26T12:05:50","modified_gmt":"2025-11-26T11:05:50","slug":"nastro-rinforzato-tartan-8953","status":"publish","type":"product","link":"https:\/\/finatsrl.it\/de\/product\/nastro-rinforzato-tartan-8953\/","title":{"rendered":"Nastro rinforzato Tartan 8953"},"content":{"rendered":"<div class=\"product-bullet-block\">\n<div class=\"bullet n1\">Nastro filament economico e affidabile per applicazioni di imballaggio leggere<\/div>\n<div class=\"bullet n2\">Rinforzati longitudinalmente in fibra di vetro<\/div>\n<div class=\"bullet n3\">Buona aderenza iniziale alla maggior parte delle fibre, materie plastiche e superfici metalliche<\/div>\n<div class=\"bullet n4\">La trasparenza offre una chiara visibilit\u00e0 delle grafiche, stampe e illustazioni della scatola<\/div>\n<div class=\"bullet n5\">Il nastro resiste a intaccature, abrasioni, umidit\u00e0 e rigature<\/div>\n<div class=\"bullet n6\"><\/div>\n<div class=\"bullet n7\"><\/div>\n<\/div>\n<div class=\"product-description-block\">\n<div class=\"short\">Nastro Filament Tartan 3M 8953 per uso generale, \u00e8 principalmente utilizzato per applicazioni leggere di reggiatura, impacchettamento e rinforzo.<\/div>\n<div class=\"extended\">Nastro filament per uso generico, utile per applicazioni leggere di reggiatura, raggruppamento e il rinforzo.<\/div>\n<\/div>\n","protected":false},"excerpt":{"rendered":"<p>Nastro Filament Tartan 3M 8953 per uso generale, \u00e8 principalmente utilizzato per applicazioni leggere di reggiatura, impacchettamento e rinforzo.<\/p>\n","protected":false},"featured_media":8252,"template":"","meta":{"_acf_changed":false},"product_brand":[3429],"product_cat":[29,891],"product_tag":[1248,1301],"class_list":{"0":"post-10583","1":"product","2":"type-product","3":"status-publish","4":"has-post-thumbnail","6":"product_brand-tartan","7":"product_cat-adesivi-e-nastri-industriali","8":"product_cat-nastri-rinforzati","9":"product_tag-nastro","10":"product_tag-rinforzato","11":"pa_colore-trasparente","13":"first","14":"instock","15":"product-type-simple"},"acf":{"short_description":"Il Nastro rinforzato Tartan 8953 \u00e8 la scelta ideale per applicazioni industriali che richiedono resistenza e durabilit\u00e0. Scopri come pu\u00f2 semplificare il tuo lavoro quotidiano!","long_description":"<p>Il Nastro rinforzato Tartan 8953 di Finat SRL \u00e8 progettato per rispondere alle esigenze pi\u00f9 elevate del settore industriale. Con una larghezza di 50 mm e una lunghezza di 50 metri, questo nastro offre una capacit\u00e0 di carico elevata, rendendolo perfetto per una variet\u00e0 di applicazioni, dalla sigillatura alla protezione. La sua adesivit\u00e0 eccezionale garantisce un'aderenza sicura su diverse superfici, comprese quelle ruvide e porose, mentre la sua struttura rinforzata assicura una resistenza allo strappo senza pari.<\/p>\n<p>Questo nastro \u00e8 realizzato con materiali di alta qualit\u00e0 che lo rendono resistente agli agenti atmosferici, ai raggi UV e alle sostanze chimiche, permettendo un utilizzo anche in ambienti difficili. La facile applicazione e la possibilit\u00e0 di rimozione senza residui lo rendono un prodotto versatile per professionisti e hobbisti. La colorazione tartan non solo \u00e8 esteticamente gradevole, ma aiuta anche a identificare facilmente il nastro in un ambiente di lavoro affollato.<\/p>\n<p>Con il Nastro rinforzato Tartan 8953, puoi essere certo di avere sempre un alleato affidabile nel tuo lavoro quotidiano. Sia che tu stia cercando un nastro per applicazioni di imballaggio, riparazione o fissaggio, questo prodotto ti offre la garanzia di qualit\u00e0 e prestazioni superiori. Non lasciare che i tuoi progetti siano ostacolati da nastri di bassa qualit\u00e0; scegli il Tartan 8953 e sperimenta la differenza che un prodotto di alta gamma pu\u00f2 fare. Ordina subito e scopri perch\u00e9 \u00e8 il preferito dai professionisti del settore!<\/p>","feature_1":"Larghezza di 50 mm per una copertura ottimale","feature_2":"Lunghezza di 50 metri per utilizzi prolungati","feature_3":"Resistenza allo strappo per applicazioni impegnative","feature_4":"Adesione forte su superfici ruvide e porose","feature_5":"Resistente agli agenti atmosferici e ai raggi UV","feature_6":"Facile da applicare e rimuovere senza residui","feature_7":"Design tartan per una facile identificazione","feature_8":"Struttura rinforzata per una durata superiore","feature_9":"Ideale per imballaggio, riparazione e fissaggio","feature_10":"Prodotto da Finat SRL, sinonimo di qualit\u00e0 e affidabilit\u00e0"},"_links":{"self":[{"href":"https:\/\/finatsrl.it\/de\/wp-json\/wp\/v2\/product\/10583","targetHints":{"allow":["GET"]}}],"collection":[{"href":"https:\/\/finatsrl.it\/de\/wp-json\/wp\/v2\/product"}],"about":[{"href":"https:\/\/finatsrl.it\/de\/wp-json\/wp\/v2\/types\/product"}],"wp:featuredmedia":[{"embeddable":true,"href":"https:\/\/finatsrl.it\/de\/wp-json\/wp\/v2\/media\/8252"}],"wp:attachment":[{"href":"https:\/\/finatsrl.it\/de\/wp-json\/wp\/v2\/media?parent=10583"}],"wp:term":[{"taxonomy":"product_brand","embeddable":true,"href":"https:\/\/finatsrl.it\/de\/wp-json\/wp\/v2\/product_brand?post=10583"},{"taxonomy":"product_cat","embeddable":true,"href":"https:\/\/finatsrl.it\/de\/wp-json\/wp\/v2\/product_cat?post=10583"},{"taxonomy":"product_tag","embeddable":true,"href":"https:\/\/finatsrl.it\/de\/wp-json\/wp\/v2\/product_tag?post=10583"}],"curies":[{"name":"wp","href":"https:\/\/api.w.org\/{rel}","templated":true}]}}