{"id":10563,"date":"2025-01-27T15:43:16","date_gmt":"2025-01-27T14:43:16","guid":{"rendered":"https:\/\/finatnew.newhosting.intellijam.com\/prodotto\/adesivo-a-caldo-3m-hot-melt-3748\/"},"modified":"2025-11-26T12:05:47","modified_gmt":"2025-11-26T11:05:47","slug":"adesivo-a-caldo-3m-hot-melt-3748","status":"publish","type":"product","link":"https:\/\/finatsrl.it\/de\/product\/adesivo-a-caldo-3m-hot-melt-3748\/","title":{"rendered":"Adesivo a caldo 3M Hot Melt 3748"},"content":{"rendered":"<div class=\"product-bullet-block\">\n<div class=\"bullet n1\">Le eccellenti propriet\u00e0 elettriche offrono una soluzione ideale per applicazioni elettriche<\/div>\n<div class=\"bullet n2\">Presenta eccellenti propriet\u00e0 di shock termico a bassa temperatura per un&#8217;adesione ottimale a lungo termine<\/div>\n<div class=\"bullet n3\">La buona resistenza al calore offre durabilit\u00e0 attraverso temperature fluttuanti<\/div>\n<div class=\"bullet n4\">Le propriet\u00e0 non corrosive mantengono la qualit\u00e0 e la resistenza dell&#8217;adesivo nel tempo<\/div>\n<div class=\"bullet n5\">L&#8217;elevata adesione alla pelatura consente resistenza e resilienza a lungo termine<\/div>\n<div class=\"bullet n6\"><\/div>\n<div class=\"bullet n7\"><\/div>\n<\/div>\n<div class=\"product-description-block\">\n<div class=\"short\">L&#8217;adesivo Hot Melt 3M 3748 \u00e8 un adesivo resistente e flessibile con eccezionali propriet\u00e0 di shock termico a bassa temperatura che \u00e8 in grado di fornire un&#8217;adesione ottimale a temperature variabili.<\/div>\n<div class=\"extended\">Progettato per applicazioni elettroniche, laminazione di grandi superfici, sigillatura, invasatura e incapsulamento.<\/div>\n<\/div>\n","protected":false},"excerpt":{"rendered":"<p>L&#8217;adesivo Hot Melt 3M 3748 \u00e8 un adesivo resistente e flessibile con eccezionali propriet\u00e0 di shock termico a bassa temperatura che \u00e8 in grado di fornire un&#8217;adesione ottimale a temperature variabili.<\/p>\n","protected":false},"featured_media":7905,"template":"","meta":{"_acf_changed":false},"product_brand":[3337],"product_cat":[29,763],"product_tag":[3420,1122],"class_list":{"0":"post-10563","1":"product","2":"type-product","3":"status-publish","4":"has-post-thumbnail","6":"product_brand-3m","7":"product_cat-adesivi-e-nastri-industriali","8":"product_cat-adesivi-spray-e-adesivi-a-caldo","9":"product_tag-adesivo-a-caldo","10":"product_tag-hot-melt","12":"first","13":"instock","14":"product-type-simple"},"acf":{"short_description":"L'adesivo a caldo 3M Hot Melt 3748 offre prestazioni superiori per applicazioni industriali. Ideale per assemblaggi rapidi e durevoli.","long_description":"<p>L'adesivo a caldo 3M Hot Melt 3748 \u00e8 la soluzione ideale per tutte le tue esigenze di incollaggio industriale. Sviluppato da Finat SRL, questo adesivo a caldo \u00e8 progettato per garantire prestazioni eccellenti in una vasta gamma di applicazioni, dalla produzione di imballaggi all'assemblaggio di componenti. Grazie alla sua formula innovativa, il 3M Hot Melt 3748 offre una rapida adesione e una resistenza eccellente nel tempo, rendendolo un'opzione ideale per chi cerca un prodotto affidabile e performante.<\/p>\n<p>Le sue caratteristiche uniche lo rendono un prodotto di punta nel settore degli adesivi e nastri industriali. Con un tempo di asciugatura rapido, questo adesivo consente di ottimizzare i processi produttivi, riducendo i tempi di attesa e aumentando l'efficienza operativa. La sua versatilit\u00e0 permette di utilizzarlo su una vasta gamma di materiali, dal cartone alla plastica, fino al legno, garantendo sempre risultati soddisfacenti.<\/p>\n<p>Inoltre, l'adesivo a caldo 3M Hot Melt 3748 \u00e8 resistente a temperature elevate e umidit\u00e0, il che lo rende perfetto per applicazioni che richiedono una tenuta duratura. La sua applicazione \u00e8 semplice e pulita, grazie alla compatibilit\u00e0 con le pistole per adesivi a caldo standard. Non lascia residui appiccicosi e si asciuga in modo uniforme, garantendo un aspetto professionale per ogni progetto.<\/p>\n<p>Scegliere l'adesivo a caldo 3M Hot Melt 3748 significa investire in un prodotto di alta qualit\u00e0 che non delude mai. Che tu stia lavorando su progetti di assemblaggio, riparazione o produzione, questo adesivo ti offre la sicurezza e la performance di cui hai bisogno per ottenere risultati eccezionali. Non aspettare oltre, prova subito l'adesivo a caldo 3M Hot Melt 3748 e scopri la differenza che pu\u00f2 fare nei tuoi progetti industriali.<\/p>","feature_1":"Formula innovativa per adesione rapida","feature_2":"Resistenza a temperature elevate","feature_3":"Compatibile con diverse superfici (cartone, plastica, legno)","feature_4":"Applicazione semplice e pulita con pistole standard","feature_5":"Tempo di asciugatura ridotto per maggiore efficienza","feature_6":"Non lascia residui appiccicosi","feature_7":"Eccellente resistenza all'umidit\u00e0","feature_8":"Ideale per assemblaggi industriali e produzione","feature_9":"Prestazioni stabili nel tempo","feature_10":"Prodotto certificato per uso industriale"},"_links":{"self":[{"href":"https:\/\/finatsrl.it\/de\/wp-json\/wp\/v2\/product\/10563","targetHints":{"allow":["GET"]}}],"collection":[{"href":"https:\/\/finatsrl.it\/de\/wp-json\/wp\/v2\/product"}],"about":[{"href":"https:\/\/finatsrl.it\/de\/wp-json\/wp\/v2\/types\/product"}],"wp:featuredmedia":[{"embeddable":true,"href":"https:\/\/finatsrl.it\/de\/wp-json\/wp\/v2\/media\/7905"}],"wp:attachment":[{"href":"https:\/\/finatsrl.it\/de\/wp-json\/wp\/v2\/media?parent=10563"}],"wp:term":[{"taxonomy":"product_brand","embeddable":true,"href":"https:\/\/finatsrl.it\/de\/wp-json\/wp\/v2\/product_brand?post=10563"},{"taxonomy":"product_cat","embeddable":true,"href":"https:\/\/finatsrl.it\/de\/wp-json\/wp\/v2\/product_cat?post=10563"},{"taxonomy":"product_tag","embeddable":true,"href":"https:\/\/finatsrl.it\/de\/wp-json\/wp\/v2\/product_tag?post=10563"}],"curies":[{"name":"wp","href":"https:\/\/api.w.org\/{rel}","templated":true}]}}