{"id":10544,"date":"2025-01-27T15:43:16","date_gmt":"2025-01-27T14:43:16","guid":{"rendered":"https:\/\/finatnew.newhosting.intellijam.com\/prodotto\/adesivo-epossidico-3m-scotch-weld-dp460\/"},"modified":"2025-11-26T12:05:45","modified_gmt":"2025-11-26T11:05:45","slug":"adesivo-epossidico-3m-scotch-weld-dp460","status":"publish","type":"product","link":"https:\/\/finatsrl.it\/de\/product\/adesivo-epossidico-3m-scotch-weld-dp460\/","title":{"rendered":"Adesivo epossidico 3M Scotch-Weld DP460"},"content":{"rendered":"<div class=\"product-bullet-block\">\n<div class=\"bullet n1\">Fornisce legami forti e resistenti grazie ad un&#8217;elevata resistenza al taglio e alla pelatura<\/div>\n<div class=\"bullet n2\">Eccezionale resistenza e stabilit\u00e0 sotto carichi statici e dinamici<\/div>\n<div class=\"bullet n3\">Buona resistenza ambientale<\/div>\n<div class=\"bullet n4\">Facile miscelazione ed erogazione, legami rigidi, bassa viscosit\u00e0, autolivellante.<\/div>\n<div class=\"bullet n5\">vita utile di 60 minuti, manipolabile in circa 4-6 ore<\/div>\n<div class=\"bullet n6\"><\/div>\n<div class=\"bullet n7\"><\/div>\n<\/div>\n<div class=\"product-description-block\">\n<div class=\"short\">L&#8217;adesivo epossidico 3M Scotch-Weld DP460 \u00e8 un adesivo bicomponente. \u00c8 progettato per usi in cui sono richieste tenacit\u00e0 ed elevata resistenza. \u0400 un prodotto che offre un legame forte e duraturo su molte superfici.<\/div>\n<div class=\"extended\">L&#8217;adesivo epossidico 3M Scotch-Weld DP460 \u00e8 un adesivo bicomponente. \u00c8 progettato per usi in cui sono richieste tenacit\u00e0 ed elevata resistenza. \u0400 un prodotto che offre un legame forte e duraturo su molte superfici.<\/div>\n<\/div>\n","protected":false},"excerpt":{"rendered":"<p>L&#8217;adesivo epossidico 3M Scotch-Weld DP460 \u00e8 un adesivo bicomponente. \u00c8 progettato per usi in cui sono richieste tenacit\u00e0 ed elevata resistenza. \u0400 un prodotto che offre un legame forte e duraturo su molte superfici.<\/p>\n","protected":false},"featured_media":8231,"template":"","meta":{"_acf_changed":false},"product_brand":[3346],"product_cat":[29,288],"product_tag":[3347,1160],"class_list":{"0":"post-10544","1":"product","2":"type-product","3":"status-publish","4":"has-post-thumbnail","6":"product_brand-scotch-weld","7":"product_cat-adesivi-e-nastri-industriali","8":"product_cat-adesivi-strutturali","9":"product_tag-adesivo-strutturale","10":"product_tag-epossidico","12":"first","13":"instock","14":"product-type-simple"},"acf":{"short_description":"L'adesivo epossidico 3M Scotch-Weld DP460 offre una resistenza straordinaria e una versatilit\u00e0 senza pari, ideale per applicazioni strutturali in ambito industriale. Perfetto per unire materiali diversi con una tenuta che dura nel tempo.","long_description":"<p>L'adesivo epossidico 3M Scotch-Weld DP460 rappresenta la soluzione ideale per le vostre esigenze di incollaggio in ambito industriale. Con un'ottima capacit\u00e0 di resistenza agli urti e alla temperatura, questo adesivo \u00e8 progettato per fornire una tenuta solida e duratura, anche in condizioni difficili. La formula epossidica garantisce una rapida polimerizzazione, permettendo di ottenere risultati rapidi senza compromettere la qualit\u00e0 della giunzione.<\/p>\n<p>La sua versatilit\u00e0 lo rende adatto per unire materiali diversi, come metallo, plastica, ceramica e compositi, rendendolo un alleato prezioso in una vasta gamma di applicazioni strutturali. Grazie alla sua bassa viscosit\u00e0, il DP460 si applica facilmente e penetra bene nelle fessure, assicurando un'aderenza ottimale.<\/p>\n<p>Inoltre, l'adesivo 3M Scotch-Weld DP460 resiste a solventi e umidit\u00e0, garantendo prestazioni affidabili anche in ambienti critici. La sua capacit\u00e0 di resistere a temperature estreme, da -40\u00b0C a +80\u00b0C, lo rende perfetto per applicazioni in condizioni climatiche variabili.<\/p>\n<p>Con una resistenza alla trazione di 20 MPa, il DP460 non solo soddisfa, ma supera le aspettative di qualit\u00e0 richieste nei settori industriali. Che si tratti di riparazioni, assemblaggi o costruzioni, questo adesivo epossidico \u00e8 progettato per offrire prestazioni superiori e risultati durevoli nel tempo. Non aspettate oltre, scegliete 3M Scotch-Weld DP460 per la vostra prossima applicazione strutturale e scoprite la differenza che un adesivo di qualit\u00e0 pu\u00f2 fare.<\/p>","feature_1":"Resistenza alla trazione fino a 20 MPa per giunzioni robuste","feature_2":"Eccellente adesione su una vasta gamma di substrati: metalli, plastica e ceramica","feature_3":"Bassa viscosit\u00e0 per una facile applicazione e penetrazione nelle fessure","feature_4":"Resistente a solventi e umidit\u00e0 per applicazioni in ambienti difficili","feature_5":"Temperature operative da -40\u00b0C a +80\u00b0C per una maggiore versatilit\u00e0","feature_6":"Tempo di polimerizzazione rapido per risultati immediati","feature_7":"Ideale per applicazioni strutturali e riparazioni industriali","feature_8":"Formula epossidica per una durata e resistenza eccellenti","feature_9":"Non infiammabile e sicuro per l'uso industriale","feature_10":"Fornito in pratiche cartucce per un'applicazione semplice e precisa"},"_links":{"self":[{"href":"https:\/\/finatsrl.it\/de\/wp-json\/wp\/v2\/product\/10544","targetHints":{"allow":["GET"]}}],"collection":[{"href":"https:\/\/finatsrl.it\/de\/wp-json\/wp\/v2\/product"}],"about":[{"href":"https:\/\/finatsrl.it\/de\/wp-json\/wp\/v2\/types\/product"}],"wp:featuredmedia":[{"embeddable":true,"href":"https:\/\/finatsrl.it\/de\/wp-json\/wp\/v2\/media\/8231"}],"wp:attachment":[{"href":"https:\/\/finatsrl.it\/de\/wp-json\/wp\/v2\/media?parent=10544"}],"wp:term":[{"taxonomy":"product_brand","embeddable":true,"href":"https:\/\/finatsrl.it\/de\/wp-json\/wp\/v2\/product_brand?post=10544"},{"taxonomy":"product_cat","embeddable":true,"href":"https:\/\/finatsrl.it\/de\/wp-json\/wp\/v2\/product_cat?post=10544"},{"taxonomy":"product_tag","embeddable":true,"href":"https:\/\/finatsrl.it\/de\/wp-json\/wp\/v2\/product_tag?post=10544"}],"curies":[{"name":"wp","href":"https:\/\/api.w.org\/{rel}","templated":true}]}}