{"id":10522,"date":"2025-01-27T15:43:16","date_gmt":"2025-01-27T14:43:16","guid":{"rendered":"https:\/\/finatnew.newhosting.intellijam.com\/prodotto\/applicatore-pneumatico-per-nastro-adesivo-transfer-scotch-atg-700\/"},"modified":"2025-11-26T12:05:44","modified_gmt":"2025-11-26T11:05:44","slug":"applicatore-pneumatico-per-nastro-adesivo-transfer-scotch-atg-700","status":"publish","type":"product","link":"https:\/\/finatsrl.it\/de\/product\/applicatore-pneumatico-per-nastro-adesivo-transfer-scotch-atg-700\/","title":{"rendered":"Applicatore pneumatico per nastro adesivo transfer Scotch&reg; ATG 700"},"content":{"rendered":"<div class=\"product-bullet-block\">\n<div class=\"bullet n1\">Offre un&#8217;applicazione controllata con la pressione di un grilletto<\/div>\n<div class=\"bullet n2\">Mentre applichi l&#8217;adesivo il liner si riavvolge nell&#8217;applicatore<\/div>\n<div class=\"bullet n3\">La copertura trasparente fornisce un rapido e facile controllo del nastro rimante<\/div>\n<div class=\"bullet n4\">Gli ingranaggi coperti minimizzano gli inceppamenti dell&#8217;applicatore<\/div>\n<div class=\"bullet n5\">Non lascia residui e non richiede pulizia: il liner viene riavvolto all&#8217;interno della pistola durante l&#8217;applicazione dell&#8217;adesivo<\/div>\n<div class=\"bullet n6\"><\/div>\n<div class=\"bullet n7\"><\/div>\n<\/div>\n<div class=\"product-description-block\">\n<div class=\"short\">L&#8217;applicatore di nastro adesivo Scotch\u00ae ATG 700 \u00e8 una soluzione leggera e portatile per l&#8217;applicazione del nastro adesivo transfer in un&#8217;operazione rapida, semplice e con una sola mano. Inoltre, fornisce uno spessore costante senza fare pasticci con linee di adesivo troppo spesse o eccessive erogazioni dello stesso.<\/div>\n<div class=\"extended\">Una soluzione leggera e portatile per applicare il nastro adesivo transfer in un&#8217;operazione rapida, semplice e con una sola mano.<\/div>\n<\/div>\n","protected":false},"excerpt":{"rendered":"<p>L&#8217;applicatore di nastro adesivo Scotch\u00ae ATG 700 \u00e8 una soluzione leggera e portatile per l&#8217;applicazione del nastro adesivo transfer in un&#8217;operazione rapida, semplice e con una sola mano. Inoltre, fornisce uno spessore costante senza fare pasticci con linee di adesivo troppo spesse o eccessive erogazioni dello stesso.<\/p>\n","protected":false},"featured_media":8221,"template":"","meta":{"_acf_changed":false},"product_brand":[3414],"product_cat":[29,786],"product_tag":[1198,1180,1101,1181,1197,1196,1182],"class_list":{"0":"post-10522","1":"product","2":"type-product","3":"status-publish","4":"has-post-thumbnail","6":"product_brand-scotch","7":"product_cat-adesivi-e-nastri-industriali","8":"product_cat-nastri-biadesivi-sottili","9":"product_tag-atg","10":"product_tag-biadesivo-acrilico","11":"product_tag-nastro-biadesivo","12":"product_tag-nastro-biadesivo-resistente","13":"product_tag-non-supportato","14":"product_tag-transfer","15":"product_tag-viscoelastico","16":"pa_colore-giallo","18":"first","19":"instock","20":"product-type-simple"},"acf":{"short_description":"L'Applicatore pneumatico per nastro adesivo transfer Scotch&reg; ATG 700 offre precisione e velocit\u00e0 per applicazioni industriali. Ideale per nastri biadesivi sottili, \u00e8 la soluzione perfetta per migliorare l'efficienza del tuo lavoro.","long_description":"<p>L'Applicatore pneumatico per nastro adesivo transfer Scotch&reg; ATG 700 \u00e8 progettato per soddisfare le esigenze di applicazione di adesivi e nastri industriali in modo rapido ed efficiente. Questo innovativo strumento \u00e8 particolarmente indicato per l'uso con nastri biadesivi sottili, garantendo un'adesione impeccabile su diverse superfici. Grazie alla sua tecnologia avanzata, l'ATG 700 consente di applicare il nastro in modo uniforme e preciso, riducendo al minimo gli sprechi e ottimizzando i tempi di lavoro. La sua facilit\u00e0 d'uso lo rende ideale per operatori di qualsiasi livello, dalla piccola impresa all'industria su larga scala. Con un design ergonomico e leggero, l'applicatore offre comfort durante l'uso prolungato, mentre il sistema pneumatico assicura una pressione costante per risultati professionali. Inoltre, la possibilit\u00e0 di regolare la velocit\u00e0 di applicazione permette di adattarsi a ogni tipo di progetto, garantendo sempre un'ottima finitura. Scegliere l'Applicatore pneumatico Scotch&reg; ATG 700 significa investire in uno strumento di alta qualit\u00e0, che non solo migliora l'efficienza operativa, ma offre anche una versatilit\u00e0 senza pari nel settore degli adesivi e nastri industriali. Non perdere l'opportunit\u00e0 di elevare il tuo processo produttivo con un prodotto all'avanguardia, progettato per durare nel tempo e garantire prestazioni eccellenti in ogni occasione.<\/p>","feature_1":"Applicazione pneumatica per massima precisione e velocit\u00e0","feature_2":"Compatibile con nastri biadesivi sottili per una versatilit\u00e0 ottimale","feature_3":"Regolazione della velocit\u00e0 di applicazione per adattarsi a diversi progetti","feature_4":"Design ergonomico per un comfort d'uso prolungato","feature_5":"Riduzione degli sprechi grazie all'applicazione uniforme del nastro","feature_6":"Facile da usare, adatto a operatori di tutti i livelli","feature_7":"Sistema di alimentazione automatico per una maggiore efficienza","feature_8":"Struttura leggera e maneggevole per un trasporto semplice","feature_9":"Compatibile con una vasta gamma di adesivi e nastri industriali","feature_10":"Durabilit\u00e0 e affidabilit\u00e0 garantite da un marchio di fiducia come Scotch&reg;"},"_links":{"self":[{"href":"https:\/\/finatsrl.it\/de\/wp-json\/wp\/v2\/product\/10522","targetHints":{"allow":["GET"]}}],"collection":[{"href":"https:\/\/finatsrl.it\/de\/wp-json\/wp\/v2\/product"}],"about":[{"href":"https:\/\/finatsrl.it\/de\/wp-json\/wp\/v2\/types\/product"}],"wp:featuredmedia":[{"embeddable":true,"href":"https:\/\/finatsrl.it\/de\/wp-json\/wp\/v2\/media\/8221"}],"wp:attachment":[{"href":"https:\/\/finatsrl.it\/de\/wp-json\/wp\/v2\/media?parent=10522"}],"wp:term":[{"taxonomy":"product_brand","embeddable":true,"href":"https:\/\/finatsrl.it\/de\/wp-json\/wp\/v2\/product_brand?post=10522"},{"taxonomy":"product_cat","embeddable":true,"href":"https:\/\/finatsrl.it\/de\/wp-json\/wp\/v2\/product_cat?post=10522"},{"taxonomy":"product_tag","embeddable":true,"href":"https:\/\/finatsrl.it\/de\/wp-json\/wp\/v2\/product_tag?post=10522"}],"curies":[{"name":"wp","href":"https:\/\/api.w.org\/{rel}","templated":true}]}}