{"id":10422,"date":"2025-01-27T15:42:15","date_gmt":"2025-01-27T14:42:15","guid":{"rendered":"https:\/\/finatnew.newhosting.intellijam.com\/prodotto\/sistema-di-fissaggio-richiudibile-3m-sj352d\/"},"modified":"2025-11-26T12:03:43","modified_gmt":"2025-11-26T11:03:43","slug":"sistema-di-fissaggio-richiudibile-3m-sj352d","status":"publish","type":"product","link":"https:\/\/finatsrl.it\/de\/product\/sistema-di-fissaggio-richiudibile-3m-sj352d\/","title":{"rendered":"Sistema di fissaggio richiudibile 3M SJ352D"},"content":{"rendered":"<div class=\"product-bullet-block\">\n<div class=\"bullet n1\">Tenuta affidabile per attacchi leggeri<\/div>\n<div class=\"bullet n2\">Migliaia di aperture e chiusure senza perdere resistenza alla trazione<\/div>\n<div class=\"bullet n3\">Supporto adesivo rapido e ottima resistenza al taglio<\/div>\n<div class=\"bullet n4\">Presenta una buona resistenza al calore fino a temperature di 49 \u00b0C<\/div>\n<div class=\"bullet n5\">Pi\u00f9 adatto ad uso interno<\/div>\n<div class=\"bullet n6\"><\/div>\n<div class=\"bullet n7\"><\/div>\n<\/div>\n<div class=\"product-description-block\">\n<div class=\"short\">Il dispositivo di fissaggio richiudibile 3M SJ352D, da un lato hook e dall&#8217;altro loop, per aperture e chiusure sicure e ripetute. Il supporto adesivo sensibile alla pressione si lega bene a una variet\u00e0 di materie plastiche, metallo nudo e verniciato a polvere, vetro, legno sigillato, carta e cartone.<\/div>\n<div class=\"extended\">Alternativa a una vasta gamma di metodi di attacco richiudibili, inclusi cerniere, viti, bottoni automatici, ganci e altro.<\/div>\n<\/div>\n","protected":false},"excerpt":{"rendered":"<p>Il dispositivo di fissaggio richiudibile 3M SJ352D, da un lato hook e dall&#8217;altro loop, per aperture e chiusure sicure e ripetute. Il supporto adesivo sensibile alla pressione si lega bene a una variet\u00e0 di materie plastiche, metallo nudo e verniciato a polvere, vetro, legno sigillato, carta e cartone.<\/p>\n","protected":false},"featured_media":8157,"template":"","meta":{"_acf_changed":false},"product_brand":[3337],"product_cat":[29,1036],"product_tag":[1452,1450],"class_list":{"0":"post-10422","1":"product","2":"type-product","3":"status-publish","4":"has-post-thumbnail","6":"product_brand-3m","7":"product_cat-adesivi-e-nastri-industriali","8":"product_cat-sistemi-di-fissaggio-richiudibili","9":"product_tag-riaccessibile","10":"product_tag-richiudibile","11":"pa_colore-nero","13":"first","14":"instock","15":"product-type-simple"},"acf":{"short_description":"Il sistema di fissaggio richiudibile 3M SJ352D offre un'aderenza eccezionale e una facile installazione per svariate applicazioni industriali. Ideale per chi cerca qualit\u00e0 e versatilit\u00e0.","long_description":"<p>Il sistema di fissaggio richiudibile 3M SJ352D \u00e8 la soluzione perfetta per chi cerca un'adesione affidabile e duratura in ambito industriale. Questo prodotto, realizzato da 3M, \u00e8 progettato per garantire prestazioni elevate in una vasta gamma di applicazioni, rendendolo un must-have per professionisti e aziende. Grazie alla sua tecnologia innovativa, il sistema SJ352D offre la possibilit\u00e0 di fissare e rimuovere facilmente gli oggetti, senza compromettere la qualit\u00e0 dell'adesione.<\/p>\n<p>Le dimensioni generose di questo sistema, con una larghezza di 25 mm e una lunghezza di 25 m, lo rendono estremamente versatile, adatto alla personalizzazione in base alle esigenze specifiche del cliente. La forza di adesione \u00e8 ottimale su superfici sia lisce che ruvide, assicurando che i materiali restino saldamente in posizione nel tempo.<\/p>\n<p>Inoltre, il sistema di fissaggio richiudibile \u00e8 resistente agli agenti atmosferici e agli sbalzi di temperatura, garantendo cos\u00ec un'ottima performance anche in ambienti difficili. Questo lo rende ideale per applicazioni sia interne che esterne.<\/p>\n<p>Grazie alla sua facilit\u00e0 di utilizzo, il sistema SJ352D riduce i tempi di installazione, aumentando l'efficienza operativa. \u00c8 perfetto per settori come l'edilizia, la produzione e l'automotive, dove la qualit\u00e0 e l'affidabilit\u00e0 sono fondamentali. Scegli il sistema di fissaggio richiudibile 3M SJ352D per migliorare le tue operazioni industriali e scoprire un nuovo standard di prestazioni adesive.<\/p>","feature_1":"Adesione forte e duratura su diverse superfici","feature_2":"Facilit\u00e0 di installazione e rimozione","feature_3":"Resistente agli agenti atmosferici","feature_4":"Ottimale per applicazioni interne ed esterne","feature_5":"Dimensioni generose di 25 mm x 25 m","feature_6":"Tecnologia di chiusura richiudibile per flessibilit\u00e0","feature_7":"Compatibilit\u00e0 con materiali lisci e ruvidi","feature_8":"Riduzione dei tempi di installazione","feature_9":"Ideale per settori industriali e commerciali","feature_10":"Elevata resistenza agli sbalzi di temperatura"},"_links":{"self":[{"href":"https:\/\/finatsrl.it\/de\/wp-json\/wp\/v2\/product\/10422","targetHints":{"allow":["GET"]}}],"collection":[{"href":"https:\/\/finatsrl.it\/de\/wp-json\/wp\/v2\/product"}],"about":[{"href":"https:\/\/finatsrl.it\/de\/wp-json\/wp\/v2\/types\/product"}],"wp:featuredmedia":[{"embeddable":true,"href":"https:\/\/finatsrl.it\/de\/wp-json\/wp\/v2\/media\/8157"}],"wp:attachment":[{"href":"https:\/\/finatsrl.it\/de\/wp-json\/wp\/v2\/media?parent=10422"}],"wp:term":[{"taxonomy":"product_brand","embeddable":true,"href":"https:\/\/finatsrl.it\/de\/wp-json\/wp\/v2\/product_brand?post=10422"},{"taxonomy":"product_cat","embeddable":true,"href":"https:\/\/finatsrl.it\/de\/wp-json\/wp\/v2\/product_cat?post=10422"},{"taxonomy":"product_tag","embeddable":true,"href":"https:\/\/finatsrl.it\/de\/wp-json\/wp\/v2\/product_tag?post=10422"}],"curies":[{"name":"wp","href":"https:\/\/api.w.org\/{rel}","templated":true}]}}